{"id":4882,"date":"2024-04-01T11:38:48","date_gmt":"2024-04-01T11:38:48","guid":{"rendered":"https:\/\/testsite.lotus-villa.com\/our-rooms\/"},"modified":"2024-06-04T09:23:22","modified_gmt":"2024-06-04T09:23:22","slug":"our-rooms","status":"publish","type":"page","link":"https:\/\/lotus-villa.com\/de\/our-rooms\/","title":{"rendered":"UNSERE\u00a0ZIMMER"},"content":{"rendered":"\t\t<div data-elementor-type=\"wp-page\" data-elementor-id=\"4882\" class=\"elementor elementor-4882 elementor-3669\">\n\t\t\t\t<div data-particle_enable=\"false\" data-particle-mobile-disabled=\"false\" class=\"elementor-element elementor-element-af7c9dd e-flex e-con-boxed e-con e-parent\" data-id=\"af7c9dd\" data-element_type=\"container\" data-e-type=\"container\">\n\t\t\t\t\t<div class=\"e-con-inner\">\n\t\t<div data-particle_enable=\"false\" data-particle-mobile-disabled=\"false\" class=\"elementor-element elementor-element-7c532a0 e-con-full e-flex e-con e-child\" data-id=\"7c532a0\" data-element_type=\"container\" data-e-type=\"container\">\n\t\t\t\t<div class=\"elementor-element elementor-element-3d5bfbb elementor-widget elementor-widget-text-editor\" data-id=\"3d5bfbb\" data-element_type=\"widget\" data-e-type=\"widget\" data-widget_type=\"text-editor.default\">\n\t\t\t\t<div class=\"elementor-widget-container\">\n\t\t\t\t\t\t\t\t\tIhr Wohlbefinden w\u00e4hrend des Aufenthaltes in der Lotus Villa h\u00e4ngt nicht zuletzt vom Ambiente der Zimmer ab, die Ihnen als ganz pers\u00f6nlicher R\u00fcckzugsort zwischen den Behandlungen und in der Nacht dienen. Wir haben deshalb gr\u00f6\u00dften Wert auf eine gem\u00fctliche und komfortable Ausstattung gelegt.\nAlle Zimmer liegen ebenerdig und sind damit bequem zu erreichen. 13 von ihnen bieten direkten Blick aufs Meer, drei sind auf der Gartenseite, und drei haben mit Verbindungst\u00fcr einen Suiten-\u00e4hnlichen Charakter und sind in erster Linie f\u00fcr Familien mit Kindern gedacht.\t\t\t\t\t\t\t\t<\/div>\n\t\t\t\t<\/div>\n\t\t\t\t<\/div>\n\t\t<div data-particle_enable=\"false\" data-particle-mobile-disabled=\"false\" class=\"elementor-element elementor-element-78cbc3c e-con-full e-flex e-con e-child\" data-id=\"78cbc3c\" data-element_type=\"container\" data-e-type=\"container\">\n\t\t\t\t<div class=\"elementor-element elementor-element-e8eb4d9 elementor-widget elementor-widget-image\" data-id=\"e8eb4d9\" data-element_type=\"widget\" data-e-type=\"widget\" data-widget_type=\"image.default\">\n\t\t\t\t<div class=\"elementor-widget-container\">\n\t\t\t\t\t\t\t\t\t\t\t\t\t\t\t<img fetchpriority=\"high\" decoding=\"async\" width=\"830\" height=\"553\" src=\"https:\/\/lotus-villa.com\/wp-content\/uploads\/2024\/04\/2.webp\" class=\"attachment-large size-large wp-image-3679\" alt=\"\" srcset=\"https:\/\/lotus-villa.com\/wp-content\/uploads\/2024\/04\/2.webp 830w, https:\/\/lotus-villa.com\/wp-content\/uploads\/2024\/04\/2-300x200.webp 300w, https:\/\/lotus-villa.com\/wp-content\/uploads\/2024\/04\/2-768x512.webp 768w\" sizes=\"(max-width: 830px) 100vw, 830px\" \/>\t\t\t\t\t\t\t\t\t\t\t\t\t\t\t<\/div>\n\t\t\t\t<\/div>\n\t\t\t\t<\/div>\n\t\t\t\t\t<\/div>\n\t\t\t\t<\/div>\n\t\t<div data-particle_enable=\"false\" data-particle-mobile-disabled=\"false\" class=\"elementor-element elementor-element-c92e741 e-flex e-con-boxed e-con e-parent\" data-id=\"c92e741\" data-element_type=\"container\" data-e-type=\"container\">\n\t\t\t\t\t<div class=\"e-con-inner\">\n\t\t<div data-particle_enable=\"false\" data-particle-mobile-disabled=\"false\" class=\"elementor-element elementor-element-27774a3 e-con-full e-flex e-con e-child\" data-id=\"27774a3\" data-element_type=\"container\" data-e-type=\"container\">\n\t\t\t\t<div class=\"elementor-element elementor-element-24af4d0 elementor-widget elementor-widget-image\" data-id=\"24af4d0\" data-element_type=\"widget\" data-e-type=\"widget\" data-widget_type=\"image.default\">\n\t\t\t\t<div class=\"elementor-widget-container\">\n\t\t\t\t\t\t\t\t\t\t\t\t\t\t\t<img decoding=\"async\" width=\"830\" height=\"553\" src=\"https:\/\/lotus-villa.com\/wp-content\/uploads\/2024\/04\/13.webp\" class=\"attachment-large size-large wp-image-3904\" alt=\"\" srcset=\"https:\/\/lotus-villa.com\/wp-content\/uploads\/2024\/04\/13.webp 830w, https:\/\/lotus-villa.com\/wp-content\/uploads\/2024\/04\/13-300x200.webp 300w, https:\/\/lotus-villa.com\/wp-content\/uploads\/2024\/04\/13-768x512.webp 768w\" sizes=\"(max-width: 830px) 100vw, 830px\" \/>\t\t\t\t\t\t\t\t\t\t\t\t\t\t\t<\/div>\n\t\t\t\t<\/div>\n\t\t\t\t<\/div>\n\t\t<div data-particle_enable=\"false\" data-particle-mobile-disabled=\"false\" class=\"elementor-element elementor-element-b83edec e-con-full e-flex e-con e-child\" data-id=\"b83edec\" data-element_type=\"container\" data-e-type=\"container\">\n\t\t\t\t<div class=\"elementor-element elementor-element-80093de elementor-widget elementor-widget-text-editor\" data-id=\"80093de\" data-element_type=\"widget\" data-e-type=\"widget\" data-widget_type=\"text-editor.default\">\n\t\t\t\t<div class=\"elementor-widget-container\">\n\t\t\t\t\t\t\t\t\tIn allen Zimmer geh\u00f6ren ein Deckenventilator, ein gro\u00dfes Moskitonetz \u00fcber dem Bett, dass Ihre Bewegungsfreiheit nicht beeintr\u00e4chtigt, WLAN und ein Alarmknopf mit Verbindung zu den rund um die Uhr besetzten Managementr\u00e4umen zur Ausstattung. Bettw\u00e4sche und Handt\u00fccher werden mindestens t\u00e4glich, bisweilen auch mehrmals am Tag, gewechselt und in unserer hauseigenen W\u00e4scherei gereinigt, damit die \u00d6lbehandlungen keine Spuren hinterlassen.\nWas Sie in unseren Zimmern nicht finden ist eine Klimaanlage, da die offenen Hautporen eine wichtige Rolle bei den Behandlungen spielen und nicht durch die k\u00fcnstliche K\u00e4lte geschlossen werden sollen. Und weil wir meinen, dass Ruhe ein ganz entscheidender Faktor f\u00fcr Ihre Erholung ist, verzichten wir in den Zimmern auch auf K\u00fchlschr\u00e4nke, Fernsehen und Telefon.\t\t\t\t\t\t\t\t<\/div>\n\t\t\t\t<\/div>\n\t\t\t\t<\/div>\n\t\t\t\t\t<\/div>\n\t\t\t\t<\/div>\n\t\t<div data-particle_enable=\"false\" data-particle-mobile-disabled=\"false\" class=\"elementor-element elementor-element-54d26a7 e-flex e-con-boxed e-con e-parent\" data-id=\"54d26a7\" data-element_type=\"container\" data-e-type=\"container\">\n\t\t\t\t\t<div class=\"e-con-inner\">\n\t\t<div data-particle_enable=\"false\" data-particle-mobile-disabled=\"false\" class=\"elementor-element elementor-element-e88b6c1 e-con-full e-flex e-con e-child\" data-id=\"e88b6c1\" data-element_type=\"container\" data-e-type=\"container\">\n\t\t\t\t<div class=\"elementor-element elementor-element-af894a2 elementor-widget elementor-widget-text-editor\" data-id=\"af894a2\" data-element_type=\"widget\" data-e-type=\"widget\" data-widget_type=\"text-editor.default\">\n\t\t\t\t<div class=\"elementor-widget-container\">\n\t\t\t\t\t\t\t\t\tDas Wasser, das aus Hahn und Dusche im Badezimmer l\u00e4uft, k\u00f6nnen Sie unbedenklich trinken \u2013 es wird in unserer hauseigenen Anlage aufbereitet und entspricht in seiner Sauberkeit absolut den deutschen Standards. Unsere Hei\u00dfwasserversorgung funktioniert \u00fcbrigens \u00fcberwiegend mit einer eigenen Solaranlage.\nDrei unserer Zimmer haben wir speziell f\u00fcr Rollstuhlfahrer eingerichtet, die dort unter anderem h\u00f6henverstellbare Toiletten und einen Sitz in der Dusche vorfinden. Nat\u00fcrlich sind auch alle \u00f6ffentlichen R\u00e4ume in der Lotus Villa ebenerdig bzw. mit Rampen ausgestattet, so dass Rollstuhlfahrer dort problemlos Zutritt haben.\t\t\t\t\t\t\t\t<\/div>\n\t\t\t\t<\/div>\n\t\t\t\t<\/div>\n\t\t<div data-particle_enable=\"false\" data-particle-mobile-disabled=\"false\" class=\"elementor-element elementor-element-b37edfe e-con-full e-flex e-con e-child\" data-id=\"b37edfe\" data-element_type=\"container\" data-e-type=\"container\">\n\t\t\t\t<div class=\"elementor-element elementor-element-3479ee5 elementor-widget elementor-widget-image\" data-id=\"3479ee5\" data-element_type=\"widget\" data-e-type=\"widget\" data-widget_type=\"image.default\">\n\t\t\t\t<div class=\"elementor-widget-container\">\n\t\t\t\t\t\t\t\t\t\t\t\t\t\t\t<img decoding=\"async\" width=\"830\" height=\"553\" src=\"https:\/\/lotus-villa.com\/wp-content\/uploads\/2024\/04\/IMG_2498.webp\" class=\"attachment-large size-large wp-image-3907\" alt=\"\" srcset=\"https:\/\/lotus-villa.com\/wp-content\/uploads\/2024\/04\/IMG_2498.webp 830w, https:\/\/lotus-villa.com\/wp-content\/uploads\/2024\/04\/IMG_2498-300x200.webp 300w, https:\/\/lotus-villa.com\/wp-content\/uploads\/2024\/04\/IMG_2498-768x512.webp 768w\" sizes=\"(max-width: 830px) 100vw, 830px\" \/>\t\t\t\t\t\t\t\t\t\t\t\t\t\t\t<\/div>\n\t\t\t\t<\/div>\n\t\t\t\t<\/div>\n\t\t\t\t\t<\/div>\n\t\t\t\t<\/div>\n\t\t\t\t<\/div>\n\t\t","protected":false},"excerpt":{"rendered":"<p>Ihr Wohlbefinden w\u00e4hrend des Aufenthaltes in der Lotus Villa h\u00e4ngt nicht zuletzt vom Ambiente der Zimmer ab, die Ihnen als [&hellip;]<\/p>\n","protected":false},"author":1,"featured_media":3672,"parent":0,"menu_order":0,"comment_status":"closed","ping_status":"closed","template":"","meta":{"site-sidebar-layout":"no-sidebar","site-content-layout":"","ast-site-content-layout":"full-width-container","site-content-style":"default","site-sidebar-style":"default","ast-global-header-display":"","ast-banner-title-visibility":"","ast-main-header-display":"","ast-hfb-above-header-display":"","ast-hfb-below-header-display":"","ast-hfb-mobile-header-display":"","site-post-title":"disabled","ast-breadcrumbs-content":"","ast-featured-img":"disabled","footer-sml-layout":"","ast-disable-related-posts":"","theme-transparent-header-meta":"","adv-header-id-meta":"","stick-header-meta":"","header-above-stick-meta":"","header-main-stick-meta":"","header-below-stick-meta":"","astra-migrate-meta-layouts":"default","ast-page-background-enabled":"default","ast-page-background-meta":{"desktop":{"background-color":"var(--ast-global-color-4)","background-image":"","background-repeat":"repeat","background-position":"center center","background-size":"auto","background-attachment":"scroll","background-type":"","background-media":"","overlay-type":"","overlay-color":"","overlay-opacity":"","overlay-gradient":""},"tablet":{"background-color":"","background-image":"","background-repeat":"repeat","background-position":"center center","background-size":"auto","background-attachment":"scroll","background-type":"","background-media":"","overlay-type":"","overlay-color":"","overlay-opacity":"","overlay-gradient":""},"mobile":{"background-color":"","background-image":"","background-repeat":"repeat","background-position":"center center","background-size":"auto","background-attachment":"scroll","background-type":"","background-media":"","overlay-type":"","overlay-color":"","overlay-opacity":"","overlay-gradient":""}},"ast-content-background-meta":{"desktop":{"background-color":"var(--ast-global-color-5)","background-image":"","background-repeat":"repeat","background-position":"center center","background-size":"auto","background-attachment":"scroll","background-type":"","background-media":"","overlay-type":"","overlay-color":"","overlay-opacity":"","overlay-gradient":""},"tablet":{"background-color":"var(--ast-global-color-5)","background-image":"","background-repeat":"repeat","background-position":"center center","background-size":"auto","background-attachment":"scroll","background-type":"","background-media":"","overlay-type":"","overlay-color":"","overlay-opacity":"","overlay-gradient":""},"mobile":{"background-color":"var(--ast-global-color-5)","background-image":"","background-repeat":"repeat","background-position":"center center","background-size":"auto","background-attachment":"scroll","background-type":"","background-media":"","overlay-type":"","overlay-color":"","overlay-opacity":"","overlay-gradient":""}},"ngg_post_thumbnail":0,"footnotes":""},"class_list":["post-4882","page","type-page","status-publish","has-post-thumbnail","hentry"],"aioseo_notices":[],"_links":{"self":[{"href":"https:\/\/lotus-villa.com\/de\/wp-json\/wp\/v2\/pages\/4882","targetHints":{"allow":["GET"]}}],"collection":[{"href":"https:\/\/lotus-villa.com\/de\/wp-json\/wp\/v2\/pages"}],"about":[{"href":"https:\/\/lotus-villa.com\/de\/wp-json\/wp\/v2\/types\/page"}],"author":[{"embeddable":true,"href":"https:\/\/lotus-villa.com\/de\/wp-json\/wp\/v2\/users\/1"}],"replies":[{"embeddable":true,"href":"https:\/\/lotus-villa.com\/de\/wp-json\/wp\/v2\/comments?post=4882"}],"version-history":[{"count":5,"href":"https:\/\/lotus-villa.com\/de\/wp-json\/wp\/v2\/pages\/4882\/revisions"}],"predecessor-version":[{"id":5073,"href":"https:\/\/lotus-villa.com\/de\/wp-json\/wp\/v2\/pages\/4882\/revisions\/5073"}],"wp:featuredmedia":[{"embeddable":true,"href":"https:\/\/lotus-villa.com\/de\/wp-json\/wp\/v2\/media\/3672"}],"wp:attachment":[{"href":"https:\/\/lotus-villa.com\/de\/wp-json\/wp\/v2\/media?parent=4882"}],"curies":[{"name":"wp","href":"https:\/\/api.w.org\/{rel}","templated":true}]}}