{"id":4884,"date":"2024-04-02T07:12:50","date_gmt":"2024-04-02T07:12:50","guid":{"rendered":"https:\/\/testsite.lotus-villa.com\/special-guests\/"},"modified":"2024-06-04T09:29:53","modified_gmt":"2024-06-04T09:29:53","slug":"special-guests","status":"publish","type":"page","link":"https:\/\/lotus-villa.com\/de\/special-guests\/","title":{"rendered":"BESONDERE\u00a0G\u00c4STEGRUPPEN"},"content":{"rendered":"\t\t<div data-elementor-type=\"wp-page\" data-elementor-id=\"4884\" class=\"elementor elementor-4884 elementor-3779\">\n\t\t\t\t<div data-particle_enable=\"false\" data-particle-mobile-disabled=\"false\" class=\"elementor-element elementor-element-c1fac1b e-flex e-con-boxed e-con e-parent\" data-id=\"c1fac1b\" data-element_type=\"container\" data-e-type=\"container\">\n\t\t\t\t\t<div class=\"e-con-inner\">\n\t\t<div data-particle_enable=\"false\" data-particle-mobile-disabled=\"false\" class=\"elementor-element elementor-element-4b43569 e-flex e-con-boxed e-con e-child\" data-id=\"4b43569\" data-element_type=\"container\" data-e-type=\"container\">\n\t\t\t\t\t<div class=\"e-con-inner\">\n\t\t<div data-particle_enable=\"false\" data-particle-mobile-disabled=\"false\" class=\"elementor-element elementor-element-90660e6 e-flex e-con-boxed e-con e-child\" data-id=\"90660e6\" data-element_type=\"container\" data-e-type=\"container\">\n\t\t\t\t\t<div class=\"e-con-inner\">\n\t\t\t\t<div class=\"elementor-element elementor-element-63c14b7 elementor-widget elementor-widget-heading\" data-id=\"63c14b7\" data-element_type=\"widget\" data-e-type=\"widget\" data-widget_type=\"heading.default\">\n\t\t\t\t<div class=\"elementor-widget-container\">\n\t\t\t\t\t<h4 class=\"elementor-heading-title elementor-size-default\">Familien mit Kindern<\/h4>\t\t\t\t<\/div>\n\t\t\t\t<\/div>\n\t\t\t\t<div class=\"elementor-element elementor-element-7edaaf1 elementor-widget elementor-widget-text-editor\" data-id=\"7edaaf1\" data-element_type=\"widget\" data-e-type=\"widget\" data-widget_type=\"text-editor.default\">\n\t\t\t\t<div class=\"elementor-widget-container\">\n\t\t\t\t\t\t\t\t\t<p>Zu den Erkenntnissen der Ayurvedamedizin geh\u00f6rt, dass die Heilung von Patienten deutlich schneller voranschreitet, wenn sie von ihren meistgeliebten Menschen umgeben sind. Allein schon aus diesem Grund, sind Kinder in der Lotus Villa von Herzen willkommen. Ab einem Alter von zw\u00f6lf Jahren k\u00f6nnen sie am regul\u00e4ren Behandlungszyklus der Erwachsenen teilnehmen, kleinere Kinder werden in Absprache mit unseren \u00c4rzten behandelt, wenn sie krank zu uns kommen.<br \/>Unser Personal ist \u00fcberaus kinderfreundlich und beaufsichtigt die Kleinen gerne, w\u00e4hrend die Eltern Behandlung sind, und dar\u00fcber hinaus. Unabh\u00e4ngig davon kann f\u00fcr die Zeit des Aufenthaltes auch eine durchgehende Kinderbetreuung zum familienfreundlichen Preis mitgebucht werden.<br \/>In unseren Familienzimmern mit Verbindungst\u00fcr steht selbstverst\u00e4ndlich auch eine kindgerechte Ausstattung zur Verf\u00fcgung, Gleiches gilt f\u00fcr das Restaurant. Wenn Kinder im Pool planschen, werden sie von unseren Bademeistern beaufsichtigt.<br \/>Wollen Sie Ihren Kleinen Gelegenheit geben, mit einheimischen Kindern in Kontakt zu kommen? Dann schicken Sie sie doch einfach in die Schule! Das Peter Huber College, das vom Gr\u00fcnder der Lotus Villa f\u00fcr den Nachwuchs der vielen Angestellten ins Leben gerufen wurde und heute als Schulzentrum die ganze Region versorgt, nimmt gerne Gastkinder auf, und der Kontakt kommt nach unserer Erfahrung ganz schnell \u00fcber alle Sprachprobleme hinweg in Gang.<\/p>\t\t\t\t\t\t\t\t<\/div>\n\t\t\t\t<\/div>\n\t\t\t\t\t<\/div>\n\t\t\t\t<\/div>\n\t\t<div data-particle_enable=\"false\" data-particle-mobile-disabled=\"false\" class=\"elementor-element elementor-element-802aa7c e-flex e-con-boxed e-con e-child\" data-id=\"802aa7c\" data-element_type=\"container\" data-e-type=\"container\">\n\t\t\t\t\t<div class=\"e-con-inner\">\n\t\t\t\t<div class=\"elementor-element elementor-element-7c7b70f elementor-widget elementor-widget-image\" data-id=\"7c7b70f\" data-element_type=\"widget\" data-e-type=\"widget\" data-widget_type=\"image.default\">\n\t\t\t\t<div class=\"elementor-widget-container\">\n\t\t\t\t\t\t\t\t\t\t\t\t\t\t\t<img fetchpriority=\"high\" decoding=\"async\" width=\"830\" height=\"553\" src=\"https:\/\/lotus-villa.com\/wp-content\/uploads\/2024\/04\/2-1.webp\" class=\"attachment-large size-large wp-image-3789\" alt=\"\" srcset=\"https:\/\/lotus-villa.com\/wp-content\/uploads\/2024\/04\/2-1.webp 830w, https:\/\/lotus-villa.com\/wp-content\/uploads\/2024\/04\/2-1-300x200.webp 300w, https:\/\/lotus-villa.com\/wp-content\/uploads\/2024\/04\/2-1-768x512.webp 768w\" sizes=\"(max-width: 830px) 100vw, 830px\" \/>\t\t\t\t\t\t\t\t\t\t\t\t\t\t\t<\/div>\n\t\t\t\t<\/div>\n\t\t\t\t\t<\/div>\n\t\t\t\t<\/div>\n\t\t\t\t\t<\/div>\n\t\t\t\t<\/div>\n\t\t<div data-particle_enable=\"false\" data-particle-mobile-disabled=\"false\" class=\"elementor-element elementor-element-f428821 e-flex e-con-boxed e-con e-child\" data-id=\"f428821\" data-element_type=\"container\" data-e-type=\"container\">\n\t\t\t\t\t<div class=\"e-con-inner\">\n\t\t<div data-particle_enable=\"false\" data-particle-mobile-disabled=\"false\" class=\"elementor-element elementor-element-4ad2138 e-flex e-con-boxed e-con e-child\" data-id=\"4ad2138\" data-element_type=\"container\" data-e-type=\"container\">\n\t\t\t\t\t<div class=\"e-con-inner\">\n\t\t\t\t<div class=\"elementor-element elementor-element-894afc6 elementor-widget elementor-widget-image\" data-id=\"894afc6\" data-element_type=\"widget\" data-e-type=\"widget\" data-widget_type=\"image.default\">\n\t\t\t\t<div class=\"elementor-widget-container\">\n\t\t\t\t\t\t\t\t\t\t\t\t\t\t\t<img decoding=\"async\" width=\"830\" height=\"553\" src=\"https:\/\/lotus-villa.com\/wp-content\/uploads\/2024\/04\/1-1.webp\" class=\"attachment-large size-large wp-image-3801\" alt=\"\" srcset=\"https:\/\/lotus-villa.com\/wp-content\/uploads\/2024\/04\/1-1.webp 830w, https:\/\/lotus-villa.com\/wp-content\/uploads\/2024\/04\/1-1-300x200.webp 300w, https:\/\/lotus-villa.com\/wp-content\/uploads\/2024\/04\/1-1-768x512.webp 768w\" sizes=\"(max-width: 830px) 100vw, 830px\" \/>\t\t\t\t\t\t\t\t\t\t\t\t\t\t\t<\/div>\n\t\t\t\t<\/div>\n\t\t\t\t\t<\/div>\n\t\t\t\t<\/div>\n\t\t<div data-particle_enable=\"false\" data-particle-mobile-disabled=\"false\" class=\"elementor-element elementor-element-7d47877 e-flex e-con-boxed e-con e-child\" data-id=\"7d47877\" data-element_type=\"container\" data-e-type=\"container\">\n\t\t\t\t\t<div class=\"e-con-inner\">\n\t\t\t\t<div class=\"elementor-element elementor-element-df056d9 elementor-widget elementor-widget-heading\" data-id=\"df056d9\" data-element_type=\"widget\" data-e-type=\"widget\" data-widget_type=\"heading.default\">\n\t\t\t\t<div class=\"elementor-widget-container\">\n\t\t\t\t\t<h4 class=\"elementor-heading-title elementor-size-default\">Alleinreisende<\/h4>\t\t\t\t<\/div>\n\t\t\t\t<\/div>\n\t\t\t\t<div class=\"elementor-element elementor-element-442b15a elementor-widget elementor-widget-text-editor\" data-id=\"442b15a\" data-element_type=\"widget\" data-e-type=\"widget\" data-widget_type=\"text-editor.default\">\n\t\t\t\t<div class=\"elementor-widget-container\">\n\t\t\t\t\t\t\t\t\tDie Mehrzahl der Lotus Villa-G\u00e4ste kommt alleine. Sollten Sie irgendwelche Bedenken haben (speziell als Frau) die weite Reise in ein fremdes Land ohne Begleitung anzutreten, dann l\u00f6sen sich diese bei uns schnell in nichts auf. An den gro\u00dfen Tischen im Restaurant ergeben sich schon in den ersten Stunden nette Kontakte, Frauenfeindlichkeit ist in dem \u00fcberwiegend buddhistischen Land so gut wie unbekannt, und wenn Sie dennoch Angst haben, allein zum Beispiel an den Strand oder in den n\u00e4chsten Ort zu gehen, dann begleiten wir sie gerne. Fazit: Das Fehlen der passenden Begleitung ist absolut kein Grund, auf einen Aufenthalt in der Lotus Villa zu verzichten.\t\t\t\t\t\t\t\t<\/div>\n\t\t\t\t<\/div>\n\t\t\t\t\t<\/div>\n\t\t\t\t<\/div>\n\t\t\t\t\t<\/div>\n\t\t\t\t<\/div>\n\t\t<div data-particle_enable=\"false\" data-particle-mobile-disabled=\"false\" class=\"elementor-element elementor-element-29c6ca2 e-flex e-con-boxed e-con e-child\" data-id=\"29c6ca2\" data-element_type=\"container\" data-e-type=\"container\">\n\t\t\t\t\t<div class=\"e-con-inner\">\n\t\t<div data-particle_enable=\"false\" data-particle-mobile-disabled=\"false\" class=\"elementor-element elementor-element-87e9753 e-flex e-con-boxed e-con e-child\" data-id=\"87e9753\" data-element_type=\"container\" data-e-type=\"container\">\n\t\t\t\t\t<div class=\"e-con-inner\">\n\t\t\t\t<div class=\"elementor-element elementor-element-4b1deac elementor-widget elementor-widget-heading\" data-id=\"4b1deac\" data-element_type=\"widget\" data-e-type=\"widget\" data-widget_type=\"heading.default\">\n\t\t\t\t<div class=\"elementor-widget-container\">\n\t\t\t\t\t<h4 class=\"elementor-heading-title elementor-size-default\">Rollstuhlfahrer<\/h4>\t\t\t\t<\/div>\n\t\t\t\t<\/div>\n\t\t\t\t<div class=\"elementor-element elementor-element-f016a07 elementor-widget elementor-widget-text-editor\" data-id=\"f016a07\" data-element_type=\"widget\" data-e-type=\"widget\" data-widget_type=\"text-editor.default\">\n\t\t\t\t<div class=\"elementor-widget-container\">\n\t\t\t\t\t\t\t\t\tUnsere komplett ebenerdige Anlage mit speziell eingerichteten Zimmern und breiten T\u00fcren ist in jeder Hinsicht f\u00fcr Rollstuhlfahrer eingerichtet und auf diese G\u00e4stegruppe vorbereitet. Auch unser Personal ist den Umgang mit Rollst\u00fchlen gewohnt und steht Ihnen in jeder Situation gerne bei. F\u00fcr Notf\u00e4lle oder wenn Hilfe ben\u00f6tigt wird, gibt es in jedem Zimmer einen Alarmknopf, bei dessen Bet\u00e4tigung in k\u00fcrzester Zeit eine unserer Mitarbeiter zu Ihnen kommt.\t\t\t\t\t\t\t\t<\/div>\n\t\t\t\t<\/div>\n\t\t\t\t\t<\/div>\n\t\t\t\t<\/div>\n\t\t<div data-particle_enable=\"false\" data-particle-mobile-disabled=\"false\" class=\"elementor-element elementor-element-b2d4722 e-flex e-con-boxed e-con e-child\" data-id=\"b2d4722\" data-element_type=\"container\" data-e-type=\"container\">\n\t\t\t\t\t<div class=\"e-con-inner\">\n\t\t\t\t<div class=\"elementor-element elementor-element-abaace6 elementor-widget elementor-widget-image\" data-id=\"abaace6\" data-element_type=\"widget\" data-e-type=\"widget\" data-widget_type=\"image.default\">\n\t\t\t\t<div class=\"elementor-widget-container\">\n\t\t\t\t\t\t\t\t\t\t\t\t\t\t\t<img decoding=\"async\" width=\"830\" height=\"508\" src=\"https:\/\/lotus-villa.com\/wp-content\/uploads\/2024\/04\/3.webp\" class=\"attachment-large size-large wp-image-3804\" alt=\"\" srcset=\"https:\/\/lotus-villa.com\/wp-content\/uploads\/2024\/04\/3.webp 830w, https:\/\/lotus-villa.com\/wp-content\/uploads\/2024\/04\/3-300x184.webp 300w, https:\/\/lotus-villa.com\/wp-content\/uploads\/2024\/04\/3-768x470.webp 768w\" sizes=\"(max-width: 830px) 100vw, 830px\" \/>\t\t\t\t\t\t\t\t\t\t\t\t\t\t\t<\/div>\n\t\t\t\t<\/div>\n\t\t\t\t\t<\/div>\n\t\t\t\t<\/div>\n\t\t\t\t\t<\/div>\n\t\t\t\t<\/div>\n\t\t\t\t\t<\/div>\n\t\t\t\t<\/div>\n\t\t\t\t<\/div>\n\t\t","protected":false},"excerpt":{"rendered":"<p>Familien mit Kindern Zu den Erkenntnissen der Ayurvedamedizin geh\u00f6rt, dass die Heilung von Patienten deutlich schneller voranschreitet, wenn sie von [&hellip;]<\/p>\n","protected":false},"author":1,"featured_media":3814,"parent":0,"menu_order":0,"comment_status":"closed","ping_status":"closed","template":"","meta":{"site-sidebar-layout":"no-sidebar","site-content-layout":"","ast-site-content-layout":"full-width-container","site-content-style":"default","site-sidebar-style":"default","ast-global-header-display":"","ast-banner-title-visibility":"","ast-main-header-display":"","ast-hfb-above-header-display":"","ast-hfb-below-header-display":"","ast-hfb-mobile-header-display":"","site-post-title":"disabled","ast-breadcrumbs-content":"","ast-featured-img":"disabled","footer-sml-layout":"","ast-disable-related-posts":"","theme-transparent-header-meta":"","adv-header-id-meta":"","stick-header-meta":"","header-above-stick-meta":"","header-main-stick-meta":"","header-below-stick-meta":"","astra-migrate-meta-layouts":"default","ast-page-background-enabled":"default","ast-page-background-meta":{"desktop":{"background-color":"var(--ast-global-color-4)","background-image":"","background-repeat":"repeat","background-position":"center center","background-size":"auto","background-attachment":"scroll","background-type":"","background-media":"","overlay-type":"","overlay-color":"","overlay-opacity":"","overlay-gradient":""},"tablet":{"background-color":"","background-image":"","background-repeat":"repeat","background-position":"center center","background-size":"auto","background-attachment":"scroll","background-type":"","background-media":"","overlay-type":"","overlay-color":"","overlay-opacity":"","overlay-gradient":""},"mobile":{"background-color":"","background-image":"","background-repeat":"repeat","background-position":"center center","background-size":"auto","background-attachment":"scroll","background-type":"","background-media":"","overlay-type":"","overlay-color":"","overlay-opacity":"","overlay-gradient":""}},"ast-content-background-meta":{"desktop":{"background-color":"var(--ast-global-color-5)","background-image":"","background-repeat":"repeat","background-position":"center center","background-size":"auto","background-attachment":"scroll","background-type":"","background-media":"","overlay-type":"","overlay-color":"","overlay-opacity":"","overlay-gradient":""},"tablet":{"background-color":"var(--ast-global-color-5)","background-image":"","background-repeat":"repeat","background-position":"center center","background-size":"auto","background-attachment":"scroll","background-type":"","background-media":"","overlay-type":"","overlay-color":"","overlay-opacity":"","overlay-gradient":""},"mobile":{"background-color":"var(--ast-global-color-5)","background-image":"","background-repeat":"repeat","background-position":"center center","background-size":"auto","background-attachment":"scroll","background-type":"","background-media":"","overlay-type":"","overlay-color":"","overlay-opacity":"","overlay-gradient":""}},"ngg_post_thumbnail":0,"footnotes":""},"class_list":["post-4884","page","type-page","status-publish","has-post-thumbnail","hentry"],"aioseo_notices":[],"_links":{"self":[{"href":"https:\/\/lotus-villa.com\/de\/wp-json\/wp\/v2\/pages\/4884","targetHints":{"allow":["GET"]}}],"collection":[{"href":"https:\/\/lotus-villa.com\/de\/wp-json\/wp\/v2\/pages"}],"about":[{"href":"https:\/\/lotus-villa.com\/de\/wp-json\/wp\/v2\/types\/page"}],"author":[{"embeddable":true,"href":"https:\/\/lotus-villa.com\/de\/wp-json\/wp\/v2\/users\/1"}],"replies":[{"embeddable":true,"href":"https:\/\/lotus-villa.com\/de\/wp-json\/wp\/v2\/comments?post=4884"}],"version-history":[{"count":5,"href":"https:\/\/lotus-villa.com\/de\/wp-json\/wp\/v2\/pages\/4884\/revisions"}],"predecessor-version":[{"id":5079,"href":"https:\/\/lotus-villa.com\/de\/wp-json\/wp\/v2\/pages\/4884\/revisions\/5079"}],"wp:featuredmedia":[{"embeddable":true,"href":"https:\/\/lotus-villa.com\/de\/wp-json\/wp\/v2\/media\/3814"}],"wp:attachment":[{"href":"https:\/\/lotus-villa.com\/de\/wp-json\/wp\/v2\/media?parent=4884"}],"curies":[{"name":"wp","href":"https:\/\/api.w.org\/{rel}","templated":true}]}}