{"id":4888,"date":"2024-04-01T07:31:14","date_gmt":"2024-04-01T07:31:14","guid":{"rendered":"https:\/\/testsite.lotus-villa.com\/history-of-lotus-villa\/"},"modified":"2024-06-04T09:30:04","modified_gmt":"2024-06-04T09:30:04","slug":"history-of-lotus-villa","status":"publish","type":"page","link":"https:\/\/lotus-villa.com\/de\/history-of-lotus-villa\/","title":{"rendered":"DIE LOTUS VILLA\u00a0EINST UND JETZT"},"content":{"rendered":"\t\t<div data-elementor-type=\"wp-page\" data-elementor-id=\"4888\" class=\"elementor elementor-4888 elementor-3636\">\n\t\t\t\t<div data-particle_enable=\"false\" data-particle-mobile-disabled=\"false\" class=\"elementor-element elementor-element-f94d4be e-flex e-con-boxed e-con e-parent\" data-id=\"f94d4be\" data-element_type=\"container\" data-e-type=\"container\">\n\t\t\t\t\t<div class=\"e-con-inner\">\n\t\t<div data-particle_enable=\"false\" data-particle-mobile-disabled=\"false\" class=\"elementor-element elementor-element-dea9e9f e-con-full e-flex e-con e-child\" data-id=\"dea9e9f\" data-element_type=\"container\" data-e-type=\"container\">\n\t\t\t\t<div class=\"elementor-element elementor-element-6162265 elementor-widget elementor-widget-image\" data-id=\"6162265\" data-element_type=\"widget\" data-e-type=\"widget\" data-widget_type=\"image.default\">\n\t\t\t\t<div class=\"elementor-widget-container\">\n\t\t\t\t\t\t\t\t\t\t\t\t\t\t\t<img fetchpriority=\"high\" decoding=\"async\" width=\"553\" height=\"830\" src=\"https:\/\/lotus-villa.com\/wp-content\/uploads\/2024\/04\/DPP_0003-1.webp\" class=\"attachment-large size-large wp-image-3656\" alt=\"\" srcset=\"https:\/\/lotus-villa.com\/wp-content\/uploads\/2024\/04\/DPP_0003-1.webp 553w, https:\/\/lotus-villa.com\/wp-content\/uploads\/2024\/04\/DPP_0003-1-200x300.webp 200w\" sizes=\"(max-width: 553px) 100vw, 553px\" \/>\t\t\t\t\t\t\t\t\t\t\t\t\t\t\t<\/div>\n\t\t\t\t<\/div>\n\t\t\t\t<\/div>\n\t\t<div data-particle_enable=\"false\" data-particle-mobile-disabled=\"false\" class=\"elementor-element elementor-element-7a3e0b5 e-con-full e-flex e-con e-child\" data-id=\"7a3e0b5\" data-element_type=\"container\" data-e-type=\"container\">\n\t\t\t\t<div class=\"elementor-element elementor-element-3570a45 elementor-widget elementor-widget-text-editor\" data-id=\"3570a45\" data-element_type=\"widget\" data-e-type=\"widget\" data-widget_type=\"text-editor.default\">\n\t\t\t\t<div class=\"elementor-widget-container\">\n\t\t\t\t\t\t\t\t\t<p>Die Lotus Villa steht in einem weitl\u00e4ufigen tropischen Garten mit zahlreichen Kokospalmen und tropischen Pflanzen im S\u00fcdwesten von Sri Lanka an einem der sch\u00f6nsten kilometerlangen Sandstr\u00e4nde des Indischen Ozeans. Wenn Sie uns auf der Karte suchen: Der Ort, zu dem die Anlage geh\u00f6rt, hei\u00dft Ahungalla. Vom internationalen Flughafen Colombo ist er 125 km entfernt. Das Anwesen wurde 1982 zun\u00e4chst als Privatresidenz und G\u00e4stehaus des \u00d6sterreichers Peter Huber erbaut und ein paar Jahre sp\u00e4ter erweitert und offiziell als Hotel angemeldet. Es umfasste damals zw\u00f6lf Zimmer sowie ein Restaurant, das mit \u00f6sterreichischen Spezialit\u00e4ten wie Wiener Schnitzel und Kaiserschmarrn einen legend\u00e4ren Ruf im ganzen Land genoss.<\/p><p>1992 besch\u00e4ftigte sich Peter Huber intensiv mit Ayurveda und war von den heilsamen Kr\u00e4ften dieser Naturmedizin so beeindruckt, dass er begann, das Anwesen als Ayurveda Resort umzugestalten. Seit 1994 fungierte die Lotus Villa dann ausschlie\u00dflich als Ayurveda Gesundheitszentrum.<\/p><p>Kurz darauf, im Jahr 1997, erlitt Peter Huber kurz hintereinander zwei Schlaganf\u00e4lle, lie\u00df sich von \u00c4rzten und Therapeuten in der Lotus Villa behandeln und erlebte buchst\u00e4blich am eigenen Leib die heilsame Wirkung von Ayurveda. Zu seiner gro\u00dfen Freude erhielt das Haus 1998 die Anerkennung der Regierung von Sri Lanka als Ayurveda Hospital. \u2013 Heute bieten zahlreiche Hotels und Gesundheitszentren im ganzen Land ayurvedische Behandlungen an, aber nur eine Hand voll von ihnen erf\u00e4hrt nach strenger Pr\u00fcfung diese Anerkennung durch die oberste Gesundheitsbeh\u00f6rde des Landes.<\/p><p>Aktuell umfasst die Lotus Villa 19 ebenerdige Zimmer, ein Restaurant und ein gro\u00dfes Behandlungszentrum. Nach dem Tod von Peter Huber haben seine Ehefrau und sein Sohn die Leitung des Hauses \u00fcbernommen und sorgen mit gro\u00dfer Empathie und einem Team ausgezeichneter Spezialisten daf\u00fcr, dass seine Idee weitergetragen wird: Ayurveda zielt nicht auf die Auswirkungen einer Krankheit, sondern auf ihre Ursachen. Die Atmosph\u00e4re, die der Patient bei der Behandlung vorfindet, spielt dabei eine entscheidende Rolle. Das wunderbare Team der Lotus Villa (viele Mitarbeiter sind dort bereits seit Jahrzehnten t\u00e4tig) und die einmalige Atmosph\u00e4re in dem herrlichen Anwesen, wo nur das Rauschen des Ozeans zu h\u00f6ren ist, schaffen daf\u00fcr die idealen Voraussetzungen.<\/p>\t\t\t\t\t\t\t\t<\/div>\n\t\t\t\t<\/div>\n\t\t\t\t<\/div>\n\t\t\t\t\t<\/div>\n\t\t\t\t<\/div>\n\t\t\t\t<\/div>\n\t\t","protected":false},"excerpt":{"rendered":"<p>Die Lotus Villa steht in einem weitl\u00e4ufigen tropischen Garten mit zahlreichen Kokospalmen und tropischen Pflanzen im S\u00fcdwesten von Sri Lanka [&hellip;]<\/p>\n","protected":false},"author":1,"featured_media":3640,"parent":0,"menu_order":0,"comment_status":"closed","ping_status":"closed","template":"","meta":{"site-sidebar-layout":"no-sidebar","site-content-layout":"","ast-site-content-layout":"full-width-container","site-content-style":"default","site-sidebar-style":"default","ast-global-header-display":"","ast-banner-title-visibility":"","ast-main-header-display":"","ast-hfb-above-header-display":"","ast-hfb-below-header-display":"","ast-hfb-mobile-header-display":"","site-post-title":"disabled","ast-breadcrumbs-content":"","ast-featured-img":"disabled","footer-sml-layout":"","ast-disable-related-posts":"","theme-transparent-header-meta":"","adv-header-id-meta":"3638","stick-header-meta":"","header-above-stick-meta":"","header-main-stick-meta":"","header-below-stick-meta":"","astra-migrate-meta-layouts":"default","ast-page-background-enabled":"default","ast-page-background-meta":{"desktop":{"background-color":"var(--ast-global-color-4)","background-image":"","background-repeat":"repeat","background-position":"center center","background-size":"auto","background-attachment":"scroll","background-type":"","background-media":"","overlay-type":"","overlay-color":"","overlay-opacity":"","overlay-gradient":""},"tablet":{"background-color":"","background-image":"","background-repeat":"repeat","background-position":"center center","background-size":"auto","background-attachment":"scroll","background-type":"","background-media":"","overlay-type":"","overlay-color":"","overlay-opacity":"","overlay-gradient":""},"mobile":{"background-color":"","background-image":"","background-repeat":"repeat","background-position":"center center","background-size":"auto","background-attachment":"scroll","background-type":"","background-media":"","overlay-type":"","overlay-color":"","overlay-opacity":"","overlay-gradient":""}},"ast-content-background-meta":{"desktop":{"background-color":"var(--ast-global-color-5)","background-image":"","background-repeat":"repeat","background-position":"center center","background-size":"auto","background-attachment":"scroll","background-type":"","background-media":"","overlay-type":"","overlay-color":"","overlay-opacity":"","overlay-gradient":""},"tablet":{"background-color":"var(--ast-global-color-5)","background-image":"","background-repeat":"repeat","background-position":"center center","background-size":"auto","background-attachment":"scroll","background-type":"","background-media":"","overlay-type":"","overlay-color":"","overlay-opacity":"","overlay-gradient":""},"mobile":{"background-color":"var(--ast-global-color-5)","background-image":"","background-repeat":"repeat","background-position":"center center","background-size":"auto","background-attachment":"scroll","background-type":"","background-media":"","overlay-type":"","overlay-color":"","overlay-opacity":"","overlay-gradient":""}},"ngg_post_thumbnail":0,"footnotes":""},"class_list":["post-4888","page","type-page","status-publish","has-post-thumbnail","hentry"],"aioseo_notices":[],"_links":{"self":[{"href":"https:\/\/lotus-villa.com\/de\/wp-json\/wp\/v2\/pages\/4888","targetHints":{"allow":["GET"]}}],"collection":[{"href":"https:\/\/lotus-villa.com\/de\/wp-json\/wp\/v2\/pages"}],"about":[{"href":"https:\/\/lotus-villa.com\/de\/wp-json\/wp\/v2\/types\/page"}],"author":[{"embeddable":true,"href":"https:\/\/lotus-villa.com\/de\/wp-json\/wp\/v2\/users\/1"}],"replies":[{"embeddable":true,"href":"https:\/\/lotus-villa.com\/de\/wp-json\/wp\/v2\/comments?post=4888"}],"version-history":[{"count":5,"href":"https:\/\/lotus-villa.com\/de\/wp-json\/wp\/v2\/pages\/4888\/revisions"}],"predecessor-version":[{"id":5080,"href":"https:\/\/lotus-villa.com\/de\/wp-json\/wp\/v2\/pages\/4888\/revisions\/5080"}],"wp:featuredmedia":[{"embeddable":true,"href":"https:\/\/lotus-villa.com\/de\/wp-json\/wp\/v2\/media\/3640"}],"wp:attachment":[{"href":"https:\/\/lotus-villa.com\/de\/wp-json\/wp\/v2\/media?parent=4888"}],"curies":[{"name":"wp","href":"https:\/\/api.w.org\/{rel}","templated":true}]}}