{"id":5056,"date":"2024-04-03T11:39:29","date_gmt":"2024-04-03T11:39:29","guid":{"rendered":"https:\/\/testsite.lotus-villa.com\/summer-special\/"},"modified":"2025-10-20T11:21:39","modified_gmt":"2025-10-20T11:21:39","slug":"summer-special","status":"publish","type":"page","link":"https:\/\/lotus-villa.com\/de\/summer-special\/","title":{"rendered":"SPEZIALS"},"content":{"rendered":"\t\t<div data-elementor-type=\"wp-page\" data-elementor-id=\"5056\" class=\"elementor elementor-5056 elementor-4086\">\n\t\t\t\t<div data-particle_enable=\"false\" data-particle-mobile-disabled=\"false\" class=\"elementor-element elementor-element-91d10f6 e-flex e-con-boxed e-con e-parent\" data-id=\"91d10f6\" data-element_type=\"container\" data-e-type=\"container\">\n\t\t\t\t\t<div class=\"e-con-inner\">\n\t\t<div data-particle_enable=\"false\" data-particle-mobile-disabled=\"false\" class=\"elementor-element elementor-element-15db1c0 e-flex e-con-boxed e-con e-child\" data-id=\"15db1c0\" data-element_type=\"container\" data-e-type=\"container\" data-settings=\"{&quot;background_background&quot;:&quot;classic&quot;}\">\n\t\t\t\t\t<div class=\"e-con-inner\">\n\t\t\t\t<div class=\"elementor-element elementor-element-a73091c elementor-widget elementor-widget-heading\" data-id=\"a73091c\" data-element_type=\"widget\" data-e-type=\"widget\" data-widget_type=\"heading.default\">\n\t\t\t\t<div class=\"elementor-widget-container\">\n\t\t\t\t\t<h4 class=\"elementor-heading-title elementor-size-default\">Zahlen f\u00fcr 12 tage und 14 tagen bleiben<\/h4>\t\t\t\t<\/div>\n\t\t\t\t<\/div>\n\t\t\t\t<div class=\"elementor-element elementor-element-06adbc4 elementor-widget elementor-widget-text-editor\" data-id=\"06adbc4\" data-element_type=\"widget\" data-e-type=\"widget\" data-widget_type=\"text-editor.default\">\n\t\t\t\t<div class=\"elementor-widget-container\">\n\t\t\t\t\t\t\t\t\tEs ist eine gro\u00dfartige Gelegenheit, die sommerferien. Zu einem guten Preis Zu machen. Unsere gesch\u00e4tzten Kunden die mit begrenzter zeit haben die M\u00f6glichkeit, 14 tage Zu bleiben, nachtdem sie die zahlung f\u00fcr 12 tage mit dem Ayurveda-Pr\u00e4vention-Paket geleistes haben.\t\t\t\t\t\t\t\t<\/div>\n\t\t\t\t<\/div>\n\t\t\t\t<div class=\"elementor-element elementor-element-54a0cfb elementor-widget elementor-widget-heading\" data-id=\"54a0cfb\" data-element_type=\"widget\" data-e-type=\"widget\" data-widget_type=\"heading.default\">\n\t\t\t\t<div class=\"elementor-widget-container\">\n\t\t\t\t\t<h4 class=\"elementor-heading-title elementor-size-default\">(Vom 01. Mai 2026 bis zum 30. September 2026)<\/h4>\t\t\t\t<\/div>\n\t\t\t\t<\/div>\n\t\t\t\t\t<\/div>\n\t\t\t\t<\/div>\n\t\t\t\t\t<\/div>\n\t\t\t\t<\/div>\n\t\t<div data-particle_enable=\"false\" data-particle-mobile-disabled=\"false\" class=\"elementor-element elementor-element-c1fac1b e-flex e-con-boxed e-con e-parent\" data-id=\"c1fac1b\" data-element_type=\"container\" data-e-type=\"container\">\n\t\t\t\t\t<div class=\"e-con-inner\">\n\t\t<div data-particle_enable=\"false\" data-particle-mobile-disabled=\"false\" class=\"elementor-element elementor-element-4b43569 e-flex e-con-boxed e-con e-child\" data-id=\"4b43569\" data-element_type=\"container\" data-e-type=\"container\">\n\t\t\t\t\t<div class=\"e-con-inner\">\n\t\t<div data-particle_enable=\"false\" data-particle-mobile-disabled=\"false\" class=\"elementor-element elementor-element-90660e6 e-flex e-con-boxed e-con e-child\" data-id=\"90660e6\" data-element_type=\"container\" data-e-type=\"container\">\n\t\t\t\t\t<div class=\"e-con-inner\">\n\t\t\t\t<div class=\"elementor-element elementor-element-c55c9c1 elementor-widget elementor-widget-text-editor\" data-id=\"c55c9c1\" data-element_type=\"widget\" data-e-type=\"widget\" data-widget_type=\"text-editor.default\">\n\t\t\t\t<div class=\"elementor-widget-container\">\n\t\t\t\t\t\t\t\t\t<p style=\"font-weight: 400;\">F\u00fcr alle, die jetzt gleich ausrechnen wollen, wie g\u00fcnstig ein Kuraufenthalt in der Lotus Villa ist, hier noch einmal unsere attraktiven Nebensaison-Preise:<\/p><p style=\"font-weight: 400;\">Ayu-P EZ 175 \u20ac\/p.P. DZ 155 \u20ac p.P.<br \/>Ayu-R EZ 202 \u20ac\/p.P. DZ 182 \u20ac p.P.<\/p><p style=\"font-weight: 400;\">* Gesch\u00e4ftsbedingungen gelten<\/p>\t\t\t\t\t\t\t\t<\/div>\n\t\t\t\t<\/div>\n\t\t\t\t\t<\/div>\n\t\t\t\t<\/div>\n\t\t<div data-particle_enable=\"false\" data-particle-mobile-disabled=\"false\" class=\"elementor-element elementor-element-802aa7c e-flex e-con-boxed e-con e-child\" data-id=\"802aa7c\" data-element_type=\"container\" data-e-type=\"container\">\n\t\t\t\t\t<div class=\"e-con-inner\">\n\t\t\t\t<div class=\"elementor-element elementor-element-3bfeec0 elementor-widget elementor-widget-heading\" data-id=\"3bfeec0\" data-element_type=\"widget\" data-e-type=\"widget\" data-widget_type=\"heading.default\">\n\t\t\t\t<div class=\"elementor-widget-container\">\n\t\t\t\t\t<h4 class=\"elementor-heading-title elementor-size-default\">Nebensaison- Sonderpreise<\/h4>\t\t\t\t<\/div>\n\t\t\t\t<\/div>\n\t\t\t\t<div class=\"elementor-element elementor-element-7c7b70f elementor-widget elementor-widget-image\" data-id=\"7c7b70f\" data-element_type=\"widget\" data-e-type=\"widget\" data-widget_type=\"image.default\">\n\t\t\t\t<div class=\"elementor-widget-container\">\n\t\t\t\t\t\t\t\t\t\t\t\t\t\t\t<img fetchpriority=\"high\" decoding=\"async\" width=\"830\" height=\"553\" src=\"https:\/\/lotus-villa.com\/wp-content\/uploads\/2024\/04\/DPP_00151-4.webp\" class=\"attachment-large size-large wp-image-3729\" alt=\"\" srcset=\"https:\/\/lotus-villa.com\/wp-content\/uploads\/2024\/04\/DPP_00151-4.webp 830w, https:\/\/lotus-villa.com\/wp-content\/uploads\/2024\/04\/DPP_00151-4-300x200.webp 300w, https:\/\/lotus-villa.com\/wp-content\/uploads\/2024\/04\/DPP_00151-4-768x512.webp 768w\" sizes=\"(max-width: 830px) 100vw, 830px\" \/>\t\t\t\t\t\t\t\t\t\t\t\t\t\t\t<\/div>\n\t\t\t\t<\/div>\n\t\t\t\t\t<\/div>\n\t\t\t\t<\/div>\n\t\t\t\t\t<\/div>\n\t\t\t\t<\/div>\n\t\t\t\t\t<\/div>\n\t\t\t\t<\/div>\n\t\t\t\t<\/div>\n\t\t","protected":false},"excerpt":{"rendered":"<p>Zahlen f\u00fcr 12 tage und 14 tagen bleiben Es ist eine gro\u00dfartige Gelegenheit, die sommerferien. Zu einem guten Preis Zu [&hellip;]<\/p>\n","protected":false},"author":1,"featured_media":4089,"parent":0,"menu_order":0,"comment_status":"closed","ping_status":"closed","template":"","meta":{"site-sidebar-layout":"no-sidebar","site-content-layout":"","ast-site-content-layout":"full-width-container","site-content-style":"default","site-sidebar-style":"default","ast-global-header-display":"","ast-banner-title-visibility":"","ast-main-header-display":"","ast-hfb-above-header-display":"","ast-hfb-below-header-display":"","ast-hfb-mobile-header-display":"","site-post-title":"disabled","ast-breadcrumbs-content":"","ast-featured-img":"disabled","footer-sml-layout":"","ast-disable-related-posts":"","theme-transparent-header-meta":"","adv-header-id-meta":"","stick-header-meta":"","header-above-stick-meta":"","header-main-stick-meta":"","header-below-stick-meta":"","astra-migrate-meta-layouts":"default","ast-page-background-enabled":"default","ast-page-background-meta":{"desktop":{"background-color":"var(--ast-global-color-4)","background-image":"","background-repeat":"repeat","background-position":"center center","background-size":"auto","background-attachment":"scroll","background-type":"","background-media":"","overlay-type":"","overlay-color":"","overlay-opacity":"","overlay-gradient":""},"tablet":{"background-color":"","background-image":"","background-repeat":"repeat","background-position":"center center","background-size":"auto","background-attachment":"scroll","background-type":"","background-media":"","overlay-type":"","overlay-color":"","overlay-opacity":"","overlay-gradient":""},"mobile":{"background-color":"","background-image":"","background-repeat":"repeat","background-position":"center center","background-size":"auto","background-attachment":"scroll","background-type":"","background-media":"","overlay-type":"","overlay-color":"","overlay-opacity":"","overlay-gradient":""}},"ast-content-background-meta":{"desktop":{"background-color":"var(--ast-global-color-5)","background-image":"","background-repeat":"repeat","background-position":"center center","background-size":"auto","background-attachment":"scroll","background-type":"","background-media":"","overlay-type":"","overlay-color":"","overlay-opacity":"","overlay-gradient":""},"tablet":{"background-color":"var(--ast-global-color-5)","background-image":"","background-repeat":"repeat","background-position":"center center","background-size":"auto","background-attachment":"scroll","background-type":"","background-media":"","overlay-type":"","overlay-color":"","overlay-opacity":"","overlay-gradient":""},"mobile":{"background-color":"var(--ast-global-color-5)","background-image":"","background-repeat":"repeat","background-position":"center center","background-size":"auto","background-attachment":"scroll","background-type":"","background-media":"","overlay-type":"","overlay-color":"","overlay-opacity":"","overlay-gradient":""}},"ngg_post_thumbnail":0,"footnotes":""},"class_list":["post-5056","page","type-page","status-publish","has-post-thumbnail","hentry"],"aioseo_notices":[],"_links":{"self":[{"href":"https:\/\/lotus-villa.com\/de\/wp-json\/wp\/v2\/pages\/5056","targetHints":{"allow":["GET"]}}],"collection":[{"href":"https:\/\/lotus-villa.com\/de\/wp-json\/wp\/v2\/pages"}],"about":[{"href":"https:\/\/lotus-villa.com\/de\/wp-json\/wp\/v2\/types\/page"}],"author":[{"embeddable":true,"href":"https:\/\/lotus-villa.com\/de\/wp-json\/wp\/v2\/users\/1"}],"replies":[{"embeddable":true,"href":"https:\/\/lotus-villa.com\/de\/wp-json\/wp\/v2\/comments?post=5056"}],"version-history":[{"count":10,"href":"https:\/\/lotus-villa.com\/de\/wp-json\/wp\/v2\/pages\/5056\/revisions"}],"predecessor-version":[{"id":5811,"href":"https:\/\/lotus-villa.com\/de\/wp-json\/wp\/v2\/pages\/5056\/revisions\/5811"}],"wp:featuredmedia":[{"embeddable":true,"href":"https:\/\/lotus-villa.com\/de\/wp-json\/wp\/v2\/media\/4089"}],"wp:attachment":[{"href":"https:\/\/lotus-villa.com\/de\/wp-json\/wp\/v2\/media?parent=5056"}],"curies":[{"name":"wp","href":"https:\/\/api.w.org\/{rel}","templated":true}]}}