{"id":5061,"date":"2024-04-10T05:11:03","date_gmt":"2024-04-10T05:11:03","guid":{"rendered":"https:\/\/testsite.lotus-villa.com\/special-for-women\/"},"modified":"2024-06-25T09:48:14","modified_gmt":"2024-06-25T09:48:14","slug":"speziell-fuer-frauen","status":"publish","type":"page","link":"https:\/\/lotus-villa.com\/de\/speziell-fuer-frauen\/","title":{"rendered":"SPEZIELL F\u00dcR FRAUEN"},"content":{"rendered":"\t\t<div data-elementor-type=\"wp-page\" data-elementor-id=\"5061\" class=\"elementor elementor-5061 elementor-4270\">\n\t\t\t\t<div data-particle_enable=\"false\" data-particle-mobile-disabled=\"false\" class=\"elementor-element elementor-element-578506f e-flex e-con-boxed e-con e-parent\" data-id=\"578506f\" data-element_type=\"container\" data-e-type=\"container\">\n\t\t\t\t\t<div class=\"e-con-inner\">\n\t\t\t\t<div class=\"elementor-element elementor-element-25f8353 elementor-widget elementor-widget-heading\" data-id=\"25f8353\" data-element_type=\"widget\" data-e-type=\"widget\" data-widget_type=\"heading.default\">\n\t\t\t\t<div class=\"elementor-widget-container\">\n\t\t\t\t\t<h4 class=\"elementor-heading-title elementor-size-default\">SPEZIELL F\u00dcR FRAUEN<\/h4>\t\t\t\t<\/div>\n\t\t\t\t<\/div>\n\t\t<div data-particle_enable=\"false\" data-particle-mobile-disabled=\"false\" class=\"elementor-element elementor-element-7e2a450 e-flex e-con-boxed e-con e-child\" data-id=\"7e2a450\" data-element_type=\"container\" data-e-type=\"container\">\n\t\t\t\t\t<div class=\"e-con-inner\">\n\t\t<div data-particle_enable=\"false\" data-particle-mobile-disabled=\"false\" class=\"elementor-element elementor-element-fb61056 e-flex e-con-boxed e-con e-child\" data-id=\"fb61056\" data-element_type=\"container\" data-e-type=\"container\">\n\t\t\t\t\t<div class=\"e-con-inner\">\n\t\t\t\t<div class=\"elementor-element elementor-element-46a2bdc elementor-widget elementor-widget-text-editor\" data-id=\"46a2bdc\" data-element_type=\"widget\" data-e-type=\"widget\" data-widget_type=\"text-editor.default\">\n\t\t\t\t<div class=\"elementor-widget-container\">\n\t\t\t\t\t\t\t\t\t<p>Liebe Freunde (oder heute besser: Liebe Freundinnen) der Lotus Villa,<br \/><br \/>zwischen dem Management, den \u00c4rzt*innen und den Therapeut*innen der Lotus Villa gibt es regelm\u00e4\u00dfige Gespr\u00e4che, in denen wir uns \u00fcberlegen, wie wir das medizinische Angebot unseres Hauses noch weiter verbessern und den Bed\u00fcrfnissen unserer G\u00e4ste anpassen k\u00f6nnen. Ein Ergebnis daraus war in j\u00fcngster Zeit die Tatsache, dass die ayurvedischen Medizin zwar durchaus die besondere Rolle der Frau und die daraus resultierenden Bed\u00fcrfnisse ber\u00fccksichtigt, dass wir aber diesen wichtigen Teil unseres therapeutischen Angebotes bisher vielleicht zu wenig kommuniziert haben. Das wollen wir hiermit \u00e4ndern und Ihnen einige Details erkl\u00e4ren, die speziell f\u00fcr die Damen unter unseren G\u00e4sten wichtig sind.<\/p><p>Die besondere Rolle der Frauen sowohl in der Gesellschaft als auch in ihrer K\u00f6rperlichkeit spielt im Ayurveda eine wichtige Rolle. \u201eShakti\u201c, \u201eStri\u201c und \u201eDhatri\u201c sind nur einige Synonyme, mit der in der ayurvedischen Terminologie die Bedeutung der Weiblichkeit in den verschiedenen Phasen des Lebens beschrieben wird. Ihre Aufgaben als Mutter, als Quelle des Lebens und als Keimzelle der Sch\u00f6pfung und der gesamten Zivilisation sind elementar, machen sie aber auch anf\u00e4llig f\u00fcr gesundheitliche Probleme, auf die das Ayurveda besondere Aufmerksamkeit richtet.<\/p>\t\t\t\t\t\t\t\t<\/div>\n\t\t\t\t<\/div>\n\t\t\t\t\t<\/div>\n\t\t\t\t<\/div>\n\t\t<div data-particle_enable=\"false\" data-particle-mobile-disabled=\"false\" class=\"elementor-element elementor-element-f0c73c9 e-flex e-con-boxed e-con e-child\" data-id=\"f0c73c9\" data-element_type=\"container\" data-e-type=\"container\">\n\t\t\t\t\t<div class=\"e-con-inner\">\n\t\t\t\t<div class=\"elementor-element elementor-element-1de818a elementor-widget elementor-widget-image\" data-id=\"1de818a\" data-element_type=\"widget\" data-e-type=\"widget\" data-widget_type=\"image.default\">\n\t\t\t\t<div class=\"elementor-widget-container\">\n\t\t\t\t\t\t\t\t\t\t\t\t\t\t\t<img fetchpriority=\"high\" decoding=\"async\" width=\"768\" height=\"512\" src=\"https:\/\/lotus-villa.com\/wp-content\/uploads\/2024\/04\/image-01-768x512-1.webp\" class=\"attachment-large size-large wp-image-4273\" alt=\"\" srcset=\"https:\/\/lotus-villa.com\/wp-content\/uploads\/2024\/04\/image-01-768x512-1.webp 768w, https:\/\/lotus-villa.com\/wp-content\/uploads\/2024\/04\/image-01-768x512-1-300x200.webp 300w\" sizes=\"(max-width: 768px) 100vw, 768px\" \/>\t\t\t\t\t\t\t\t\t\t\t\t\t\t\t<\/div>\n\t\t\t\t<\/div>\n\t\t\t\t\t<\/div>\n\t\t\t\t<\/div>\n\t\t\t\t\t<\/div>\n\t\t\t\t<\/div>\n\t\t<div data-particle_enable=\"false\" data-particle-mobile-disabled=\"false\" class=\"elementor-element elementor-element-c4cb1d6 e-flex e-con-boxed e-con e-child\" data-id=\"c4cb1d6\" data-element_type=\"container\" data-e-type=\"container\">\n\t\t\t\t\t<div class=\"e-con-inner\">\n\t\t<div data-particle_enable=\"false\" data-particle-mobile-disabled=\"false\" class=\"elementor-element elementor-element-4c2daa4 e-flex e-con-boxed e-con e-child\" data-id=\"4c2daa4\" data-element_type=\"container\" data-e-type=\"container\">\n\t\t\t\t\t<div class=\"e-con-inner\">\n\t\t\t\t<div class=\"elementor-element elementor-element-11e3006 elementor-widget elementor-widget-image\" data-id=\"11e3006\" data-element_type=\"widget\" data-e-type=\"widget\" data-widget_type=\"image.default\">\n\t\t\t\t<div class=\"elementor-widget-container\">\n\t\t\t\t\t\t\t\t\t\t\t\t\t\t\t<img decoding=\"async\" width=\"768\" height=\"477\" src=\"https:\/\/lotus-villa.com\/wp-content\/uploads\/2024\/04\/image-02-768x477-1.webp\" class=\"attachment-large size-large wp-image-4276\" alt=\"\" srcset=\"https:\/\/lotus-villa.com\/wp-content\/uploads\/2024\/04\/image-02-768x477-1.webp 768w, https:\/\/lotus-villa.com\/wp-content\/uploads\/2024\/04\/image-02-768x477-1-300x186.webp 300w\" sizes=\"(max-width: 768px) 100vw, 768px\" \/>\t\t\t\t\t\t\t\t\t\t\t\t\t\t\t<\/div>\n\t\t\t\t<\/div>\n\t\t\t\t\t<\/div>\n\t\t\t\t<\/div>\n\t\t<div data-particle_enable=\"false\" data-particle-mobile-disabled=\"false\" class=\"elementor-element elementor-element-80ba62b e-flex e-con-boxed e-con e-child\" data-id=\"80ba62b\" data-element_type=\"container\" data-e-type=\"container\">\n\t\t\t\t\t<div class=\"e-con-inner\">\n\t\t\t\t<div class=\"elementor-element elementor-element-99edebc elementor-widget elementor-widget-text-editor\" data-id=\"99edebc\" data-element_type=\"widget\" data-e-type=\"widget\" data-widget_type=\"text-editor.default\">\n\t\t\t\t<div class=\"elementor-widget-container\">\n\t\t\t\t\t\t\t\t\t<p>Zu den Lebensphasen, die das Ayurveda dabei unterscheidet, geh\u00f6ren der Beginn der Menstruation, Schwangerschaft, Geburt, Wochenbett, Stillzeit und Menopause. In all diesen Phasen sind einzelne weibliche Organe besonders gefordert. St\u00f6rungen sollten dabei fr\u00fchzeitig erkannt und umfassend behandelt werden. Dazu geh\u00f6ren unter anderem<\/p><ul><li>alle Probleme rund um die Menstruation (zeitliche Unregelm\u00e4\u00dfigkeiten, starke Blutungen, Regelschmerzen)<\/li><li>Unfruchtbarkeit<\/li><li>Scheidentrockenheit<\/li><li>vaginale Schmerzen beim Geschlechtsverkehr<\/li><li>Infektionen der Scheide und des Geb\u00e4rmutterhalses<\/li><li>Ovarialzysten und Myome<\/li><li>vorzeitige Menopause<\/li><li>spezielle Beschwerden zu Beginn der Wechseljahre (zum Beispiel Hitzewallungen, \u00fcberm\u00e4\u00dfiges Schwitzen, Schlafst\u00f6rungen, Stimmungsschwankungen, Stoffwechselst\u00f6rungen, \u00fcberm\u00e4\u00dfige Gewichtszunahme, Depressionen, Angstzust\u00e4nde, Libidoverlust, Verlust der Brustf\u00fclle)<\/li><\/ul>\t\t\t\t\t\t\t\t<\/div>\n\t\t\t\t<\/div>\n\t\t\t\t\t<\/div>\n\t\t\t\t<\/div>\n\t\t\t\t\t<\/div>\n\t\t\t\t<\/div>\n\t\t<div data-particle_enable=\"false\" data-particle-mobile-disabled=\"false\" class=\"elementor-element elementor-element-aac5824 e-flex e-con-boxed e-con e-child\" data-id=\"aac5824\" data-element_type=\"container\" data-e-type=\"container\">\n\t\t\t\t\t<div class=\"e-con-inner\">\n\t\t<div data-particle_enable=\"false\" data-particle-mobile-disabled=\"false\" class=\"elementor-element elementor-element-fbc40be e-flex e-con-boxed e-con e-child\" data-id=\"fbc40be\" data-element_type=\"container\" data-e-type=\"container\">\n\t\t\t\t\t<div class=\"e-con-inner\">\n\t\t\t\t<div class=\"elementor-element elementor-element-07c0f56 elementor-widget elementor-widget-text-editor\" data-id=\"07c0f56\" data-element_type=\"widget\" data-e-type=\"widget\" data-widget_type=\"text-editor.default\">\n\t\t\t\t<div class=\"elementor-widget-container\">\n\t\t\t\t\t\t\t\t\t<p>Nat\u00fcrlich k\u00f6nnen und d\u00fcrfen wir Ihnen nicht versprechen, dass all diese Probleme durch ayurvedische Behandlungen gel\u00f6st werden k\u00f6nnen. Aber wir haben viele R\u00fcckmeldungen, dass eine ganze Reihe der oben beschriebenen Beschwerden und Probleme durch unsere speziell daf\u00fcr entwickelten Therapien zumindest gelindert werden.<\/p><p>Die meisten Behandlungen, die daf\u00fcr angewendet werden, kennen Sie bereits, wenn Sie schon einmal bei uns zu Gast waren. Die Entgiftung, die am Beginn jeder Kur steht, geh\u00f6rt ebenso dazu wie der Stressabbau auf allen Ebenen, Kr\u00e4utermedizinen und umfassende Ratschl\u00e4ge, wie Sie durch Umstellungen Ihres Lebens gesundheitlichen Gefahren vorbeugen k\u00f6nnen. Dazu kommen spezielle Arzneien auf Kr\u00e4uterbasis zur internen und externen Anwendung, die nach ausf\u00fchrlicher Diagnose eigens f\u00fcr Sie zubereitet werden, und einige zus\u00e4tzliche Behandlungsformen wie zum Beispiel Sitzb\u00e4der oder spezielle Yoga\u00fcbungen, die den Beckenboden st\u00e4rken und damit insbesondere der Inkontinenz entgegenwirken.<\/p><p>In jedem Fall bitten wir unsere weiblichen G\u00e4ste dringend, schon bei der Eingangsuntersuchung alle oben genannten Probleme umfassend und ohne Scheu unseren \u00c4rztinnen mitzuteilen, damit sie in Ihrem Therapieplan ber\u00fccksichtigt werden. Bei seltenen oder besonders schweren Erkrankungen gibt es dar\u00fcber hinaus die M\u00f6glichkeit, externe Spezialisten der ayurvedischen Frauenheilkunde hinzuzuziehen.<\/p>\t\t\t\t\t\t\t\t<\/div>\n\t\t\t\t<\/div>\n\t\t\t\t\t<\/div>\n\t\t\t\t<\/div>\n\t\t<div data-particle_enable=\"false\" data-particle-mobile-disabled=\"false\" class=\"elementor-element elementor-element-8d4ece6 e-flex e-con-boxed e-con e-child\" data-id=\"8d4ece6\" data-element_type=\"container\" data-e-type=\"container\">\n\t\t\t\t\t<div class=\"e-con-inner\">\n\t\t\t\t<div class=\"elementor-element elementor-element-80e38b4 elementor-widget elementor-widget-image\" data-id=\"80e38b4\" data-element_type=\"widget\" data-e-type=\"widget\" data-widget_type=\"image.default\">\n\t\t\t\t<div class=\"elementor-widget-container\">\n\t\t\t\t\t\t\t\t\t\t\t\t\t\t\t<img decoding=\"async\" width=\"768\" height=\"512\" src=\"https:\/\/lotus-villa.com\/wp-content\/uploads\/2024\/04\/image-03-768x512-1.webp\" class=\"attachment-large size-large wp-image-4279\" alt=\"\" srcset=\"https:\/\/lotus-villa.com\/wp-content\/uploads\/2024\/04\/image-03-768x512-1.webp 768w, https:\/\/lotus-villa.com\/wp-content\/uploads\/2024\/04\/image-03-768x512-1-300x200.webp 300w\" sizes=\"(max-width: 768px) 100vw, 768px\" \/>\t\t\t\t\t\t\t\t\t\t\t\t\t\t\t<\/div>\n\t\t\t\t<\/div>\n\t\t\t\t\t<\/div>\n\t\t\t\t<\/div>\n\t\t\t\t\t<\/div>\n\t\t\t\t<\/div>\n\t\t\t\t\t<\/div>\n\t\t\t\t<\/div>\n\t\t\t\t<\/div>\n\t\t","protected":false},"excerpt":{"rendered":"<p>SPEZIELL F\u00dcR FRAUEN Liebe Freunde (oder heute besser: Liebe Freundinnen) der Lotus Villa, zwischen dem Management, den \u00c4rzt*innen und den [&hellip;]<\/p>\n","protected":false},"author":1,"featured_media":3704,"parent":0,"menu_order":0,"comment_status":"closed","ping_status":"closed","template":"","meta":{"site-sidebar-layout":"no-sidebar","site-content-layout":"","ast-site-content-layout":"full-width-container","site-content-style":"default","site-sidebar-style":"default","ast-global-header-display":"","ast-banner-title-visibility":"","ast-main-header-display":"","ast-hfb-above-header-display":"","ast-hfb-below-header-display":"","ast-hfb-mobile-header-display":"","site-post-title":"disabled","ast-breadcrumbs-content":"","ast-featured-img":"disabled","footer-sml-layout":"","ast-disable-related-posts":"","theme-transparent-header-meta":"","adv-header-id-meta":"","stick-header-meta":"","header-above-stick-meta":"","header-main-stick-meta":"","header-below-stick-meta":"","astra-migrate-meta-layouts":"default","ast-page-background-enabled":"default","ast-page-background-meta":{"desktop":{"background-color":"var(--ast-global-color-4)","background-image":"","background-repeat":"repeat","background-position":"center center","background-size":"auto","background-attachment":"scroll","background-type":"","background-media":"","overlay-type":"","overlay-color":"","overlay-opacity":"","overlay-gradient":""},"tablet":{"background-color":"","background-image":"","background-repeat":"repeat","background-position":"center center","background-size":"auto","background-attachment":"scroll","background-type":"","background-media":"","overlay-type":"","overlay-color":"","overlay-opacity":"","overlay-gradient":""},"mobile":{"background-color":"","background-image":"","background-repeat":"repeat","background-position":"center center","background-size":"auto","background-attachment":"scroll","background-type":"","background-media":"","overlay-type":"","overlay-color":"","overlay-opacity":"","overlay-gradient":""}},"ast-content-background-meta":{"desktop":{"background-color":"var(--ast-global-color-5)","background-image":"","background-repeat":"repeat","background-position":"center center","background-size":"auto","background-attachment":"scroll","background-type":"","background-media":"","overlay-type":"","overlay-color":"","overlay-opacity":"","overlay-gradient":""},"tablet":{"background-color":"var(--ast-global-color-5)","background-image":"","background-repeat":"repeat","background-position":"center center","background-size":"auto","background-attachment":"scroll","background-type":"","background-media":"","overlay-type":"","overlay-color":"","overlay-opacity":"","overlay-gradient":""},"mobile":{"background-color":"var(--ast-global-color-5)","background-image":"","background-repeat":"repeat","background-position":"center center","background-size":"auto","background-attachment":"scroll","background-type":"","background-media":"","overlay-type":"","overlay-color":"","overlay-opacity":"","overlay-gradient":""}},"ngg_post_thumbnail":0,"footnotes":""},"class_list":["post-5061","page","type-page","status-publish","has-post-thumbnail","hentry"],"aioseo_notices":[],"_links":{"self":[{"href":"https:\/\/lotus-villa.com\/de\/wp-json\/wp\/v2\/pages\/5061","targetHints":{"allow":["GET"]}}],"collection":[{"href":"https:\/\/lotus-villa.com\/de\/wp-json\/wp\/v2\/pages"}],"about":[{"href":"https:\/\/lotus-villa.com\/de\/wp-json\/wp\/v2\/types\/page"}],"author":[{"embeddable":true,"href":"https:\/\/lotus-villa.com\/de\/wp-json\/wp\/v2\/users\/1"}],"replies":[{"embeddable":true,"href":"https:\/\/lotus-villa.com\/de\/wp-json\/wp\/v2\/comments?post=5061"}],"version-history":[{"count":5,"href":"https:\/\/lotus-villa.com\/de\/wp-json\/wp\/v2\/pages\/5061\/revisions"}],"predecessor-version":[{"id":5066,"href":"https:\/\/lotus-villa.com\/de\/wp-json\/wp\/v2\/pages\/5061\/revisions\/5066"}],"wp:featuredmedia":[{"embeddable":true,"href":"https:\/\/lotus-villa.com\/de\/wp-json\/wp\/v2\/media\/3704"}],"wp:attachment":[{"href":"https:\/\/lotus-villa.com\/de\/wp-json\/wp\/v2\/media?parent=5061"}],"curies":[{"name":"wp","href":"https:\/\/api.w.org\/{rel}","templated":true}]}}