{"id":5082,"date":"2024-05-31T11:29:21","date_gmt":"2024-05-31T11:29:21","guid":{"rendered":"https:\/\/testsite.lotus-villa.com\/ayurvedha\/"},"modified":"2024-06-04T09:46:44","modified_gmt":"2024-06-04T09:46:44","slug":"ayurvedha","status":"publish","type":"page","link":"https:\/\/lotus-villa.com\/de\/ayurvedha\/","title":{"rendered":"Ayurveda\u00a0in der Lotus Villa"},"content":{"rendered":"\t\t<div data-elementor-type=\"wp-page\" data-elementor-id=\"5082\" class=\"elementor elementor-5082 elementor-4630\">\n\t\t\t\t<div data-particle_enable=\"false\" data-particle-mobile-disabled=\"false\" class=\"elementor-element elementor-element-26330af e-flex e-con-boxed e-con e-parent\" data-id=\"26330af\" data-element_type=\"container\" data-e-type=\"container\">\n\t\t\t\t\t<div class=\"e-con-inner\">\n\t\t<div data-particle_enable=\"false\" data-particle-mobile-disabled=\"false\" class=\"elementor-element elementor-element-4c3844b e-flex e-con-boxed e-con e-child\" data-id=\"4c3844b\" data-element_type=\"container\" data-e-type=\"container\">\n\t\t\t\t\t<div class=\"e-con-inner\">\n\t\t<div data-particle_enable=\"false\" data-particle-mobile-disabled=\"false\" class=\"elementor-element elementor-element-3ecaa8a e-flex e-con-boxed e-con e-child\" data-id=\"3ecaa8a\" data-element_type=\"container\" data-e-type=\"container\">\n\t\t\t\t\t<div class=\"e-con-inner\">\n\t\t\t\t<div class=\"elementor-element elementor-element-3975474 elementor-widget elementor-widget-text-editor\" data-id=\"3975474\" data-element_type=\"widget\" data-e-type=\"widget\" data-widget_type=\"text-editor.default\">\n\t\t\t\t<div class=\"elementor-widget-container\">\n\t\t\t\t\t\t\t\t\t<p>Vielleicht haben Sie sich schon Gedanken dar\u00fcber gemacht, wie die Behandlung mit Ayurveda Medizin in der Lotus Villa abl\u00e4uft. Das Beste daran ist: Sie m\u00fcssen sich um nichts k\u00fcmmern. Ein paar Abl\u00e4ufe wollen wir Ihnen hier schildern.<\/p><p>Im Wesentlichen gibt es drei S\u00e4ulen der Therapie: zun\u00e4chst das Essen. Was und wie viel Sie bekommen, wird von unseren \u00c4rzten nach der Eingangsuntersuchung detailliert festgelegt und der K\u00fcche mitgeteilt, denn die t\u00e4gliche Nahrungsaufnahme ist ein wichtiger Teil der Behandlung. Aber keine Angst: Was Sie bekommen ist mitnichten \u201ebittere Medizin\u201c, sondern ceylonesische K\u00fcche vom Feinsten. Sollte bei den vielen Komponenten aus wei\u00dfem Fleisch, Fisch, Gem\u00fcse und frischem Obst einmal etwas dabei sein, was Ihnen nicht so schmeckt, dann gilt die Regel: Ein L\u00f6ffel muss gegessen werden.<\/p>\t\t\t\t\t\t\t\t<\/div>\n\t\t\t\t<\/div>\n\t\t\t\t\t<\/div>\n\t\t\t\t<\/div>\n\t\t<div data-particle_enable=\"false\" data-particle-mobile-disabled=\"false\" class=\"elementor-element elementor-element-3997bf4 e-flex e-con-boxed e-con e-child\" data-id=\"3997bf4\" data-element_type=\"container\" data-e-type=\"container\">\n\t\t\t\t\t<div class=\"e-con-inner\">\n\t\t\t\t<div class=\"elementor-element elementor-element-f63b47e elementor-widget elementor-widget-image\" data-id=\"f63b47e\" data-element_type=\"widget\" data-e-type=\"widget\" data-widget_type=\"image.default\">\n\t\t\t\t<div class=\"elementor-widget-container\">\n\t\t\t\t\t\t\t\t\t\t\t\t\t\t\t<img fetchpriority=\"high\" decoding=\"async\" width=\"310\" height=\"465\" src=\"https:\/\/lotus-villa.com\/wp-content\/uploads\/2024\/05\/First-image-1-310x465-1.webp\" class=\"attachment-large size-large wp-image-4639\" alt=\"\" srcset=\"https:\/\/lotus-villa.com\/wp-content\/uploads\/2024\/05\/First-image-1-310x465-1.webp 310w, https:\/\/lotus-villa.com\/wp-content\/uploads\/2024\/05\/First-image-1-310x465-1-200x300.webp 200w\" sizes=\"(max-width: 310px) 100vw, 310px\" \/>\t\t\t\t\t\t\t\t\t\t\t\t\t\t\t<\/div>\n\t\t\t\t<\/div>\n\t\t\t\t\t<\/div>\n\t\t\t\t<\/div>\n\t\t\t\t\t<\/div>\n\t\t\t\t<\/div>\n\t\t<div data-particle_enable=\"false\" data-particle-mobile-disabled=\"false\" class=\"elementor-element elementor-element-a58b80d e-flex e-con-boxed e-con e-child\" data-id=\"a58b80d\" data-element_type=\"container\" data-e-type=\"container\">\n\t\t\t\t\t<div class=\"e-con-inner\">\n\t\t<div data-particle_enable=\"false\" data-particle-mobile-disabled=\"false\" class=\"elementor-element elementor-element-26f10ce e-flex e-con-boxed e-con e-child\" data-id=\"26f10ce\" data-element_type=\"container\" data-e-type=\"container\">\n\t\t\t\t\t<div class=\"e-con-inner\">\n\t\t\t\t<div class=\"elementor-element elementor-element-1462f32 elementor-widget elementor-widget-image\" data-id=\"1462f32\" data-element_type=\"widget\" data-e-type=\"widget\" data-widget_type=\"image.default\">\n\t\t\t\t<div class=\"elementor-widget-container\">\n\t\t\t\t\t\t\t\t\t\t\t\t\t\t\t<img decoding=\"async\" width=\"830\" height=\"553\" src=\"https:\/\/lotus-villa.com\/wp-content\/uploads\/2024\/05\/Second-image-1.webp\" class=\"attachment-large size-large wp-image-4642\" alt=\"\" srcset=\"https:\/\/lotus-villa.com\/wp-content\/uploads\/2024\/05\/Second-image-1.webp 830w, https:\/\/lotus-villa.com\/wp-content\/uploads\/2024\/05\/Second-image-1-300x200.webp 300w, https:\/\/lotus-villa.com\/wp-content\/uploads\/2024\/05\/Second-image-1-768x512.webp 768w\" sizes=\"(max-width: 830px) 100vw, 830px\" \/>\t\t\t\t\t\t\t\t\t\t\t\t\t\t\t<\/div>\n\t\t\t\t<\/div>\n\t\t\t\t\t<\/div>\n\t\t\t\t<\/div>\n\t\t<div data-particle_enable=\"false\" data-particle-mobile-disabled=\"false\" class=\"elementor-element elementor-element-0c72c67 e-flex e-con-boxed e-con e-child\" data-id=\"0c72c67\" data-element_type=\"container\" data-e-type=\"container\">\n\t\t\t\t\t<div class=\"e-con-inner\">\n\t\t\t\t<div class=\"elementor-element elementor-element-da2c9a6 elementor-widget elementor-widget-text-editor\" data-id=\"da2c9a6\" data-element_type=\"widget\" data-e-type=\"widget\" data-widget_type=\"text-editor.default\">\n\t\t\t\t<div class=\"elementor-widget-container\">\n\t\t\t\t\t\t\t\t\t<p>Die zweite S\u00e4ule sind die Medikamente, die Sie mehrmals am Tag bekommen. Keine Angst \u2013 Sie m\u00fcssen nicht st\u00e4ndig auf die Uhr schauen, um den Behandlungsplan einzuhalten. Ein Mitarbeiter unserer Hausapotheke, wo wir die Medizinen, die \u00fcberwiegend aus Kr\u00e4utern vom eigenen Garten bestehen, selbst herstellen, kommt mit den Tabletten und Tr\u00e4nken zu Ihnen, wenn es Zeit zur Einnahme ist.<br \/>Der dritte Punkt sind die Massagen und Behandlungen, die Sie in unserem Therapiezentrum genie\u00dfen. Zu jeder dieser Behandlungen werden Sie abgeholt. Solange Sie die Anlage nicht verlassen, m\u00fcssen Sie sich daher um Ihren Behandlungsplan nicht k\u00fcmmern.<\/p>\t\t\t\t\t\t\t\t<\/div>\n\t\t\t\t<\/div>\n\t\t\t\t\t<\/div>\n\t\t\t\t<\/div>\n\t\t\t\t\t<\/div>\n\t\t\t\t<\/div>\n\t\t<div data-particle_enable=\"false\" data-particle-mobile-disabled=\"false\" class=\"elementor-element elementor-element-1685245 e-flex e-con-boxed e-con e-child\" data-id=\"1685245\" data-element_type=\"container\" data-e-type=\"container\">\n\t\t\t\t\t<div class=\"e-con-inner\">\n\t\t<div data-particle_enable=\"false\" data-particle-mobile-disabled=\"false\" class=\"elementor-element elementor-element-a88facc e-flex e-con-boxed e-con e-child\" data-id=\"a88facc\" data-element_type=\"container\" data-e-type=\"container\">\n\t\t\t\t\t<div class=\"e-con-inner\">\n\t\t\t\t<div class=\"elementor-element elementor-element-57d9017 elementor-widget elementor-widget-text-editor\" data-id=\"57d9017\" data-element_type=\"widget\" data-e-type=\"widget\" data-widget_type=\"text-editor.default\">\n\t\t\t\t<div class=\"elementor-widget-container\">\n\t\t\t\t\t\t\t\t\t<p>Dazu kommen noch weitere Therapieformen wie zum Beispiel die herrlich angenehme Kr\u00e4utersauna, die Kr\u00e4uterb\u00e4der in gro\u00dfen Steinwannen, Kopfpackungen und Nasenreinigung. F\u00fcr die \u201einnere Reinigung\u201c bieten wir Ihnen jeden Morgen eine Stunde Yoga am rauschenden Meer an, Tai Chi und Meditationen.<br \/>Dazwischen bleibt Ihnen nat\u00fcrlich viel Zeit zum Relaxen in unserem tropischen Garten. Der Bademeister bereitet Ihnen eine gepolsterte Liege an Ihrem Lieblingsplatz im Schatten der Palmen her. Lauschen Sie den Ger\u00e4uschen des Ozeans und dem Pl\u00e4tschern unseres Gartenbrunnens, und sp\u00fcren Sie, wie erholsam es ist, einfach einmal nichts zu tun.<\/p>\t\t\t\t\t\t\t\t<\/div>\n\t\t\t\t<\/div>\n\t\t\t\t\t<\/div>\n\t\t\t\t<\/div>\n\t\t<div data-particle_enable=\"false\" data-particle-mobile-disabled=\"false\" class=\"elementor-element elementor-element-c515fda e-flex e-con-boxed e-con e-child\" data-id=\"c515fda\" data-element_type=\"container\" data-e-type=\"container\">\n\t\t\t\t\t<div class=\"e-con-inner\">\n\t\t\t\t<div class=\"elementor-element elementor-element-69fbc7f elementor-widget elementor-widget-image\" data-id=\"69fbc7f\" data-element_type=\"widget\" data-e-type=\"widget\" data-widget_type=\"image.default\">\n\t\t\t\t<div class=\"elementor-widget-container\">\n\t\t\t\t\t\t\t\t\t\t\t\t\t\t\t<img decoding=\"async\" width=\"310\" height=\"465\" src=\"https:\/\/lotus-villa.com\/wp-content\/uploads\/2024\/05\/Third-image-1-310x465-1.webp\" class=\"attachment-large size-large wp-image-4645\" alt=\"\" srcset=\"https:\/\/lotus-villa.com\/wp-content\/uploads\/2024\/05\/Third-image-1-310x465-1.webp 310w, https:\/\/lotus-villa.com\/wp-content\/uploads\/2024\/05\/Third-image-1-310x465-1-200x300.webp 200w\" sizes=\"(max-width: 310px) 100vw, 310px\" \/>\t\t\t\t\t\t\t\t\t\t\t\t\t\t\t<\/div>\n\t\t\t\t<\/div>\n\t\t\t\t\t<\/div>\n\t\t\t\t<\/div>\n\t\t\t\t\t<\/div>\n\t\t\t\t<\/div>\n\t\t<div data-particle_enable=\"false\" data-particle-mobile-disabled=\"false\" class=\"elementor-element elementor-element-e800d89 e-flex e-con-boxed e-con e-child\" data-id=\"e800d89\" data-element_type=\"container\" data-e-type=\"container\">\n\t\t\t\t\t<div class=\"e-con-inner\">\n\t\t<div data-particle_enable=\"false\" data-particle-mobile-disabled=\"false\" class=\"elementor-element elementor-element-e4965c7 e-flex e-con-boxed e-con e-child\" data-id=\"e4965c7\" data-element_type=\"container\" data-e-type=\"container\">\n\t\t\t\t\t<div class=\"e-con-inner\">\n\t\t\t\t<div class=\"elementor-element elementor-element-95d1c93 elementor-widget elementor-widget-heading\" data-id=\"95d1c93\" data-element_type=\"widget\" data-e-type=\"widget\" data-widget_type=\"heading.default\">\n\t\t\t\t<div class=\"elementor-widget-container\">\n\t\t\t\t\t<h4 class=\"elementor-heading-title elementor-size-default\">Behandlungsdauer<\/h4>\t\t\t\t<\/div>\n\t\t\t\t<\/div>\n\t\t\t\t<div class=\"elementor-element elementor-element-ec5e5f3 elementor-widget elementor-widget-text-editor\" data-id=\"ec5e5f3\" data-element_type=\"widget\" data-e-type=\"widget\" data-widget_type=\"text-editor.default\">\n\t\t\t\t<div class=\"elementor-widget-container\">\n\t\t\t\t\t\t\t\t\t<p>Ayurveda-Behandlungen wirken auf Geist und K\u00f6rper. Sie dienen in erster Linie dazu, das Gleichgewicht zwischen den drei Doshas wieder herzustellen und den Menschen damit stark genug zu machen, allen Krankheiten zu widerstehen. F\u00fcr Patienten mit schwereren Leiden dauert eine solche Behandlung in der Regel einen Monat. F\u00fcr die G\u00e4ste der Lotus Villa, die dort Erholung suchen, im Prinzip gesund sind und lediglich w\u00e4hrend ihres Urlaubs \u201edie Batterien wieder aufladen wollen\u201c, haben wir einen Behandlungszyklus entwickelt, der 14 Tage dauert. Eine k\u00fcrzere Behandlung lehnen wir ab, weil sich damit keine Erfolge erzielen lassen, die den Aufwand rechtfertigen.<\/p>\t\t\t\t\t\t\t\t<\/div>\n\t\t\t\t<\/div>\n\t\t\t\t\t<\/div>\n\t\t\t\t<\/div>\n\t\t\t\t\t<\/div>\n\t\t\t\t<\/div>\n\t\t<div data-particle_enable=\"false\" data-particle-mobile-disabled=\"false\" class=\"elementor-element elementor-element-3657d20 e-flex e-con-boxed e-con e-child\" data-id=\"3657d20\" data-element_type=\"container\" data-e-type=\"container\">\n\t\t\t\t\t<div class=\"e-con-inner\">\n\t\t<div data-particle_enable=\"false\" data-particle-mobile-disabled=\"false\" class=\"elementor-element elementor-element-c3555db e-flex e-con-boxed e-con e-child\" data-id=\"c3555db\" data-element_type=\"container\" data-e-type=\"container\">\n\t\t\t\t\t<div class=\"e-con-inner\">\n\t\t\t\t<div class=\"elementor-element elementor-element-277353a elementor-widget elementor-widget-image\" data-id=\"277353a\" data-element_type=\"widget\" data-e-type=\"widget\" data-widget_type=\"image.default\">\n\t\t\t\t<div class=\"elementor-widget-container\">\n\t\t\t\t\t\t\t\t\t\t\t\t\t\t\t<img loading=\"lazy\" decoding=\"async\" width=\"830\" height=\"553\" src=\"https:\/\/lotus-villa.com\/wp-content\/uploads\/2024\/05\/DPP_000000001-1.webp\" class=\"attachment-large size-large wp-image-4633\" alt=\"\" srcset=\"https:\/\/lotus-villa.com\/wp-content\/uploads\/2024\/05\/DPP_000000001-1.webp 830w, https:\/\/lotus-villa.com\/wp-content\/uploads\/2024\/05\/DPP_000000001-1-300x200.webp 300w, https:\/\/lotus-villa.com\/wp-content\/uploads\/2024\/05\/DPP_000000001-1-768x512.webp 768w\" sizes=\"(max-width: 830px) 100vw, 830px\" \/>\t\t\t\t\t\t\t\t\t\t\t\t\t\t\t<\/div>\n\t\t\t\t<\/div>\n\t\t\t\t\t<\/div>\n\t\t\t\t<\/div>\n\t\t<div data-particle_enable=\"false\" data-particle-mobile-disabled=\"false\" class=\"elementor-element elementor-element-a534f68 e-flex e-con-boxed e-con e-child\" data-id=\"a534f68\" data-element_type=\"container\" data-e-type=\"container\">\n\t\t\t\t\t<div class=\"e-con-inner\">\n\t\t\t\t<div class=\"elementor-element elementor-element-645e1dc elementor-widget elementor-widget-heading\" data-id=\"645e1dc\" data-element_type=\"widget\" data-e-type=\"widget\" data-widget_type=\"heading.default\">\n\t\t\t\t<div class=\"elementor-widget-container\">\n\t\t\t\t\t<h4 class=\"elementor-heading-title elementor-size-default\">\u00c4rztliche Betreuung<\/h4>\t\t\t\t<\/div>\n\t\t\t\t<\/div>\n\t\t\t\t<div class=\"elementor-element elementor-element-114bc3a elementor-widget elementor-widget-text-editor\" data-id=\"114bc3a\" data-element_type=\"widget\" data-e-type=\"widget\" data-widget_type=\"text-editor.default\">\n\t\t\t\t<div class=\"elementor-widget-container\">\n\t\t\t\t\t\t\t\t\t<p>Wenn Sie in der Lotus Villa ankommen, sollen Sie sich erst einmal von der anstrengenden Reise erholen. Anschlie\u00dfend wird, abh\u00e4ngig von der Zeit Ihrer Ankunft noch am selben oder am folgenden Tag, die ausf\u00fchrliche Eingangsuntersuchung durch einen oder mehrere unserer Ayurveda-\u00c4rzte stattfinden. W\u00e4hrend Ihres Aufenthaltes werden Sie immer wieder zu Konsultationen gebeten, damit die \u00c4rzte ihre Behandlungsfortschritte verfolgen und die Therapie gegebenenfalls optimieren k\u00f6nnen. Bei Fragen oder Beschwerden haben Sie selbstverst\u00e4ndlich immer die M\u00f6glichkeit, auch von sich aus die \u00c4rzte zu kontaktieren \u2013 einer von Ihnen befindet sich an allen Tagen rund um die Uhr in der Anlage.<br \/>Ein ebenso wichtiger wie f\u00fcr Sie m\u00f6glicherweise ungewohnter Teil der Untersuchung ist die Pulsdiagnose. Der Arzt f\u00fchlt dabei mit mehreren Fingern \u00fcber eine l\u00e4ngere Zeit Ihren Puls. Er stellt durch St\u00e4rke und Rhythmus Ihrer Blutzirkulation fest, wie stark und in welche Richtung Sie aus dem Gleichgewicht zwischen den Doshas geraten sind.<br \/>Nach der Eingangsuntersuchung arbeitet der Arzt Ihren ganz individuellen Therapieplan aus. Dieser umfasst die Ern\u00e4hrung w\u00e4hrend Ihres Aufenthaltes, die Medikamente, die Sie erhalten, und Behandlungen wie Massagen und B\u00e4der. Jeden Abend erhalten Sie nach dem Essen Ihren Behandlungsplan f\u00fcr den folgenden Tag. Er soll Ihnen helfen, Ihren Tag einzuteilen, verpflichtet Sie aber nicht, quasi mit der Uhr in der Hand auf P\u00fcnktlichkeit zu achten, denn jeder Therapeut sucht Sie zur gegebenen Zeit in der Anlage auf und holt Sie pers\u00f6nlich zur n\u00e4chsten Behandlung ab.<\/p>\t\t\t\t\t\t\t\t<\/div>\n\t\t\t\t<\/div>\n\t\t\t\t\t<\/div>\n\t\t\t\t<\/div>\n\t\t\t\t\t<\/div>\n\t\t\t\t<\/div>\n\t\t<div data-particle_enable=\"false\" data-particle-mobile-disabled=\"false\" class=\"elementor-element elementor-element-5656d9e e-flex e-con-boxed e-con e-child\" data-id=\"5656d9e\" data-element_type=\"container\" data-e-type=\"container\">\n\t\t\t\t\t<div class=\"e-con-inner\">\n\t\t<div data-particle_enable=\"false\" data-particle-mobile-disabled=\"false\" class=\"elementor-element elementor-element-ac2eb09 e-flex e-con-boxed e-con e-child\" data-id=\"ac2eb09\" data-element_type=\"container\" data-e-type=\"container\">\n\t\t\t\t\t<div class=\"e-con-inner\">\n\t\t\t\t<div class=\"elementor-element elementor-element-380b098 elementor-widget elementor-widget-heading\" data-id=\"380b098\" data-element_type=\"widget\" data-e-type=\"widget\" data-widget_type=\"heading.default\">\n\t\t\t\t<div class=\"elementor-widget-container\">\n\t\t\t\t\t<h4 class=\"elementor-heading-title elementor-size-default\">Medizinherstellung<\/h4>\t\t\t\t<\/div>\n\t\t\t\t<\/div>\n\t\t\t\t<div class=\"elementor-element elementor-element-0432832 elementor-widget elementor-widget-text-editor\" data-id=\"0432832\" data-element_type=\"widget\" data-e-type=\"widget\" data-widget_type=\"text-editor.default\">\n\t\t\t\t<div class=\"elementor-widget-container\">\n\t\t\t\t\t\t\t\t\t<p>Die ayurvedischen Medikamente, die Sie bei uns erhalten, werden mit hohem Aufwand und gro\u00dfer Sorgfalt in unserer hauseigenen, staatlich lizensierten Apotheke hergestellt und bestehen \u00fcberwiegend aus Heilkr\u00e4utern, die wir in unserem eigenen Garten z\u00fcchten. Die Grundmedizinen, die dort auf \u00d6lbasis (meist Sesam- oder Zimt\u00f6l) hergestellt werden, enthalten bis zu 120 verschiedene Zutaten. Es dauert ein bis zwei Wochen, bis aus den vielen Komponenten eine z\u00e4hfl\u00fcssige Masse entstanden ist, die zum Schluss gefiltert und von den Feststoffen getrennt wird. Das Endprodukt wird zumeist gepresst und von Hand zu kleinen schwarzen Pillen geformt. F\u00fcr jedes Dosha gibt es 48 bis 52 verschiedene \u00d6le, die entsprechend der Diagnose individuell gemischt werden, dazu kommen individuelle Mixturen, die vom Arzt f\u00fcr spezielle F\u00e4lle in Auftrag gegeben werden. Die meisten ayurvedischen \u00d6le (bis auf Produkte, die Kokos\u00f6l enthalten) k\u00f6nnen l\u00e4ngere Zeit aufbewahrt werden.<br \/>W\u00e4hrend Ihres Aufenthaltes bekommen Sie selbstverst\u00e4ndlich Gelegenheit, unsere Apotheke zu besuchen und selbst zu erleben, wie dort Ihre Medizin hergestellt wird.<\/p>\t\t\t\t\t\t\t\t<\/div>\n\t\t\t\t<\/div>\n\t\t\t\t\t<\/div>\n\t\t\t\t<\/div>\n\t\t<div data-particle_enable=\"false\" data-particle-mobile-disabled=\"false\" class=\"elementor-element elementor-element-94ecc75 e-flex e-con-boxed e-con e-child\" data-id=\"94ecc75\" data-element_type=\"container\" data-e-type=\"container\">\n\t\t\t\t\t<div class=\"e-con-inner\">\n\t\t\t\t<div class=\"elementor-element elementor-element-6865f9f elementor-widget elementor-widget-image\" data-id=\"6865f9f\" data-element_type=\"widget\" data-e-type=\"widget\" data-widget_type=\"image.default\">\n\t\t\t\t<div class=\"elementor-widget-container\">\n\t\t\t\t\t\t\t\t\t\t\t\t\t\t\t<img loading=\"lazy\" decoding=\"async\" width=\"830\" height=\"553\" src=\"https:\/\/lotus-villa.com\/wp-content\/uploads\/2024\/05\/Fifth-image-1.webp\" class=\"attachment-large size-large wp-image-4636\" alt=\"\" srcset=\"https:\/\/lotus-villa.com\/wp-content\/uploads\/2024\/05\/Fifth-image-1.webp 830w, https:\/\/lotus-villa.com\/wp-content\/uploads\/2024\/05\/Fifth-image-1-300x200.webp 300w, https:\/\/lotus-villa.com\/wp-content\/uploads\/2024\/05\/Fifth-image-1-768x512.webp 768w\" sizes=\"(max-width: 830px) 100vw, 830px\" \/>\t\t\t\t\t\t\t\t\t\t\t\t\t\t\t<\/div>\n\t\t\t\t<\/div>\n\t\t\t\t\t<\/div>\n\t\t\t\t<\/div>\n\t\t\t\t\t<\/div>\n\t\t\t\t<\/div>\n\t\t\t\t\t<\/div>\n\t\t\t\t<\/div>\n\t\t\t\t<\/div>\n\t\t","protected":false},"excerpt":{"rendered":"<p>Vielleicht haben Sie sich schon Gedanken dar\u00fcber gemacht, wie die Behandlung mit Ayurveda Medizin in der Lotus Villa abl\u00e4uft. Das [&hellip;]<\/p>\n","protected":false},"author":1,"featured_media":4721,"parent":0,"menu_order":0,"comment_status":"closed","ping_status":"closed","template":"","meta":{"site-sidebar-layout":"no-sidebar","site-content-layout":"","ast-site-content-layout":"full-width-container","site-content-style":"default","site-sidebar-style":"default","ast-global-header-display":"","ast-banner-title-visibility":"","ast-main-header-display":"","ast-hfb-above-header-display":"","ast-hfb-below-header-display":"","ast-hfb-mobile-header-display":"","site-post-title":"disabled","ast-breadcrumbs-content":"","ast-featured-img":"disabled","footer-sml-layout":"","ast-disable-related-posts":"","theme-transparent-header-meta":"","adv-header-id-meta":"","stick-header-meta":"","header-above-stick-meta":"","header-main-stick-meta":"","header-below-stick-meta":"","astra-migrate-meta-layouts":"default","ast-page-background-enabled":"default","ast-page-background-meta":{"desktop":{"background-color":"var(--ast-global-color-4)","background-image":"","background-repeat":"repeat","background-position":"center center","background-size":"auto","background-attachment":"scroll","background-type":"","background-media":"","overlay-type":"","overlay-color":"","overlay-opacity":"","overlay-gradient":""},"tablet":{"background-color":"","background-image":"","background-repeat":"repeat","background-position":"center center","background-size":"auto","background-attachment":"scroll","background-type":"","background-media":"","overlay-type":"","overlay-color":"","overlay-opacity":"","overlay-gradient":""},"mobile":{"background-color":"","background-image":"","background-repeat":"repeat","background-position":"center center","background-size":"auto","background-attachment":"scroll","background-type":"","background-media":"","overlay-type":"","overlay-color":"","overlay-opacity":"","overlay-gradient":""}},"ast-content-background-meta":{"desktop":{"background-color":"var(--ast-global-color-5)","background-image":"","background-repeat":"repeat","background-position":"center center","background-size":"auto","background-attachment":"scroll","background-type":"","background-media":"","overlay-type":"","overlay-color":"","overlay-opacity":"","overlay-gradient":""},"tablet":{"background-color":"var(--ast-global-color-5)","background-image":"","background-repeat":"repeat","background-position":"center center","background-size":"auto","background-attachment":"scroll","background-type":"","background-media":"","overlay-type":"","overlay-color":"","overlay-opacity":"","overlay-gradient":""},"mobile":{"background-color":"var(--ast-global-color-5)","background-image":"","background-repeat":"repeat","background-position":"center center","background-size":"auto","background-attachment":"scroll","background-type":"","background-media":"","overlay-type":"","overlay-color":"","overlay-opacity":"","overlay-gradient":""}},"ngg_post_thumbnail":0,"footnotes":""},"class_list":["post-5082","page","type-page","status-publish","has-post-thumbnail","hentry"],"aioseo_notices":[],"_links":{"self":[{"href":"https:\/\/lotus-villa.com\/de\/wp-json\/wp\/v2\/pages\/5082","targetHints":{"allow":["GET"]}}],"collection":[{"href":"https:\/\/lotus-villa.com\/de\/wp-json\/wp\/v2\/pages"}],"about":[{"href":"https:\/\/lotus-villa.com\/de\/wp-json\/wp\/v2\/types\/page"}],"author":[{"embeddable":true,"href":"https:\/\/lotus-villa.com\/de\/wp-json\/wp\/v2\/users\/1"}],"replies":[{"embeddable":true,"href":"https:\/\/lotus-villa.com\/de\/wp-json\/wp\/v2\/comments?post=5082"}],"version-history":[{"count":4,"href":"https:\/\/lotus-villa.com\/de\/wp-json\/wp\/v2\/pages\/5082\/revisions"}],"predecessor-version":[{"id":5086,"href":"https:\/\/lotus-villa.com\/de\/wp-json\/wp\/v2\/pages\/5082\/revisions\/5086"}],"wp:featuredmedia":[{"embeddable":true,"href":"https:\/\/lotus-villa.com\/de\/wp-json\/wp\/v2\/media\/4721"}],"wp:attachment":[{"href":"https:\/\/lotus-villa.com\/de\/wp-json\/wp\/v2\/media?parent=5082"}],"curies":[{"name":"wp","href":"https:\/\/api.w.org\/{rel}","templated":true}]}}