{"id":5087,"date":"2024-05-31T11:39:12","date_gmt":"2024-05-31T11:39:12","guid":{"rendered":"https:\/\/testsite.lotus-villa.com\/nutrition\/"},"modified":"2024-06-04T09:48:23","modified_gmt":"2024-06-04T09:48:23","slug":"nutrition","status":"publish","type":"page","link":"https:\/\/lotus-villa.com\/de\/nutrition\/","title":{"rendered":"Ern\u00e4hrung"},"content":{"rendered":"\t\t<div data-elementor-type=\"wp-page\" data-elementor-id=\"5087\" class=\"elementor elementor-5087 elementor-4656\">\n\t\t\t\t<div data-particle_enable=\"false\" data-particle-mobile-disabled=\"false\" class=\"elementor-element elementor-element-26330af e-flex e-con-boxed e-con e-parent\" data-id=\"26330af\" data-element_type=\"container\" data-e-type=\"container\">\n\t\t\t\t\t<div class=\"e-con-inner\">\n\t\t<div data-particle_enable=\"false\" data-particle-mobile-disabled=\"false\" class=\"elementor-element elementor-element-4c3844b e-flex e-con-boxed e-con e-child\" data-id=\"4c3844b\" data-element_type=\"container\" data-e-type=\"container\">\n\t\t\t\t\t<div class=\"e-con-inner\">\n\t\t<div data-particle_enable=\"false\" data-particle-mobile-disabled=\"false\" class=\"elementor-element elementor-element-3ecaa8a e-flex e-con-boxed e-con e-child\" data-id=\"3ecaa8a\" data-element_type=\"container\" data-e-type=\"container\">\n\t\t\t\t\t<div class=\"e-con-inner\">\n\t\t\t\t<div class=\"elementor-element elementor-element-3975474 elementor-widget elementor-widget-text-editor\" data-id=\"3975474\" data-element_type=\"widget\" data-e-type=\"widget\" data-widget_type=\"text-editor.default\">\n\t\t\t\t<div class=\"elementor-widget-container\">\n\t\t\t\t\t\t\t\t\t<p>Schon nach den ersten Mahlzeiten in der Lotus Villa werden Sie merken, dass Ern\u00e4hrung im Ayurveda einen ganz anderen Stellenwert hat als in der westlichen Kultur.<br \/>Die medizinische Betreuung w\u00e4hrend Ihres Aufenthaltes beginnt mit einer ausf\u00fchrlichen Eingangsuntersuchung durch unsere Ayurveda-\u00c4rzte. Das Erste, was danach geschieht, ist eine detaillierte Mitteilung an die K\u00fcche, wie Ihre Mahlzeiten in n\u00e4chster Zeit zusammengestellt werden sollen. Dazu geh\u00f6rt zum Beispiel, wie stark Ihre Mahlzeiten gesalzen werden d\u00fcrfen, welche \u00d6le und Fette benutzt werden, welche Fr\u00fcchte und Gem\u00fcsesorten verboten und welche Snacks und Zwischenmahlzeiten erlaubt sind und welche Arten von Kr\u00e4utertee Sie trinken d\u00fcrfen. Von den einzelnen Zutaten wird oft bis aufs Gramm genau festgelegt, wie viel verwendet werden darf, und die sechs Geschmacksrichtungen, die das Ayurveda kennt (in Europa z\u00e4hlt man nur f\u00fcnf), m\u00fcssen entsprechend den Anweisungen der \u00c4rzte in Einklang gebracht werden.<\/p>\t\t\t\t\t\t\t\t<\/div>\n\t\t\t\t<\/div>\n\t\t\t\t\t<\/div>\n\t\t\t\t<\/div>\n\t\t<div data-particle_enable=\"false\" data-particle-mobile-disabled=\"false\" class=\"elementor-element elementor-element-3997bf4 e-flex e-con-boxed e-con e-child\" data-id=\"3997bf4\" data-element_type=\"container\" data-e-type=\"container\">\n\t\t\t\t\t<div class=\"e-con-inner\">\n\t\t\t\t<div class=\"elementor-element elementor-element-f63b47e elementor-widget elementor-widget-image\" data-id=\"f63b47e\" data-element_type=\"widget\" data-e-type=\"widget\" data-widget_type=\"image.default\">\n\t\t\t\t<div class=\"elementor-widget-container\">\n\t\t\t\t\t\t\t\t\t\t\t\t\t\t\t<img fetchpriority=\"high\" decoding=\"async\" width=\"830\" height=\"553\" src=\"https:\/\/lotus-villa.com\/wp-content\/uploads\/2024\/05\/DPP_00741.webp\" class=\"attachment-large size-large wp-image-4665\" alt=\"\" srcset=\"https:\/\/lotus-villa.com\/wp-content\/uploads\/2024\/05\/DPP_00741.webp 830w, https:\/\/lotus-villa.com\/wp-content\/uploads\/2024\/05\/DPP_00741-300x200.webp 300w, https:\/\/lotus-villa.com\/wp-content\/uploads\/2024\/05\/DPP_00741-768x512.webp 768w\" sizes=\"(max-width: 830px) 100vw, 830px\" \/>\t\t\t\t\t\t\t\t\t\t\t\t\t\t\t<\/div>\n\t\t\t\t<\/div>\n\t\t\t\t\t<\/div>\n\t\t\t\t<\/div>\n\t\t\t\t\t<\/div>\n\t\t\t\t<\/div>\n\t\t<div data-particle_enable=\"false\" data-particle-mobile-disabled=\"false\" class=\"elementor-element elementor-element-a58b80d e-flex e-con-boxed e-con e-child\" data-id=\"a58b80d\" data-element_type=\"container\" data-e-type=\"container\">\n\t\t\t\t\t<div class=\"e-con-inner\">\n\t\t<div data-particle_enable=\"false\" data-particle-mobile-disabled=\"false\" class=\"elementor-element elementor-element-26f10ce e-flex e-con-boxed e-con e-child\" data-id=\"26f10ce\" data-element_type=\"container\" data-e-type=\"container\">\n\t\t\t\t\t<div class=\"e-con-inner\">\n\t\t\t\t<div class=\"elementor-element elementor-element-1462f32 elementor-widget elementor-widget-image\" data-id=\"1462f32\" data-element_type=\"widget\" data-e-type=\"widget\" data-widget_type=\"image.default\">\n\t\t\t\t<div class=\"elementor-widget-container\">\n\t\t\t\t\t\t\t\t\t\t\t\t\t\t\t<img decoding=\"async\" width=\"830\" height=\"553\" src=\"https:\/\/lotus-villa.com\/wp-content\/uploads\/2024\/05\/DPP_0001.webp\" class=\"attachment-large size-large wp-image-4659\" alt=\"\" srcset=\"https:\/\/lotus-villa.com\/wp-content\/uploads\/2024\/05\/DPP_0001.webp 830w, https:\/\/lotus-villa.com\/wp-content\/uploads\/2024\/05\/DPP_0001-300x200.webp 300w, https:\/\/lotus-villa.com\/wp-content\/uploads\/2024\/05\/DPP_0001-768x512.webp 768w\" sizes=\"(max-width: 830px) 100vw, 830px\" \/>\t\t\t\t\t\t\t\t\t\t\t\t\t\t\t<\/div>\n\t\t\t\t<\/div>\n\t\t\t\t\t<\/div>\n\t\t\t\t<\/div>\n\t\t<div data-particle_enable=\"false\" data-particle-mobile-disabled=\"false\" class=\"elementor-element elementor-element-0c72c67 e-flex e-con-boxed e-con e-child\" data-id=\"0c72c67\" data-element_type=\"container\" data-e-type=\"container\">\n\t\t\t\t\t<div class=\"e-con-inner\">\n\t\t\t\t<div class=\"elementor-element elementor-element-da2c9a6 elementor-widget elementor-widget-text-editor\" data-id=\"da2c9a6\" data-element_type=\"widget\" data-e-type=\"widget\" data-widget_type=\"text-editor.default\">\n\t\t\t\t<div class=\"elementor-widget-container\">\n\t\t\t\t\t\t\t\t\t<p>Fast \u00fcberfl\u00fcssig zu sagen, dass s\u00e4mtliche Komponenten so organisch wie m\u00f6glich hergestellt oder bezogen werden. Das meiste Obst sowie Gem\u00fcse und Kr\u00e4uter kommen aus unserem eigenen Garten, alles w\u00e4chst dort ohne jegliche Chemie. Fleisch und Fisch werden von Zulieferern bezogen, die \u00fcber viele Jahre ihre \u00f6kologische Arbeitsweise unter Beweis gestellt haben, und viele Zutaten, die eine normale Hausfrau fertig im Laden kauft, werden bei uns individuell in der hauseigenen K\u00fcche hergestellt.<br \/>Zu den strengen ayurvedischen Regeln geh\u00f6rt auch, dass zumindest Mittag- und Abendessen t\u00e4glich zur gleichen Zeit stattfinden. In der Lotus Villa merken Sie das, weil immer zur festgelegten Stunde eine Glocke gel\u00e4utet wird, die Sie zum Essen ruft.<\/p>\t\t\t\t\t\t\t\t<\/div>\n\t\t\t\t<\/div>\n\t\t\t\t\t<\/div>\n\t\t\t\t<\/div>\n\t\t\t\t\t<\/div>\n\t\t\t\t<\/div>\n\t\t<div data-particle_enable=\"false\" data-particle-mobile-disabled=\"false\" class=\"elementor-element elementor-element-1685245 e-flex e-con-boxed e-con e-child\" data-id=\"1685245\" data-element_type=\"container\" data-e-type=\"container\">\n\t\t\t\t\t<div class=\"e-con-inner\">\n\t\t<div data-particle_enable=\"false\" data-particle-mobile-disabled=\"false\" class=\"elementor-element elementor-element-a88facc e-flex e-con-boxed e-con e-child\" data-id=\"a88facc\" data-element_type=\"container\" data-e-type=\"container\">\n\t\t\t\t\t<div class=\"e-con-inner\">\n\t\t\t\t<div class=\"elementor-element elementor-element-57d9017 elementor-widget elementor-widget-text-editor\" data-id=\"57d9017\" data-element_type=\"widget\" data-e-type=\"widget\" data-widget_type=\"text-editor.default\">\n\t\t\t\t<div class=\"elementor-widget-container\">\n\t\t\t\t\t\t\t\t\t<p>Und noch ein Punkt, der die Mahlzeiten bei uns m\u00f6glicherweise vom Essen zu Hause unterscheidet: Jeder Gang soll Ihnen nicht nur gut schmecken, sondern auch liebevoll angerichtet sein. Die Fantasie unserer K\u00f6che und Kellner erweist sich dabei fast als grenzenlos: immer wieder neu gefaltete Stoffservietten, ein liebevoll gedeckter Tisch, kleine Gem\u00fcseschnitzereien und zahlreiche Ideen bei der Dekoration lassen die Augen leuchten, denn Sie wissen ja: Ayurveda ist eine Medizin, bei der die Lebensfreude auch in so kleinen Details zur Therapie geh\u00f6rt!<\/p>\t\t\t\t\t\t\t\t<\/div>\n\t\t\t\t<\/div>\n\t\t\t\t\t<\/div>\n\t\t\t\t<\/div>\n\t\t<div data-particle_enable=\"false\" data-particle-mobile-disabled=\"false\" class=\"elementor-element elementor-element-c515fda e-flex e-con-boxed e-con e-child\" data-id=\"c515fda\" data-element_type=\"container\" data-e-type=\"container\">\n\t\t\t\t\t<div class=\"e-con-inner\">\n\t\t\t\t<div class=\"elementor-element elementor-element-69fbc7f elementor-widget elementor-widget-image\" data-id=\"69fbc7f\" data-element_type=\"widget\" data-e-type=\"widget\" data-widget_type=\"image.default\">\n\t\t\t\t<div class=\"elementor-widget-container\">\n\t\t\t\t\t\t\t\t\t\t\t\t\t\t\t<img decoding=\"async\" width=\"830\" height=\"553\" src=\"https:\/\/lotus-villa.com\/wp-content\/uploads\/2024\/05\/DPP_00581.webp\" class=\"attachment-large size-large wp-image-4662\" alt=\"\" srcset=\"https:\/\/lotus-villa.com\/wp-content\/uploads\/2024\/05\/DPP_00581.webp 830w, https:\/\/lotus-villa.com\/wp-content\/uploads\/2024\/05\/DPP_00581-300x200.webp 300w, https:\/\/lotus-villa.com\/wp-content\/uploads\/2024\/05\/DPP_00581-768x512.webp 768w\" sizes=\"(max-width: 830px) 100vw, 830px\" \/>\t\t\t\t\t\t\t\t\t\t\t\t\t\t\t<\/div>\n\t\t\t\t<\/div>\n\t\t\t\t\t<\/div>\n\t\t\t\t<\/div>\n\t\t\t\t\t<\/div>\n\t\t\t\t<\/div>\n\t\t\t\t\t<\/div>\n\t\t\t\t<\/div>\n\t\t\t\t<\/div>\n\t\t","protected":false},"excerpt":{"rendered":"<p>Schon nach den ersten Mahlzeiten in der Lotus Villa werden Sie merken, dass Ern\u00e4hrung im Ayurveda einen ganz anderen Stellenwert [&hellip;]<\/p>\n","protected":false},"author":1,"featured_media":4736,"parent":0,"menu_order":0,"comment_status":"closed","ping_status":"closed","template":"","meta":{"site-sidebar-layout":"no-sidebar","site-content-layout":"","ast-site-content-layout":"full-width-container","site-content-style":"default","site-sidebar-style":"default","ast-global-header-display":"","ast-banner-title-visibility":"","ast-main-header-display":"","ast-hfb-above-header-display":"","ast-hfb-below-header-display":"","ast-hfb-mobile-header-display":"","site-post-title":"disabled","ast-breadcrumbs-content":"","ast-featured-img":"disabled","footer-sml-layout":"","ast-disable-related-posts":"","theme-transparent-header-meta":"","adv-header-id-meta":"","stick-header-meta":"","header-above-stick-meta":"","header-main-stick-meta":"","header-below-stick-meta":"","astra-migrate-meta-layouts":"default","ast-page-background-enabled":"default","ast-page-background-meta":{"desktop":{"background-color":"var(--ast-global-color-4)","background-image":"","background-repeat":"repeat","background-position":"center center","background-size":"auto","background-attachment":"scroll","background-type":"","background-media":"","overlay-type":"","overlay-color":"","overlay-opacity":"","overlay-gradient":""},"tablet":{"background-color":"","background-image":"","background-repeat":"repeat","background-position":"center center","background-size":"auto","background-attachment":"scroll","background-type":"","background-media":"","overlay-type":"","overlay-color":"","overlay-opacity":"","overlay-gradient":""},"mobile":{"background-color":"","background-image":"","background-repeat":"repeat","background-position":"center center","background-size":"auto","background-attachment":"scroll","background-type":"","background-media":"","overlay-type":"","overlay-color":"","overlay-opacity":"","overlay-gradient":""}},"ast-content-background-meta":{"desktop":{"background-color":"var(--ast-global-color-5)","background-image":"","background-repeat":"repeat","background-position":"center center","background-size":"auto","background-attachment":"scroll","background-type":"","background-media":"","overlay-type":"","overlay-color":"","overlay-opacity":"","overlay-gradient":""},"tablet":{"background-color":"var(--ast-global-color-5)","background-image":"","background-repeat":"repeat","background-position":"center center","background-size":"auto","background-attachment":"scroll","background-type":"","background-media":"","overlay-type":"","overlay-color":"","overlay-opacity":"","overlay-gradient":""},"mobile":{"background-color":"var(--ast-global-color-5)","background-image":"","background-repeat":"repeat","background-position":"center center","background-size":"auto","background-attachment":"scroll","background-type":"","background-media":"","overlay-type":"","overlay-color":"","overlay-opacity":"","overlay-gradient":""}},"ngg_post_thumbnail":0,"footnotes":""},"class_list":["post-5087","page","type-page","status-publish","has-post-thumbnail","hentry"],"aioseo_notices":[],"_links":{"self":[{"href":"https:\/\/lotus-villa.com\/de\/wp-json\/wp\/v2\/pages\/5087","targetHints":{"allow":["GET"]}}],"collection":[{"href":"https:\/\/lotus-villa.com\/de\/wp-json\/wp\/v2\/pages"}],"about":[{"href":"https:\/\/lotus-villa.com\/de\/wp-json\/wp\/v2\/types\/page"}],"author":[{"embeddable":true,"href":"https:\/\/lotus-villa.com\/de\/wp-json\/wp\/v2\/users\/1"}],"replies":[{"embeddable":true,"href":"https:\/\/lotus-villa.com\/de\/wp-json\/wp\/v2\/comments?post=5087"}],"version-history":[{"count":4,"href":"https:\/\/lotus-villa.com\/de\/wp-json\/wp\/v2\/pages\/5087\/revisions"}],"predecessor-version":[{"id":5091,"href":"https:\/\/lotus-villa.com\/de\/wp-json\/wp\/v2\/pages\/5087\/revisions\/5091"}],"wp:featuredmedia":[{"embeddable":true,"href":"https:\/\/lotus-villa.com\/de\/wp-json\/wp\/v2\/media\/4736"}],"wp:attachment":[{"href":"https:\/\/lotus-villa.com\/de\/wp-json\/wp\/v2\/media?parent=5087"}],"curies":[{"name":"wp","href":"https:\/\/api.w.org\/{rel}","templated":true}]}}