{"id":5092,"date":"2024-05-31T12:19:08","date_gmt":"2024-05-31T12:19:08","guid":{"rendered":"https:\/\/testsite.lotus-villa.com\/doctors-team\/"},"modified":"2024-06-04T09:50:09","modified_gmt":"2024-06-04T09:50:09","slug":"doctors-team","status":"publish","type":"page","link":"https:\/\/lotus-villa.com\/de\/doctors-team\/","title":{"rendered":"Unsere Ayurveda-\u00a0Chef\u00e4rztin"},"content":{"rendered":"\t\t<div data-elementor-type=\"wp-page\" data-elementor-id=\"5092\" class=\"elementor elementor-5092 elementor-4677\">\n\t\t\t\t<div data-particle_enable=\"false\" data-particle-mobile-disabled=\"false\" class=\"elementor-element elementor-element-26330af e-flex e-con-boxed e-con e-parent\" data-id=\"26330af\" data-element_type=\"container\" data-e-type=\"container\">\n\t\t\t\t\t<div class=\"e-con-inner\">\n\t\t<div data-particle_enable=\"false\" data-particle-mobile-disabled=\"false\" class=\"elementor-element elementor-element-4c3844b e-flex e-con-boxed e-con e-child\" data-id=\"4c3844b\" data-element_type=\"container\" data-e-type=\"container\">\n\t\t\t\t\t<div class=\"e-con-inner\">\n\t\t<div data-particle_enable=\"false\" data-particle-mobile-disabled=\"false\" class=\"elementor-element elementor-element-3ecaa8a e-flex e-con-boxed e-con e-child\" data-id=\"3ecaa8a\" data-element_type=\"container\" data-e-type=\"container\">\n\t\t\t\t\t<div class=\"e-con-inner\">\n\t\t\t\t<div class=\"elementor-element elementor-element-ea4d31f elementor-widget elementor-widget-heading\" data-id=\"ea4d31f\" data-element_type=\"widget\" data-e-type=\"widget\" data-widget_type=\"heading.default\">\n\t\t\t\t<div class=\"elementor-widget-container\">\n\t\t\t\t\t<h4 class=\"elementor-heading-title elementor-size-default\">Unsere Ayurveda-Chef\u00e4rztin<\/h4>\t\t\t\t<\/div>\n\t\t\t\t<\/div>\n\t\t\t\t<div class=\"elementor-element elementor-element-3975474 elementor-widget elementor-widget-text-editor\" data-id=\"3975474\" data-element_type=\"widget\" data-e-type=\"widget\" data-widget_type=\"text-editor.default\">\n\t\t\t\t<div class=\"elementor-widget-container\">\n\t\t\t\t\t\t\t\t\t<p class=\"western\">Unsere Chef\u00e4rztin, Frau Dr. Manikkam Neranjanadevi Amarathunga entstammt m\u00fctterlicher und v\u00e4terlicherseits einer traditionsreichen Familie von Ayurveda-\u00c4rzten. Schon als Kind war sie h\u00e4ufig dabei, wenn ihre Mutter oder ihr Gro\u00dfvater medizinisch praktizierten, und so entstand bei ihr schon fr\u00fch der Wunsch, selbst Ayurveda-\u00c4rztin zu werden. Heute verf\u00fcgt sie in Fachkreisen \u00fcber einen ausgezeichneten Ruf, der Einfachheit halber wird sie von allen nur Dr. Neranjana genannt.<\/p><p class=\"western\">Zwei ihrer Kindheitserinnerungen verdeutlichen, wie sie zu dem Berufswunsch kam. Die erste begann mit einem gro\u00dfen Schrecken: Ihr Onkel kam mit einem blutunterlaufenen Auge zu ihrer Mutter und war \u00fcberzeugt, dass er die H\u00e4lfte seiner Sehkraft verloren h\u00e4tte, als ihm bei der Arbeit ein Ast ins Auge schnellte. Ihre Mutter mischte den Saft einer frischen Kokosnuss mit verschiedenen Ingredienzien, r\u00fchrte alles zu einer Paste zusammen und bedeckte damit das Auge. Nach drei Tagen konnte der Onkel zur \u00dcberraschung der kleinen Neranjana wieder sehen und weitgehend geheilt die Arbeit aufnehmen.<\/p>\t\t\t\t\t\t\t\t<\/div>\n\t\t\t\t<\/div>\n\t\t\t\t\t<\/div>\n\t\t\t\t<\/div>\n\t\t<div data-particle_enable=\"false\" data-particle-mobile-disabled=\"false\" class=\"elementor-element elementor-element-3997bf4 e-flex e-con-boxed e-con e-child\" data-id=\"3997bf4\" data-element_type=\"container\" data-e-type=\"container\">\n\t\t\t\t\t<div class=\"e-con-inner\">\n\t\t\t\t<div class=\"elementor-element elementor-element-f63b47e elementor-widget elementor-widget-image\" data-id=\"f63b47e\" data-element_type=\"widget\" data-e-type=\"widget\" data-widget_type=\"image.default\">\n\t\t\t\t<div class=\"elementor-widget-container\">\n\t\t\t\t\t\t\t\t\t\t\t\t\t\t\t<img fetchpriority=\"high\" decoding=\"async\" width=\"388\" height=\"465\" src=\"https:\/\/lotus-villa.com\/wp-content\/uploads\/2024\/05\/7BFC4955-254A-4F3B-AE96-E27ACEA1E5B8-388x465-1.webp\" class=\"attachment-large size-large wp-image-4680\" alt=\"\" srcset=\"https:\/\/lotus-villa.com\/wp-content\/uploads\/2024\/05\/7BFC4955-254A-4F3B-AE96-E27ACEA1E5B8-388x465-1.webp 388w, https:\/\/lotus-villa.com\/wp-content\/uploads\/2024\/05\/7BFC4955-254A-4F3B-AE96-E27ACEA1E5B8-388x465-1-250x300.webp 250w\" sizes=\"(max-width: 388px) 100vw, 388px\" \/>\t\t\t\t\t\t\t\t\t\t\t\t\t\t\t<\/div>\n\t\t\t\t<\/div>\n\t\t\t\t\t<\/div>\n\t\t\t\t<\/div>\n\t\t\t\t\t<\/div>\n\t\t\t\t<\/div>\n\t\t<div data-particle_enable=\"false\" data-particle-mobile-disabled=\"false\" class=\"elementor-element elementor-element-a58b80d e-flex e-con-boxed e-con e-child\" data-id=\"a58b80d\" data-element_type=\"container\" data-e-type=\"container\">\n\t\t\t\t\t<div class=\"e-con-inner\">\n\t\t<div data-particle_enable=\"false\" data-particle-mobile-disabled=\"false\" class=\"elementor-element elementor-element-26f10ce e-flex e-con-boxed e-con e-child\" data-id=\"26f10ce\" data-element_type=\"container\" data-e-type=\"container\">\n\t\t\t\t\t<div class=\"e-con-inner\">\n\t\t\t\t<div class=\"elementor-element elementor-element-1462f32 elementor-widget elementor-widget-image\" data-id=\"1462f32\" data-element_type=\"widget\" data-e-type=\"widget\" data-widget_type=\"image.default\">\n\t\t\t\t<div class=\"elementor-widget-container\">\n\t\t\t\t\t\t\t\t\t\t\t\t\t\t\t<img decoding=\"async\" width=\"830\" height=\"553\" src=\"https:\/\/lotus-villa.com\/wp-content\/uploads\/2024\/05\/d1.webp\" class=\"attachment-large size-large wp-image-4686\" alt=\"\" srcset=\"https:\/\/lotus-villa.com\/wp-content\/uploads\/2024\/05\/d1.webp 830w, https:\/\/lotus-villa.com\/wp-content\/uploads\/2024\/05\/d1-300x200.webp 300w, https:\/\/lotus-villa.com\/wp-content\/uploads\/2024\/05\/d1-768x512.webp 768w\" sizes=\"(max-width: 830px) 100vw, 830px\" \/>\t\t\t\t\t\t\t\t\t\t\t\t\t\t\t<\/div>\n\t\t\t\t<\/div>\n\t\t\t\t\t<\/div>\n\t\t\t\t<\/div>\n\t\t<div data-particle_enable=\"false\" data-particle-mobile-disabled=\"false\" class=\"elementor-element elementor-element-0c72c67 e-flex e-con-boxed e-con e-child\" data-id=\"0c72c67\" data-element_type=\"container\" data-e-type=\"container\">\n\t\t\t\t\t<div class=\"e-con-inner\">\n\t\t\t\t<div class=\"elementor-element elementor-element-da2c9a6 elementor-widget elementor-widget-text-editor\" data-id=\"da2c9a6\" data-element_type=\"widget\" data-e-type=\"widget\" data-widget_type=\"text-editor.default\">\n\t\t\t\t<div class=\"elementor-widget-container\">\n\t\t\t\t\t\t\t\t\t<p class=\"western\">\u00c4hnliches erlebte sie kurz darauf noch einmal bei ihrem Gro\u00dfvater. Auch hier ging es um ein Augenproblem. Ein Patient mit einer Linsentr\u00fcbung suchte Hilfe bei dem Arzt. Der Gro\u00dfvater mischte frische Hibiskusbl\u00fcten mit verschiedenen ayurvedischen Arzneien, therapierte das Auge damit und konnte damit schon nach wenigen Tagen die Linsentr\u00fcbung erheblich verringern.<\/p><p class=\"western\">Nachdem der Entschluss gefasst war, verfolgte Dr. Neranjana ihre Ausbildung zur Ayurveda-\u00c4rztin mit aller Konsequenz. 1978, nach dem Ende ihrer Schulzeit, besuchte sie das \u201eRajagiriya Institute of Indigenious Medicine\u201c und schlosss das Studium dort mit dem D.A.M.S. (gleichbedeutend dem europ\u00e4ischen Bachelor) in Ayurveda ab. 1985 folgte ein f\u00fcnfj\u00e4hriges Aufbaustudium an der Universit\u00e4t in Colombo sowie ein einj\u00e4hriges Praktikum in der Klinikleitung. Dazu kamen weitere Praktika in verschiedenen Einrichtungen, um den Umgang mit Patienten und die Herstellung ayurvedischer Arzneien zu \u00fcben, sowie Diplome in psychosozialer Beratung und Frauenheilkunde an der Universit\u00e4t und der Master in Akupunktur.<\/p>\t\t\t\t\t\t\t\t<\/div>\n\t\t\t\t<\/div>\n\t\t\t\t\t<\/div>\n\t\t\t\t<\/div>\n\t\t\t\t\t<\/div>\n\t\t\t\t<\/div>\n\t\t<div data-particle_enable=\"false\" data-particle-mobile-disabled=\"false\" class=\"elementor-element elementor-element-1685245 e-flex e-con-boxed e-con e-child\" data-id=\"1685245\" data-element_type=\"container\" data-e-type=\"container\">\n\t\t\t\t\t<div class=\"e-con-inner\">\n\t\t<div data-particle_enable=\"false\" data-particle-mobile-disabled=\"false\" class=\"elementor-element elementor-element-a88facc e-flex e-con-boxed e-con e-child\" data-id=\"a88facc\" data-element_type=\"container\" data-e-type=\"container\">\n\t\t\t\t\t<div class=\"e-con-inner\">\n\t\t\t\t<div class=\"elementor-element elementor-element-57d9017 elementor-widget elementor-widget-text-editor\" data-id=\"57d9017\" data-element_type=\"widget\" data-e-type=\"widget\" data-widget_type=\"text-editor.default\">\n\t\t\t\t<div class=\"elementor-widget-container\">\n\t\t\t\t\t\t\t\t\t<p>1990 begann Dr. Neranjana ihre berufliche Karriere mit der Leitung staatlicher Ayurveda-Zentren in Manampitiya und Ayagama, 1995 wurde sie die Chefin des nationalen Ayurveda Lehrkrankenhauses in Colombo. In dieser Position war sie sieben Jahre lang t\u00e4tig, dann folgten weitere F\u00fchrungsaufgaben. Am Ende ihrer Berufst\u00e4tigkeit im Auftrag des Staates konnte sie auf eine 32j\u00e4hrige Berufspraxis zur\u00fcckblicken.<\/p><p>Die Leitung der Lotus Villa sch\u00e4tzt sich sehr gl\u00fccklich, dass sie diese herausragende \u00c4rztin, die bereits vielen tausend Patienten zu Heilung und Gesundheit verholfen hat und auch \u00fcber profunde Erfahrung in der Herstellung ayurvedischer Medizin verf\u00fcgt, als medizinische Leiterin verpflichten konnte. Die Behandlung der Kurg\u00e4ste in der Lotus Villa auf h\u00f6chstem ayurvedischem Niveau ist damit auch in der Zukunft gesichert.<\/p>\t\t\t\t\t\t\t\t<\/div>\n\t\t\t\t<\/div>\n\t\t\t\t\t<\/div>\n\t\t\t\t<\/div>\n\t\t<div data-particle_enable=\"false\" data-particle-mobile-disabled=\"false\" class=\"elementor-element elementor-element-c515fda e-flex e-con-boxed e-con e-child\" data-id=\"c515fda\" data-element_type=\"container\" data-e-type=\"container\">\n\t\t\t\t\t<div class=\"e-con-inner\">\n\t\t\t\t<div class=\"elementor-element elementor-element-69fbc7f elementor-widget elementor-widget-image\" data-id=\"69fbc7f\" data-element_type=\"widget\" data-e-type=\"widget\" data-widget_type=\"image.default\">\n\t\t\t\t<div class=\"elementor-widget-container\">\n\t\t\t\t\t\t\t\t\t\t\t\t\t\t\t<img decoding=\"async\" width=\"830\" height=\"553\" src=\"https:\/\/lotus-villa.com\/wp-content\/uploads\/2024\/05\/new.webp\" class=\"attachment-large size-large wp-image-4689\" alt=\"\" srcset=\"https:\/\/lotus-villa.com\/wp-content\/uploads\/2024\/05\/new.webp 830w, https:\/\/lotus-villa.com\/wp-content\/uploads\/2024\/05\/new-300x200.webp 300w, https:\/\/lotus-villa.com\/wp-content\/uploads\/2024\/05\/new-768x512.webp 768w\" sizes=\"(max-width: 830px) 100vw, 830px\" \/>\t\t\t\t\t\t\t\t\t\t\t\t\t\t\t<\/div>\n\t\t\t\t<\/div>\n\t\t\t\t\t<\/div>\n\t\t\t\t<\/div>\n\t\t\t\t\t<\/div>\n\t\t\t\t<\/div>\n\t\t\t\t\t<\/div>\n\t\t\t\t<\/div>\n\t\t<div data-particle_enable=\"false\" data-particle-mobile-disabled=\"false\" class=\"elementor-element elementor-element-5424897 e-flex e-con-boxed e-con e-child\" data-id=\"5424897\" data-element_type=\"container\" data-e-type=\"container\">\n\t\t\t\t\t<div class=\"e-con-inner\">\n\t\t<div data-particle_enable=\"false\" data-particle-mobile-disabled=\"false\" class=\"elementor-element elementor-element-76a9b44 e-flex e-con-boxed e-con e-child\" data-id=\"76a9b44\" data-element_type=\"container\" data-e-type=\"container\">\n\t\t\t\t\t<div class=\"e-con-inner\">\n\t\t\t\t<div class=\"elementor-element elementor-element-6f61289 elementor-widget elementor-widget-image\" data-id=\"6f61289\" data-element_type=\"widget\" data-e-type=\"widget\" data-widget_type=\"image.default\">\n\t\t\t\t<div class=\"elementor-widget-container\">\n\t\t\t\t\t\t\t\t\t\t\t\t\t\t\t<img loading=\"lazy\" decoding=\"async\" width=\"830\" height=\"553\" src=\"https:\/\/lotus-villa.com\/wp-content\/uploads\/2024\/05\/Curricuum-11-1.webp\" class=\"attachment-large size-large wp-image-4683\" alt=\"\" srcset=\"https:\/\/lotus-villa.com\/wp-content\/uploads\/2024\/05\/Curricuum-11-1.webp 830w, https:\/\/lotus-villa.com\/wp-content\/uploads\/2024\/05\/Curricuum-11-1-300x200.webp 300w, https:\/\/lotus-villa.com\/wp-content\/uploads\/2024\/05\/Curricuum-11-1-768x512.webp 768w\" sizes=\"(max-width: 830px) 100vw, 830px\" \/>\t\t\t\t\t\t\t\t\t\t\t\t\t\t\t<\/div>\n\t\t\t\t<\/div>\n\t\t\t\t\t<\/div>\n\t\t\t\t<\/div>\n\t\t<div data-particle_enable=\"false\" data-particle-mobile-disabled=\"false\" class=\"elementor-element elementor-element-3e1c3a4 e-flex e-con-boxed e-con e-child\" data-id=\"3e1c3a4\" data-element_type=\"container\" data-e-type=\"container\">\n\t\t\t\t\t<div class=\"e-con-inner\">\n\t\t\t\t<div class=\"elementor-element elementor-element-22644ae elementor-widget elementor-widget-heading\" data-id=\"22644ae\" data-element_type=\"widget\" data-e-type=\"widget\" data-widget_type=\"heading.default\">\n\t\t\t\t<div class=\"elementor-widget-container\">\n\t\t\t\t\t<h4 class=\"elementor-heading-title elementor-size-default\">\nAssistenz\u00e4rzte \/ \u00e4rztinnen: <\/h4>\t\t\t\t<\/div>\n\t\t\t\t<\/div>\n\t\t\t\t<div class=\"elementor-element elementor-element-2a710a6 elementor-widget elementor-widget-text-editor\" data-id=\"2a710a6\" data-element_type=\"widget\" data-e-type=\"widget\" data-widget_type=\"text-editor.default\">\n\t\t\t\t<div class=\"elementor-widget-container\">\n\t\t\t\t\t\t\t\t\t<p>Drei Assistenz\u00e4rzte\/\u00e4rztinnen sind neben der Chef\u00e4rztin in der Lotus Villa angestellt. Ihr Dienstplan stellt sicher, dass an allen Tagen des Jahres rund um die Uhr mindestens ein Arzt in der Anlage pr\u00e4sent ist. Wenn ein Patient w\u00e4hrend seines Aufenthaltes nachts Schmerzen oder andere Beschwerden hat oder sich unwohl f\u00fchlt, gen\u00fcgt ein Druck auf den Notrufknopf im Zimmer, um in k\u00fcrzester Zeit \u00e4rztliche Hilfe zu holen.<\/p>\t\t\t\t\t\t\t\t<\/div>\n\t\t\t\t<\/div>\n\t\t\t\t\t<\/div>\n\t\t\t\t<\/div>\n\t\t\t\t\t<\/div>\n\t\t\t\t<\/div>\n\t\t\t\t<\/div>\n\t\t","protected":false},"excerpt":{"rendered":"<p>Unsere Ayurveda-Chef\u00e4rztin Unsere Chef\u00e4rztin, Frau Dr. Manikkam Neranjanadevi Amarathunga entstammt m\u00fctterlicher und v\u00e4terlicherseits einer traditionsreichen Familie von Ayurveda-\u00c4rzten. Schon als [&hellip;]<\/p>\n","protected":false},"author":1,"featured_media":4739,"parent":0,"menu_order":0,"comment_status":"closed","ping_status":"closed","template":"","meta":{"site-sidebar-layout":"no-sidebar","site-content-layout":"","ast-site-content-layout":"full-width-container","site-content-style":"default","site-sidebar-style":"default","ast-global-header-display":"","ast-banner-title-visibility":"","ast-main-header-display":"","ast-hfb-above-header-display":"","ast-hfb-below-header-display":"","ast-hfb-mobile-header-display":"","site-post-title":"disabled","ast-breadcrumbs-content":"","ast-featured-img":"disabled","footer-sml-layout":"","ast-disable-related-posts":"","theme-transparent-header-meta":"","adv-header-id-meta":"","stick-header-meta":"","header-above-stick-meta":"","header-main-stick-meta":"","header-below-stick-meta":"","astra-migrate-meta-layouts":"default","ast-page-background-enabled":"default","ast-page-background-meta":{"desktop":{"background-color":"var(--ast-global-color-4)","background-image":"","background-repeat":"repeat","background-position":"center center","background-size":"auto","background-attachment":"scroll","background-type":"","background-media":"","overlay-type":"","overlay-color":"","overlay-opacity":"","overlay-gradient":""},"tablet":{"background-color":"","background-image":"","background-repeat":"repeat","background-position":"center center","background-size":"auto","background-attachment":"scroll","background-type":"","background-media":"","overlay-type":"","overlay-color":"","overlay-opacity":"","overlay-gradient":""},"mobile":{"background-color":"","background-image":"","background-repeat":"repeat","background-position":"center center","background-size":"auto","background-attachment":"scroll","background-type":"","background-media":"","overlay-type":"","overlay-color":"","overlay-opacity":"","overlay-gradient":""}},"ast-content-background-meta":{"desktop":{"background-color":"var(--ast-global-color-5)","background-image":"","background-repeat":"repeat","background-position":"center center","background-size":"auto","background-attachment":"scroll","background-type":"","background-media":"","overlay-type":"","overlay-color":"","overlay-opacity":"","overlay-gradient":""},"tablet":{"background-color":"var(--ast-global-color-5)","background-image":"","background-repeat":"repeat","background-position":"center center","background-size":"auto","background-attachment":"scroll","background-type":"","background-media":"","overlay-type":"","overlay-color":"","overlay-opacity":"","overlay-gradient":""},"mobile":{"background-color":"var(--ast-global-color-5)","background-image":"","background-repeat":"repeat","background-position":"center center","background-size":"auto","background-attachment":"scroll","background-type":"","background-media":"","overlay-type":"","overlay-color":"","overlay-opacity":"","overlay-gradient":""}},"ngg_post_thumbnail":0,"footnotes":""},"class_list":["post-5092","page","type-page","status-publish","has-post-thumbnail","hentry"],"aioseo_notices":[],"_links":{"self":[{"href":"https:\/\/lotus-villa.com\/de\/wp-json\/wp\/v2\/pages\/5092","targetHints":{"allow":["GET"]}}],"collection":[{"href":"https:\/\/lotus-villa.com\/de\/wp-json\/wp\/v2\/pages"}],"about":[{"href":"https:\/\/lotus-villa.com\/de\/wp-json\/wp\/v2\/types\/page"}],"author":[{"embeddable":true,"href":"https:\/\/lotus-villa.com\/de\/wp-json\/wp\/v2\/users\/1"}],"replies":[{"embeddable":true,"href":"https:\/\/lotus-villa.com\/de\/wp-json\/wp\/v2\/comments?post=5092"}],"version-history":[{"count":4,"href":"https:\/\/lotus-villa.com\/de\/wp-json\/wp\/v2\/pages\/5092\/revisions"}],"predecessor-version":[{"id":5096,"href":"https:\/\/lotus-villa.com\/de\/wp-json\/wp\/v2\/pages\/5092\/revisions\/5096"}],"wp:featuredmedia":[{"embeddable":true,"href":"https:\/\/lotus-villa.com\/de\/wp-json\/wp\/v2\/media\/4739"}],"wp:attachment":[{"href":"https:\/\/lotus-villa.com\/de\/wp-json\/wp\/v2\/media?parent=5092"}],"curies":[{"name":"wp","href":"https:\/\/api.w.org\/{rel}","templated":true}]}}