{"id":5109,"date":"2024-06-03T07:46:37","date_gmt":"2024-06-03T07:46:37","guid":{"rendered":"https:\/\/testsite.lotus-villa.com\/cookery-demonstration\/"},"modified":"2024-06-04T10:02:34","modified_gmt":"2024-06-04T10:02:34","slug":"cookery-demonstration","status":"publish","type":"page","link":"https:\/\/lotus-villa.com\/de\/cookery-demonstration\/","title":{"rendered":"Kochkurs"},"content":{"rendered":"\t\t<div data-elementor-type=\"wp-page\" data-elementor-id=\"5109\" class=\"elementor elementor-5109 elementor-4784\">\n\t\t\t\t<div data-particle_enable=\"false\" data-particle-mobile-disabled=\"false\" class=\"elementor-element elementor-element-26330af e-flex e-con-boxed e-con e-parent\" data-id=\"26330af\" data-element_type=\"container\" data-e-type=\"container\">\n\t\t\t\t\t<div class=\"e-con-inner\">\n\t\t<div data-particle_enable=\"false\" data-particle-mobile-disabled=\"false\" class=\"elementor-element elementor-element-4c3844b e-flex e-con-boxed e-con e-child\" data-id=\"4c3844b\" data-element_type=\"container\" data-e-type=\"container\">\n\t\t\t\t\t<div class=\"e-con-inner\">\n\t\t<div data-particle_enable=\"false\" data-particle-mobile-disabled=\"false\" class=\"elementor-element elementor-element-3ecaa8a e-con-full e-flex e-con e-child\" data-id=\"3ecaa8a\" data-element_type=\"container\" data-e-type=\"container\">\n\t\t\t\t<div class=\"elementor-element elementor-element-3975474 elementor-widget elementor-widget-text-editor\" data-id=\"3975474\" data-element_type=\"widget\" data-e-type=\"widget\" data-widget_type=\"text-editor.default\">\n\t\t\t\t<div class=\"elementor-widget-container\">\n\t\t\t\t\t\t\t\t\tDie gesunde und dennoch \u00fcberaus wohlschmeckende K\u00fcche in der Lotus Villa ist kein Hexenwerk, und unsere Fachk\u00f6che lassen sich gerne \u00fcber die Schulter schauen. Nat\u00fcrlich d\u00fcrfen Sie bei unserer Einf\u00fchrung in ayurvedisches Kochen selbst mit Hand anlegen, die Rezepte mitnehmen und Ihre kulinarischen Highlights zuhause nachkochen.\n\t\t\t\t\t\t\t\t<\/div>\n\t\t\t\t<\/div>\n\t\t\t\t<\/div>\n\t\t<div data-particle_enable=\"false\" data-particle-mobile-disabled=\"false\" class=\"elementor-element elementor-element-3997bf4 e-flex e-con-boxed e-con e-child\" data-id=\"3997bf4\" data-element_type=\"container\" data-e-type=\"container\">\n\t\t\t\t\t<div class=\"e-con-inner\">\n\t\t\t\t<div class=\"elementor-element elementor-element-f63b47e elementor-widget elementor-widget-image\" data-id=\"f63b47e\" data-element_type=\"widget\" data-e-type=\"widget\" data-widget_type=\"image.default\">\n\t\t\t\t<div class=\"elementor-widget-container\">\n\t\t\t\t\t\t\t\t\t\t\t\t\t\t\t<img fetchpriority=\"high\" decoding=\"async\" width=\"830\" height=\"553\" src=\"https:\/\/lotus-villa.com\/wp-content\/uploads\/2024\/06\/DPP_0030.webp\" class=\"attachment-large size-large wp-image-4790\" alt=\"\" srcset=\"https:\/\/lotus-villa.com\/wp-content\/uploads\/2024\/06\/DPP_0030.webp 830w, https:\/\/lotus-villa.com\/wp-content\/uploads\/2024\/06\/DPP_0030-300x200.webp 300w, https:\/\/lotus-villa.com\/wp-content\/uploads\/2024\/06\/DPP_0030-768x512.webp 768w\" sizes=\"(max-width: 830px) 100vw, 830px\" \/>\t\t\t\t\t\t\t\t\t\t\t\t\t\t\t<\/div>\n\t\t\t\t<\/div>\n\t\t\t\t\t<\/div>\n\t\t\t\t<\/div>\n\t\t\t\t\t<\/div>\n\t\t\t\t<\/div>\n\t\t\t\t\t<\/div>\n\t\t\t\t<\/div>\n\t\t\t\t<\/div>\n\t\t","protected":false},"excerpt":{"rendered":"<p>Die gesunde und dennoch \u00fcberaus wohlschmeckende K\u00fcche in der Lotus Villa ist kein Hexenwerk, und unsere Fachk\u00f6che lassen sich gerne [&hellip;]<\/p>\n","protected":false},"author":1,"featured_media":4787,"parent":0,"menu_order":0,"comment_status":"closed","ping_status":"closed","template":"","meta":{"site-sidebar-layout":"no-sidebar","site-content-layout":"","ast-site-content-layout":"full-width-container","site-content-style":"default","site-sidebar-style":"default","ast-global-header-display":"","ast-banner-title-visibility":"","ast-main-header-display":"","ast-hfb-above-header-display":"","ast-hfb-below-header-display":"","ast-hfb-mobile-header-display":"","site-post-title":"disabled","ast-breadcrumbs-content":"","ast-featured-img":"disabled","footer-sml-layout":"","ast-disable-related-posts":"","theme-transparent-header-meta":"","adv-header-id-meta":"","stick-header-meta":"","header-above-stick-meta":"","header-main-stick-meta":"","header-below-stick-meta":"","astra-migrate-meta-layouts":"default","ast-page-background-enabled":"default","ast-page-background-meta":{"desktop":{"background-color":"var(--ast-global-color-4)","background-image":"","background-repeat":"repeat","background-position":"center center","background-size":"auto","background-attachment":"scroll","background-type":"","background-media":"","overlay-type":"","overlay-color":"","overlay-opacity":"","overlay-gradient":""},"tablet":{"background-color":"","background-image":"","background-repeat":"repeat","background-position":"center center","background-size":"auto","background-attachment":"scroll","background-type":"","background-media":"","overlay-type":"","overlay-color":"","overlay-opacity":"","overlay-gradient":""},"mobile":{"background-color":"","background-image":"","background-repeat":"repeat","background-position":"center center","background-size":"auto","background-attachment":"scroll","background-type":"","background-media":"","overlay-type":"","overlay-color":"","overlay-opacity":"","overlay-gradient":""}},"ast-content-background-meta":{"desktop":{"background-color":"var(--ast-global-color-5)","background-image":"","background-repeat":"repeat","background-position":"center center","background-size":"auto","background-attachment":"scroll","background-type":"","background-media":"","overlay-type":"","overlay-color":"","overlay-opacity":"","overlay-gradient":""},"tablet":{"background-color":"var(--ast-global-color-5)","background-image":"","background-repeat":"repeat","background-position":"center center","background-size":"auto","background-attachment":"scroll","background-type":"","background-media":"","overlay-type":"","overlay-color":"","overlay-opacity":"","overlay-gradient":""},"mobile":{"background-color":"var(--ast-global-color-5)","background-image":"","background-repeat":"repeat","background-position":"center center","background-size":"auto","background-attachment":"scroll","background-type":"","background-media":"","overlay-type":"","overlay-color":"","overlay-opacity":"","overlay-gradient":""}},"ngg_post_thumbnail":0,"footnotes":""},"class_list":["post-5109","page","type-page","status-publish","has-post-thumbnail","hentry"],"aioseo_notices":[],"_links":{"self":[{"href":"https:\/\/lotus-villa.com\/de\/wp-json\/wp\/v2\/pages\/5109","targetHints":{"allow":["GET"]}}],"collection":[{"href":"https:\/\/lotus-villa.com\/de\/wp-json\/wp\/v2\/pages"}],"about":[{"href":"https:\/\/lotus-villa.com\/de\/wp-json\/wp\/v2\/types\/page"}],"author":[{"embeddable":true,"href":"https:\/\/lotus-villa.com\/de\/wp-json\/wp\/v2\/users\/1"}],"replies":[{"embeddable":true,"href":"https:\/\/lotus-villa.com\/de\/wp-json\/wp\/v2\/comments?post=5109"}],"version-history":[{"count":4,"href":"https:\/\/lotus-villa.com\/de\/wp-json\/wp\/v2\/pages\/5109\/revisions"}],"predecessor-version":[{"id":5113,"href":"https:\/\/lotus-villa.com\/de\/wp-json\/wp\/v2\/pages\/5109\/revisions\/5113"}],"wp:featuredmedia":[{"embeddable":true,"href":"https:\/\/lotus-villa.com\/de\/wp-json\/wp\/v2\/media\/4787"}],"wp:attachment":[{"href":"https:\/\/lotus-villa.com\/de\/wp-json\/wp\/v2\/media?parent=5109"}],"curies":[{"name":"wp","href":"https:\/\/api.w.org\/{rel}","templated":true}]}}