{"id":5114,"date":"2024-06-03T08:03:17","date_gmt":"2024-06-03T08:03:17","guid":{"rendered":"https:\/\/testsite.lotus-villa.com\/evening-activities\/"},"modified":"2024-06-04T10:06:35","modified_gmt":"2024-06-04T10:06:35","slug":"evening-activities","status":"publish","type":"page","link":"https:\/\/lotus-villa.com\/de\/evening-activities\/","title":{"rendered":"Abendunterhaltung"},"content":{"rendered":"\t\t<div data-elementor-type=\"wp-page\" data-elementor-id=\"5114\" class=\"elementor elementor-5114 elementor-4795\">\n\t\t\t\t<div data-particle_enable=\"false\" data-particle-mobile-disabled=\"false\" class=\"elementor-element elementor-element-a690c2c e-flex e-con-boxed e-con e-parent\" data-id=\"a690c2c\" data-element_type=\"container\" data-e-type=\"container\">\n\t\t\t\t\t<div class=\"e-con-inner\">\n\t\t\t\t<div class=\"elementor-element elementor-element-620338a elementor-widget elementor-widget-text-editor\" data-id=\"620338a\" data-element_type=\"widget\" data-e-type=\"widget\" data-widget_type=\"text-editor.default\">\n\t\t\t\t<div class=\"elementor-widget-container\">\n\t\t\t\t\t\t\t\t\tDie Heilkraft von Ayurveda zielt nicht nur auf den K\u00f6rper, sondern auf die gesamte Pers\u00f6nlichkeit. Dass Sie im Urlaub hier Spa\u00df haben und sich rund um die Uhr wohl f\u00fchlen, hat deshalb durchaus einen ernstzunehmenden Hintergrund. Die wichtigsten Aktivit\u00e4ten, die wir Ihnen turnusm\u00e4\u00dfig bei jedem Zwei-Wochen-Aufenthalt anbieten, wollen wir hier vorstellen.\n\t\t\t\t\t\t\t\t<\/div>\n\t\t\t\t<\/div>\n\t\t\t\t\t<\/div>\n\t\t\t\t<\/div>\n\t\t<div data-particle_enable=\"false\" data-particle-mobile-disabled=\"false\" class=\"elementor-element elementor-element-26330af e-flex e-con-boxed e-con e-parent\" data-id=\"26330af\" data-element_type=\"container\" data-e-type=\"container\">\n\t\t\t\t\t<div class=\"e-con-inner\">\n\t\t<div data-particle_enable=\"false\" data-particle-mobile-disabled=\"false\" class=\"elementor-element elementor-element-4c3844b e-flex e-con-boxed e-con e-child\" data-id=\"4c3844b\" data-element_type=\"container\" data-e-type=\"container\">\n\t\t\t\t\t<div class=\"e-con-inner\">\n\t\t<div data-particle_enable=\"false\" data-particle-mobile-disabled=\"false\" class=\"elementor-element elementor-element-3ecaa8a e-con-full e-flex e-con e-child\" data-id=\"3ecaa8a\" data-element_type=\"container\" data-e-type=\"container\">\n\t\t\t\t<div class=\"elementor-element elementor-element-b0cf4b5 elementor-widget elementor-widget-heading\" data-id=\"b0cf4b5\" data-element_type=\"widget\" data-e-type=\"widget\" data-widget_type=\"heading.default\">\n\t\t\t\t<div class=\"elementor-widget-container\">\n\t\t\t\t\t<h4 class=\"elementor-heading-title elementor-size-default\">Vortr\u00e4ge<\/h4>\t\t\t\t<\/div>\n\t\t\t\t<\/div>\n\t\t\t\t<div class=\"elementor-element elementor-element-3975474 elementor-widget elementor-widget-text-editor\" data-id=\"3975474\" data-element_type=\"widget\" data-e-type=\"widget\" data-widget_type=\"text-editor.default\">\n\t\t\t\t<div class=\"elementor-widget-container\">\n\t\t\t\t\t\t\t\t\tSie kommen aus einem ganz anderen Kulturkreis, und vieles, was Sie als \u201eNewcomer\u201c im Rahmen Ihres Ayurveda-(K)urlaubs erleben, wird Ihnen zun\u00e4chst sehr fremd sein. Die Einf\u00fchrungsvortr\u00e4ge unserer \u00c4rzte informieren \u00fcber Unterschiede in der Lebensf\u00fchrung sowie die wichtigsten Grundlagen des Ayurveda, ausgehend von den drei Therapies\u00e4ulen Ern\u00e4hrung, Medizin und Anwendungen. Dazu bekommen Sie Anregungen, wie Sie zuhause ein ges\u00fcnderes und stressfreieres Leben f\u00fchren k\u00f6nnen.\n\t\t\t\t\t\t\t\t<\/div>\n\t\t\t\t<\/div>\n\t\t\t\t<\/div>\n\t\t\t\t\t<\/div>\n\t\t\t\t<\/div>\n\t\t<div data-particle_enable=\"false\" data-particle-mobile-disabled=\"false\" class=\"elementor-element elementor-element-a58b80d e-flex e-con-boxed e-con e-child\" data-id=\"a58b80d\" data-element_type=\"container\" data-e-type=\"container\">\n\t\t\t\t\t<div class=\"e-con-inner\">\n\t\t<div data-particle_enable=\"false\" data-particle-mobile-disabled=\"false\" class=\"elementor-element elementor-element-0c72c67 e-flex e-con-boxed e-con e-child\" data-id=\"0c72c67\" data-element_type=\"container\" data-e-type=\"container\">\n\t\t\t\t\t<div class=\"e-con-inner\">\n\t\t\t\t<div class=\"elementor-element elementor-element-cbe2988 elementor-widget elementor-widget-heading\" data-id=\"cbe2988\" data-element_type=\"widget\" data-e-type=\"widget\" data-widget_type=\"heading.default\">\n\t\t\t\t<div class=\"elementor-widget-container\">\n\t\t\t\t\t<h4 class=\"elementor-heading-title elementor-size-default\">Zauberschau<\/h4>\t\t\t\t<\/div>\n\t\t\t\t<\/div>\n\t\t\t\t<div class=\"elementor-element elementor-element-da2c9a6 elementor-widget elementor-widget-text-editor\" data-id=\"da2c9a6\" data-element_type=\"widget\" data-e-type=\"widget\" data-widget_type=\"text-editor.default\">\n\t\t\t\t<div class=\"elementor-widget-container\">\n\t\t\t\t\t\t\t\t\tSpa\u00df ist gesund \u2013 das sp\u00fcren Sie ganz sicher bei der \u201eMagic Show\u201c eines renommierten Zauberers, der (bei sch\u00f6nem Wetter unter freiem Himmel) scheinbar alle physikalischen Gesetze au\u00dfer Kraft setzt und sein Publikum ganz ohne Worte, daf\u00fcr aber mit viel Humor, zum Staunen bringt.\t\t\t\t\t\t\t\t<\/div>\n\t\t\t\t<\/div>\n\t\t\t\t\t<\/div>\n\t\t\t\t<\/div>\n\t\t\t\t\t<\/div>\n\t\t\t\t<\/div>\n\t\t<div data-particle_enable=\"false\" data-particle-mobile-disabled=\"false\" class=\"elementor-element elementor-element-1685245 e-flex e-con-boxed e-con e-child\" data-id=\"1685245\" data-element_type=\"container\" data-e-type=\"container\">\n\t\t\t\t\t<div class=\"e-con-inner\">\n\t\t<div data-particle_enable=\"false\" data-particle-mobile-disabled=\"false\" class=\"elementor-element elementor-element-a88facc e-flex e-con-boxed e-con e-child\" data-id=\"a88facc\" data-element_type=\"container\" data-e-type=\"container\">\n\t\t\t\t\t<div class=\"e-con-inner\">\n\t\t\t\t<div class=\"elementor-element elementor-element-d264f0e elementor-widget elementor-widget-heading\" data-id=\"d264f0e\" data-element_type=\"widget\" data-e-type=\"widget\" data-widget_type=\"heading.default\">\n\t\t\t\t<div class=\"elementor-widget-container\">\n\t\t\t\t\t<h4 class=\"elementor-heading-title elementor-size-default\">Serviettenfalten<\/h4>\t\t\t\t<\/div>\n\t\t\t\t<\/div>\n\t\t\t\t<div class=\"elementor-element elementor-element-57d9017 elementor-widget elementor-widget-text-editor\" data-id=\"57d9017\" data-element_type=\"widget\" data-e-type=\"widget\" data-widget_type=\"text-editor.default\">\n\t\t\t\t<div class=\"elementor-widget-container\">\n\t\t\t\t\t\t\t\t\tEs sorgt bei den G\u00e4sten jeden Tag aufs Neue f\u00fcr \u00dcberraschung, wie unsere Kellner die Stoffservietten in zahlreichen Varianten kunstvoll gefaltet haben. In einem kurzen Praxislehrgang zeigen sie Ihnen gerne, wie sich auf diese Weise der Tisch versch\u00f6nern l\u00e4sst.\t\t\t\t\t\t\t\t<\/div>\n\t\t\t\t<\/div>\n\t\t\t\t\t<\/div>\n\t\t\t\t<\/div>\n\t\t<div data-particle_enable=\"false\" data-particle-mobile-disabled=\"false\" class=\"elementor-element elementor-element-c515fda e-flex e-con-boxed e-con e-child\" data-id=\"c515fda\" data-element_type=\"container\" data-e-type=\"container\">\n\t\t\t\t\t<div class=\"e-con-inner\">\n\t\t\t\t<div class=\"elementor-element elementor-element-69fbc7f elementor-widget elementor-widget-image\" data-id=\"69fbc7f\" data-element_type=\"widget\" data-e-type=\"widget\" data-widget_type=\"image.default\">\n\t\t\t\t<div class=\"elementor-widget-container\">\n\t\t\t\t\t\t\t\t\t\t\t\t\t\t\t<img fetchpriority=\"high\" decoding=\"async\" width=\"768\" height=\"705\" src=\"https:\/\/lotus-villa.com\/wp-content\/uploads\/2024\/06\/DSC_2343_1959-768x705-1.webp\" class=\"attachment-large size-large wp-image-4807\" alt=\"\" srcset=\"https:\/\/lotus-villa.com\/wp-content\/uploads\/2024\/06\/DSC_2343_1959-768x705-1.webp 768w, https:\/\/lotus-villa.com\/wp-content\/uploads\/2024\/06\/DSC_2343_1959-768x705-1-300x275.webp 300w\" sizes=\"(max-width: 768px) 100vw, 768px\" \/>\t\t\t\t\t\t\t\t\t\t\t\t\t\t\t<\/div>\n\t\t\t\t<\/div>\n\t\t\t\t\t<\/div>\n\t\t\t\t<\/div>\n\t\t\t\t\t<\/div>\n\t\t\t\t<\/div>\n\t\t<div data-particle_enable=\"false\" data-particle-mobile-disabled=\"false\" class=\"elementor-element elementor-element-f8890ed e-flex e-con-boxed e-con e-child\" data-id=\"f8890ed\" data-element_type=\"container\" data-e-type=\"container\">\n\t\t\t\t\t<div class=\"e-con-inner\">\n\t\t<div data-particle_enable=\"false\" data-particle-mobile-disabled=\"false\" class=\"elementor-element elementor-element-a323e9a e-flex e-con-boxed e-con e-child\" data-id=\"a323e9a\" data-element_type=\"container\" data-e-type=\"container\">\n\t\t\t\t\t<div class=\"e-con-inner\">\n\t\t\t\t<div class=\"elementor-element elementor-element-524b641 elementor-widget elementor-widget-heading\" data-id=\"524b641\" data-element_type=\"widget\" data-e-type=\"widget\" data-widget_type=\"heading.default\">\n\t\t\t\t<div class=\"elementor-widget-container\">\n\t\t\t\t\t<h4 class=\"elementor-heading-title elementor-size-default\">Orientalische Band<\/h4>\t\t\t\t<\/div>\n\t\t\t\t<\/div>\n\t\t\t\t<div class=\"elementor-element elementor-element-b04d539 elementor-widget elementor-widget-text-editor\" data-id=\"b04d539\" data-element_type=\"widget\" data-e-type=\"widget\" data-widget_type=\"text-editor.default\">\n\t\t\t\t<div class=\"elementor-widget-container\">\n\t\t\t\t\t\t\t\t\tMusik ist international \u2013 das gilt besonders f\u00fcr die Musik aus Sri Lanka, denn in ihr vermischen sich vier verschiedene Einfl\u00fcsse: die traditionsreiche Volksmusik der Einheimischen, die Ges\u00e4nge der buddhistischen M\u00f6nche, europ\u00e4ische Melodien, die von Einwanderern in der Kolonialzeit mitgebracht wurden, und Kl\u00e4nge aus dem benachbarten Indien. Die orientalische Band, die regelm\u00e4\u00dfig in der Lotus Villa auftritt, macht daraus originelle Musik und spielt interessante Instrumente, zum Beispiel die Serpina, eine lokale Art des\t\t\t\t\t\t\t\t<\/div>\n\t\t\t\t<\/div>\n\t\t\t\t\t<\/div>\n\t\t\t\t<\/div>\n\t\t<div data-particle_enable=\"false\" data-particle-mobile-disabled=\"false\" class=\"elementor-element elementor-element-f190ff4 e-flex e-con-boxed e-con e-child\" data-id=\"f190ff4\" data-element_type=\"container\" data-e-type=\"container\">\n\t\t\t\t\t<div class=\"e-con-inner\">\n\t\t\t\t<div class=\"elementor-element elementor-element-255304c elementor-widget elementor-widget-image\" data-id=\"255304c\" data-element_type=\"widget\" data-e-type=\"widget\" data-widget_type=\"image.default\">\n\t\t\t\t<div class=\"elementor-widget-container\">\n\t\t\t\t\t\t\t\t\t\t\t\t\t\t\t<img decoding=\"async\" width=\"768\" height=\"512\" src=\"https:\/\/lotus-villa.com\/wp-content\/uploads\/2024\/06\/DPP_0001-4-768x512-1.webp\" class=\"attachment-large size-large wp-image-4801\" alt=\"\" srcset=\"https:\/\/lotus-villa.com\/wp-content\/uploads\/2024\/06\/DPP_0001-4-768x512-1.webp 768w, https:\/\/lotus-villa.com\/wp-content\/uploads\/2024\/06\/DPP_0001-4-768x512-1-300x200.webp 300w\" sizes=\"(max-width: 768px) 100vw, 768px\" \/>\t\t\t\t\t\t\t\t\t\t\t\t\t\t\t<\/div>\n\t\t\t\t<\/div>\n\t\t\t\t\t<\/div>\n\t\t\t\t<\/div>\n\t\t\t\t\t<\/div>\n\t\t\t\t<\/div>\n\t\t<div data-particle_enable=\"false\" data-particle-mobile-disabled=\"false\" class=\"elementor-element elementor-element-3c8c634 e-flex e-con-boxed e-con e-child\" data-id=\"3c8c634\" data-element_type=\"container\" data-e-type=\"container\">\n\t\t\t\t\t<div class=\"e-con-inner\">\n\t\t<div data-particle_enable=\"false\" data-particle-mobile-disabled=\"false\" class=\"elementor-element elementor-element-bc6fea7 e-flex e-con-boxed e-con e-child\" data-id=\"bc6fea7\" data-element_type=\"container\" data-e-type=\"container\">\n\t\t\t\t\t<div class=\"e-con-inner\">\n\t\t\t\t<div class=\"elementor-element elementor-element-3b948d7 elementor-widget elementor-widget-heading\" data-id=\"3b948d7\" data-element_type=\"widget\" data-e-type=\"widget\" data-widget_type=\"heading.default\">\n\t\t\t\t<div class=\"elementor-widget-container\">\n\t\t\t\t\t<h4 class=\"elementor-heading-title elementor-size-default\">Teufelstanz<\/h4>\t\t\t\t<\/div>\n\t\t\t\t<\/div>\n\t\t\t\t<div class=\"elementor-element elementor-element-7d20b7f elementor-widget elementor-widget-text-editor\" data-id=\"7d20b7f\" data-element_type=\"widget\" data-e-type=\"widget\" data-widget_type=\"text-editor.default\">\n\t\t\t\t<div class=\"elementor-widget-container\">\n\t\t\t\t\t\t\t\t\tZu ekstatischen Trommelrythmen tanzen maskierte M\u00e4nner um ein Arrangement aus Kokospalmzweigen und Bananenwurzeln und huldigen Yakka, einem D\u00e4monen aus der uralten Mythologie Sri Lankas. Der Teufelstanz geh\u00f6rt \u00fcberall im Land zum Brauchtum und wird auch regelm\u00e4\u00dfig im Garten der Lotus Villa\t\t\t\t\t\t\t\t<\/div>\n\t\t\t\t<\/div>\n\t\t\t\t\t<\/div>\n\t\t\t\t<\/div>\n\t\t<div data-particle_enable=\"false\" data-particle-mobile-disabled=\"false\" class=\"elementor-element elementor-element-955229a e-flex e-con-boxed e-con e-child\" data-id=\"955229a\" data-element_type=\"container\" data-e-type=\"container\">\n\t\t\t\t\t<div class=\"e-con-inner\">\n\t\t\t\t<div class=\"elementor-element elementor-element-2fbd5f8 elementor-widget elementor-widget-image\" data-id=\"2fbd5f8\" data-element_type=\"widget\" data-e-type=\"widget\" data-widget_type=\"image.default\">\n\t\t\t\t<div class=\"elementor-widget-container\">\n\t\t\t\t\t\t\t\t\t\t\t\t\t\t\t<img decoding=\"async\" width=\"406\" height=\"465\" src=\"https:\/\/lotus-villa.com\/wp-content\/uploads\/2024\/06\/DPP_0017-406x465-1.webp\" class=\"attachment-large size-large wp-image-4804\" alt=\"\" srcset=\"https:\/\/lotus-villa.com\/wp-content\/uploads\/2024\/06\/DPP_0017-406x465-1.webp 406w, https:\/\/lotus-villa.com\/wp-content\/uploads\/2024\/06\/DPP_0017-406x465-1-262x300.webp 262w\" sizes=\"(max-width: 406px) 100vw, 406px\" \/>\t\t\t\t\t\t\t\t\t\t\t\t\t\t\t<\/div>\n\t\t\t\t<\/div>\n\t\t\t\t\t<\/div>\n\t\t\t\t<\/div>\n\t\t\t\t\t<\/div>\n\t\t\t\t<\/div>\n\t\t\t\t\t<\/div>\n\t\t\t\t<\/div>\n\t\t<div data-particle_enable=\"false\" data-particle-mobile-disabled=\"false\" class=\"elementor-element elementor-element-7e20d9d e-flex e-con-boxed e-con e-child\" data-id=\"7e20d9d\" data-element_type=\"container\" data-e-type=\"container\">\n\t\t\t\t\t<div class=\"e-con-inner\">\n\t\t<div data-particle_enable=\"false\" data-particle-mobile-disabled=\"false\" class=\"elementor-element elementor-element-8d2ef95 e-con-full e-flex e-con e-child\" data-id=\"8d2ef95\" data-element_type=\"container\" data-e-type=\"container\">\n\t\t\t\t<div class=\"elementor-element elementor-element-e5649e2 elementor-widget elementor-widget-heading\" data-id=\"e5649e2\" data-element_type=\"widget\" data-e-type=\"widget\" data-widget_type=\"heading.default\">\n\t\t\t\t<div class=\"elementor-widget-container\">\n\t\t\t\t\t<h4 class=\"elementor-heading-title elementor-size-default\">Lotus Villa Band<\/h4>\t\t\t\t<\/div>\n\t\t\t\t<\/div>\n\t\t\t\t<div class=\"elementor-element elementor-element-051ec8d elementor-widget elementor-widget-text-editor\" data-id=\"051ec8d\" data-element_type=\"widget\" data-e-type=\"widget\" data-widget_type=\"text-editor.default\">\n\t\t\t\t<div class=\"elementor-widget-container\">\n\t\t\t\t\t\t\t\t\tSchon vor langer Zeit hat sich aus Teammitgliedern der Lotus Villa eine Calypso-Band formiert, die Sie ab und zu zum Abendessen unterh\u00e4lt.\t\t\t\t\t\t\t\t<\/div>\n\t\t\t\t<\/div>\n\t\t\t\t<div class=\"elementor-element elementor-element-bf58715 elementor-widget elementor-widget-heading\" data-id=\"bf58715\" data-element_type=\"widget\" data-e-type=\"widget\" data-widget_type=\"heading.default\">\n\t\t\t\t<div class=\"elementor-widget-container\">\n\t\t\t\t\t<h4 class=\"elementor-heading-title elementor-size-default\">Sinhala Grundkurs<\/h4>\t\t\t\t<\/div>\n\t\t\t\t<\/div>\n\t\t\t\t<div class=\"elementor-element elementor-element-a0aba04 elementor-widget elementor-widget-text-editor\" data-id=\"a0aba04\" data-element_type=\"widget\" data-e-type=\"widget\" data-widget_type=\"text-editor.default\">\n\t\t\t\t<div class=\"elementor-widget-container\">\n\t\t\t\t\t\t\t\t\tSinhala ist die Muttersprache von rund drei Vierteln der Einwohner Sri Lankas. Die richtige Aussprache erfordert von Europ\u00e4ern bisweilen etwas Zungenakrobatik, aber es macht Ihnen sicher Spa\u00df, ein paar Worte und einfache Konversationen in der Sprache Ihrer Gastgeber zu erlernen.\t\t\t\t\t\t\t\t<\/div>\n\t\t\t\t<\/div>\n\t\t\t\t<\/div>\n\t\t\t\t\t<\/div>\n\t\t\t\t<\/div>\n\t\t<div data-particle_enable=\"false\" data-particle-mobile-disabled=\"false\" class=\"elementor-element elementor-element-69b9e89 e-flex e-con-boxed e-con e-child\" data-id=\"69b9e89\" data-element_type=\"container\" data-e-type=\"container\">\n\t\t\t\t\t<div class=\"e-con-inner\">\n\t\t<div data-particle_enable=\"false\" data-particle-mobile-disabled=\"false\" class=\"elementor-element elementor-element-1303dbf e-flex e-con-boxed e-con e-child\" data-id=\"1303dbf\" data-element_type=\"container\" data-e-type=\"container\">\n\t\t\t\t\t<div class=\"e-con-inner\">\n\t\t\t\t<div class=\"elementor-element elementor-element-8da9a5e elementor-widget elementor-widget-heading\" data-id=\"8da9a5e\" data-element_type=\"widget\" data-e-type=\"widget\" data-widget_type=\"heading.default\">\n\t\t\t\t<div class=\"elementor-widget-container\">\n\t\t\t\t\t<h4 class=\"elementor-heading-title elementor-size-default\">Handlesen, Astrologie Navagraha Pooja<\/h4>\t\t\t\t<\/div>\n\t\t\t\t<\/div>\n\t\t\t\t<div class=\"elementor-element elementor-element-f37412d elementor-widget elementor-widget-text-editor\" data-id=\"f37412d\" data-element_type=\"widget\" data-e-type=\"widget\" data-widget_type=\"text-editor.default\">\n\t\t\t\t<div class=\"elementor-widget-container\">\n\t\t\t\t\t\t\t\t\tEsoterik, Geisterglauben, Wahrsagen und Parapsychologie sind auch heute noch weit verbreitet in Sri Lanka. Ob Sie sich als Gast damit besch\u00e4ftigen und das Eine oder Andere ernst nehmen, bleibt Ihnen absolut selbst \u00fcberlassen. F\u00fcr diejenigen, die sich ein bisschen darauf einlassen wollen, kommt regelm\u00e4\u00dfig ein Handleser in die Lotus Villa, der (gegen Geb\u00fchr) aus den Falten und der Hautbeschaffenheit der Handinnenfl\u00e4chen die Pers\u00f6nlichkeit und die Zukunft seiner Auftraggeber herausliest. \u00c4hnliches tut auch der Astrologe, der aus der Sternenkonstellation zum Zeitpunkt der Geburt viele Erkenntnisse \u00fcber seine Kunden ableitet. Interessant ist schlie\u00dflich auch das Ritual Navagrha Pooja, das dazu dienen soll, die negativen Strahlungen der neun Planeten zu neutralisieren.\t\t\t\t\t\t\t\t<\/div>\n\t\t\t\t<\/div>\n\t\t\t\t\t<\/div>\n\t\t\t\t<\/div>\n\t\t<div data-particle_enable=\"false\" data-particle-mobile-disabled=\"false\" class=\"elementor-element elementor-element-a372dbb e-flex e-con-boxed e-con e-child\" data-id=\"a372dbb\" data-element_type=\"container\" data-e-type=\"container\">\n\t\t\t\t\t<div class=\"e-con-inner\">\n\t\t\t\t<div class=\"elementor-element elementor-element-126d588 elementor-widget elementor-widget-image\" data-id=\"126d588\" data-element_type=\"widget\" data-e-type=\"widget\" data-widget_type=\"image.default\">\n\t\t\t\t<div class=\"elementor-widget-container\">\n\t\t\t\t\t\t\t\t\t\t\t\t\t\t\t<img loading=\"lazy\" decoding=\"async\" width=\"830\" height=\"553\" src=\"https:\/\/lotus-villa.com\/wp-content\/uploads\/2024\/06\/horoscope.webp\" class=\"attachment-large size-large wp-image-4810\" alt=\"\" srcset=\"https:\/\/lotus-villa.com\/wp-content\/uploads\/2024\/06\/horoscope.webp 830w, https:\/\/lotus-villa.com\/wp-content\/uploads\/2024\/06\/horoscope-300x200.webp 300w, https:\/\/lotus-villa.com\/wp-content\/uploads\/2024\/06\/horoscope-768x512.webp 768w\" sizes=\"(max-width: 830px) 100vw, 830px\" \/>\t\t\t\t\t\t\t\t\t\t\t\t\t\t\t<\/div>\n\t\t\t\t<\/div>\n\t\t\t\t\t<\/div>\n\t\t\t\t<\/div>\n\t\t\t\t\t<\/div>\n\t\t\t\t<\/div>\n\t\t\t\t<\/div>\n\t\t","protected":false},"excerpt":{"rendered":"<p>Die Heilkraft von Ayurveda zielt nicht nur auf den K\u00f6rper, sondern auf die gesamte Pers\u00f6nlichkeit. Dass Sie im Urlaub hier [&hellip;]<\/p>\n","protected":false},"author":1,"featured_media":4797,"parent":0,"menu_order":0,"comment_status":"closed","ping_status":"closed","template":"","meta":{"site-sidebar-layout":"no-sidebar","site-content-layout":"","ast-site-content-layout":"full-width-container","site-content-style":"default","site-sidebar-style":"default","ast-global-header-display":"","ast-banner-title-visibility":"","ast-main-header-display":"","ast-hfb-above-header-display":"","ast-hfb-below-header-display":"","ast-hfb-mobile-header-display":"","site-post-title":"disabled","ast-breadcrumbs-content":"","ast-featured-img":"disabled","footer-sml-layout":"","ast-disable-related-posts":"","theme-transparent-header-meta":"","adv-header-id-meta":"","stick-header-meta":"","header-above-stick-meta":"","header-main-stick-meta":"","header-below-stick-meta":"","astra-migrate-meta-layouts":"default","ast-page-background-enabled":"default","ast-page-background-meta":{"desktop":{"background-color":"var(--ast-global-color-4)","background-image":"","background-repeat":"repeat","background-position":"center center","background-size":"auto","background-attachment":"scroll","background-type":"","background-media":"","overlay-type":"","overlay-color":"","overlay-opacity":"","overlay-gradient":""},"tablet":{"background-color":"","background-image":"","background-repeat":"repeat","background-position":"center center","background-size":"auto","background-attachment":"scroll","background-type":"","background-media":"","overlay-type":"","overlay-color":"","overlay-opacity":"","overlay-gradient":""},"mobile":{"background-color":"","background-image":"","background-repeat":"repeat","background-position":"center center","background-size":"auto","background-attachment":"scroll","background-type":"","background-media":"","overlay-type":"","overlay-color":"","overlay-opacity":"","overlay-gradient":""}},"ast-content-background-meta":{"desktop":{"background-color":"var(--ast-global-color-5)","background-image":"","background-repeat":"repeat","background-position":"center center","background-size":"auto","background-attachment":"scroll","background-type":"","background-media":"","overlay-type":"","overlay-color":"","overlay-opacity":"","overlay-gradient":""},"tablet":{"background-color":"var(--ast-global-color-5)","background-image":"","background-repeat":"repeat","background-position":"center center","background-size":"auto","background-attachment":"scroll","background-type":"","background-media":"","overlay-type":"","overlay-color":"","overlay-opacity":"","overlay-gradient":""},"mobile":{"background-color":"var(--ast-global-color-5)","background-image":"","background-repeat":"repeat","background-position":"center center","background-size":"auto","background-attachment":"scroll","background-type":"","background-media":"","overlay-type":"","overlay-color":"","overlay-opacity":"","overlay-gradient":""}},"ngg_post_thumbnail":0,"footnotes":""},"class_list":["post-5114","page","type-page","status-publish","has-post-thumbnail","hentry"],"aioseo_notices":[],"_links":{"self":[{"href":"https:\/\/lotus-villa.com\/de\/wp-json\/wp\/v2\/pages\/5114","targetHints":{"allow":["GET"]}}],"collection":[{"href":"https:\/\/lotus-villa.com\/de\/wp-json\/wp\/v2\/pages"}],"about":[{"href":"https:\/\/lotus-villa.com\/de\/wp-json\/wp\/v2\/types\/page"}],"author":[{"embeddable":true,"href":"https:\/\/lotus-villa.com\/de\/wp-json\/wp\/v2\/users\/1"}],"replies":[{"embeddable":true,"href":"https:\/\/lotus-villa.com\/de\/wp-json\/wp\/v2\/comments?post=5114"}],"version-history":[{"count":4,"href":"https:\/\/lotus-villa.com\/de\/wp-json\/wp\/v2\/pages\/5114\/revisions"}],"predecessor-version":[{"id":5118,"href":"https:\/\/lotus-villa.com\/de\/wp-json\/wp\/v2\/pages\/5114\/revisions\/5118"}],"wp:featuredmedia":[{"embeddable":true,"href":"https:\/\/lotus-villa.com\/de\/wp-json\/wp\/v2\/media\/4797"}],"wp:attachment":[{"href":"https:\/\/lotus-villa.com\/de\/wp-json\/wp\/v2\/media?parent=5114"}],"curies":[{"name":"wp","href":"https:\/\/api.w.org\/{rel}","templated":true}]}}