{"id":5119,"date":"2024-06-03T08:31:56","date_gmt":"2024-06-03T08:31:56","guid":{"rendered":"https:\/\/testsite.lotus-villa.com\/excursions\/"},"modified":"2024-06-04T10:09:06","modified_gmt":"2024-06-04T10:09:06","slug":"excursions","status":"publish","type":"page","link":"https:\/\/lotus-villa.com\/de\/excursions\/","title":{"rendered":"Ausfl\u00fcge"},"content":{"rendered":"\t\t<div data-elementor-type=\"wp-page\" data-elementor-id=\"5119\" class=\"elementor elementor-5119 elementor-4827\">\n\t\t\t\t<div data-particle_enable=\"false\" data-particle-mobile-disabled=\"false\" class=\"elementor-element elementor-element-a690c2c e-flex e-con-boxed e-con e-parent\" data-id=\"a690c2c\" data-element_type=\"container\" data-e-type=\"container\">\n\t\t\t\t\t<div class=\"e-con-inner\">\n\t\t\t\t<div class=\"elementor-element elementor-element-620338a elementor-widget elementor-widget-text-editor\" data-id=\"620338a\" data-element_type=\"widget\" data-e-type=\"widget\" data-widget_type=\"text-editor.default\">\n\t\t\t\t<div class=\"elementor-widget-container\">\n\t\t\t\t\t\t\t\t\tSri Lanka ist unendlich reich an kulturellen und historischen Sehensw\u00fcrdigkeiten. Auf unseren sorgf\u00e4ltig organisierten Halbtagesausfl\u00fcgen zeigen wir Ihnen nicht nur ein paar besondere Highlights aus der Geschichte des Landes, sondern geben Ihnen auch Einblick in den typisch s\u00fcdasiatischen Lebensstil weitab von Stress und Hektik. Einige davon stellen wir Ihnen hier vor.\t\t\t\t\t\t\t\t<\/div>\n\t\t\t\t<\/div>\n\t\t\t\t\t<\/div>\n\t\t\t\t<\/div>\n\t\t<div data-particle_enable=\"false\" data-particle-mobile-disabled=\"false\" class=\"elementor-element elementor-element-26330af e-flex e-con-boxed e-con e-parent\" data-id=\"26330af\" data-element_type=\"container\" data-e-type=\"container\">\n\t\t\t\t\t<div class=\"e-con-inner\">\n\t\t<div data-particle_enable=\"false\" data-particle-mobile-disabled=\"false\" class=\"elementor-element elementor-element-1685245 e-flex e-con-boxed e-con e-child\" data-id=\"1685245\" data-element_type=\"container\" data-e-type=\"container\">\n\t\t\t\t\t<div class=\"e-con-inner\">\n\t\t<div data-particle_enable=\"false\" data-particle-mobile-disabled=\"false\" class=\"elementor-element elementor-element-a88facc e-flex e-con-boxed e-con e-child\" data-id=\"a88facc\" data-element_type=\"container\" data-e-type=\"container\">\n\t\t\t\t\t<div class=\"e-con-inner\">\n\t\t\t\t<div class=\"elementor-element elementor-element-d264f0e elementor-widget elementor-widget-heading\" data-id=\"d264f0e\" data-element_type=\"widget\" data-e-type=\"widget\" data-widget_type=\"heading.default\">\n\t\t\t\t<div class=\"elementor-widget-container\">\n\t\t\t\t\t<h4 class=\"elementor-heading-title elementor-size-default\">Der Kande Vihara Tempe<\/h4>\t\t\t\t<\/div>\n\t\t\t\t<\/div>\n\t\t\t\t<div class=\"elementor-element elementor-element-57d9017 elementor-widget elementor-widget-text-editor\" data-id=\"57d9017\" data-element_type=\"widget\" data-e-type=\"widget\" data-widget_type=\"text-editor.default\">\n\t\t\t\t<div class=\"elementor-widget-container\">\n\t\t\t\t\t\t\t\t\tKande Viharaya, auch der \u201eBergtempel\u201c genannt, ist einer der gr\u00f6\u00dften buddhistischen Tempel an der S\u00fcdk\u00fcste und liegt in der N\u00e4he der Stadt Aluthgama. \u00dcberragt wird er von einer 48 Meter hohen Buddha-Statue. Zu ihren F\u00fc\u00dfen finden sich eine Stupa, ein heiliger Bo-Baum, eine Reliquienkammer, ein Bilderhaus sowie verschiedene Schreine, die dem Gott Ganesh und weiteren G\u00f6ttern gewidmet sind. Alles zusammen ergibt ein wunderbares Ensemble ceylonesischer Sakralarchitektur.\t\t\t\t\t\t\t\t<\/div>\n\t\t\t\t<\/div>\n\t\t\t\t\t<\/div>\n\t\t\t\t<\/div>\n\t\t<div data-particle_enable=\"false\" data-particle-mobile-disabled=\"false\" class=\"elementor-element elementor-element-c515fda e-flex e-con-boxed e-con e-child\" data-id=\"c515fda\" data-element_type=\"container\" data-e-type=\"container\">\n\t\t\t\t\t<div class=\"e-con-inner\">\n\t\t\t\t<div class=\"elementor-element elementor-element-69fbc7f elementor-widget elementor-widget-image\" data-id=\"69fbc7f\" data-element_type=\"widget\" data-e-type=\"widget\" data-widget_type=\"image.default\">\n\t\t\t\t<div class=\"elementor-widget-container\">\n\t\t\t\t\t\t\t\t\t\t\t\t\t\t\t<img fetchpriority=\"high\" decoding=\"async\" width=\"830\" height=\"553\" src=\"https:\/\/lotus-villa.com\/wp-content\/uploads\/2024\/06\/Kande-Viharaya.webp\" class=\"attachment-large size-large wp-image-4843\" alt=\"\" srcset=\"https:\/\/lotus-villa.com\/wp-content\/uploads\/2024\/06\/Kande-Viharaya.webp 830w, https:\/\/lotus-villa.com\/wp-content\/uploads\/2024\/06\/Kande-Viharaya-300x200.webp 300w, https:\/\/lotus-villa.com\/wp-content\/uploads\/2024\/06\/Kande-Viharaya-768x512.webp 768w\" sizes=\"(max-width: 830px) 100vw, 830px\" \/>\t\t\t\t\t\t\t\t\t\t\t\t\t\t\t<\/div>\n\t\t\t\t<\/div>\n\t\t\t\t\t<\/div>\n\t\t\t\t<\/div>\n\t\t\t\t\t<\/div>\n\t\t\t\t<\/div>\n\t\t<div data-particle_enable=\"false\" data-particle-mobile-disabled=\"false\" class=\"elementor-element elementor-element-f8890ed e-flex e-con-boxed e-con e-child\" data-id=\"f8890ed\" data-element_type=\"container\" data-e-type=\"container\">\n\t\t\t\t\t<div class=\"e-con-inner\">\n\t\t<div data-particle_enable=\"false\" data-particle-mobile-disabled=\"false\" class=\"elementor-element elementor-element-a323e9a e-flex e-con-boxed e-con e-child\" data-id=\"a323e9a\" data-element_type=\"container\" data-e-type=\"container\">\n\t\t\t\t\t<div class=\"e-con-inner\">\n\t\t\t\t<div class=\"elementor-element elementor-element-524b641 elementor-widget elementor-widget-heading\" data-id=\"524b641\" data-element_type=\"widget\" data-e-type=\"widget\" data-widget_type=\"heading.default\">\n\t\t\t\t<div class=\"elementor-widget-container\">\n\t\t\t\t\t<h4 class=\"elementor-heading-title elementor-size-default\">Der Dorfmarkt in Uragaha<\/h4>\t\t\t\t<\/div>\n\t\t\t\t<\/div>\n\t\t\t\t<div class=\"elementor-element elementor-element-b04d539 elementor-widget elementor-widget-text-editor\" data-id=\"b04d539\" data-element_type=\"widget\" data-e-type=\"widget\" data-widget_type=\"text-editor.default\">\n\t\t\t\t<div class=\"elementor-widget-container\">\n\t\t\t\t\t\t\t\t\tEtwa 80 Prozent der Bev\u00f6lkerung Sri Lankas lebt in l\u00e4ndlichen Gebieten. Den Dorfm\u00e4rkten, die sich an zentralen Pl\u00e4tzen gebildet haben, kommt eine wichtige Rolle bei der Versorgung zu. Dort werden zum Beispiel Obst und Gem\u00fcse, Fisch, Kr\u00e4uter, Gew\u00fcrze, S\u00fc\u00dfigkeiten und Haushaltswaren von Produzenten und H\u00e4ndlern angeboten und von Kunden aus der ganzen Region zu g\u00fcnstigen Preisen erworben. Ein Bummel \u00fcber den Markt bietet Ihnen unvergessliche Eindr\u00fccke vom Leben der Landbev\u00f6lkerung.\t\t\t\t\t\t\t\t<\/div>\n\t\t\t\t<\/div>\n\t\t\t\t\t<\/div>\n\t\t\t\t<\/div>\n\t\t<div data-particle_enable=\"false\" data-particle-mobile-disabled=\"false\" class=\"elementor-element elementor-element-f190ff4 e-flex e-con-boxed e-con e-child\" data-id=\"f190ff4\" data-element_type=\"container\" data-e-type=\"container\">\n\t\t\t\t\t<div class=\"e-con-inner\">\n\t\t\t\t<div class=\"elementor-element elementor-element-255304c elementor-widget elementor-widget-image\" data-id=\"255304c\" data-element_type=\"widget\" data-e-type=\"widget\" data-widget_type=\"image.default\">\n\t\t\t\t<div class=\"elementor-widget-container\">\n\t\t\t\t\t\t\t\t\t\t\t\t\t\t\t<img decoding=\"async\" width=\"830\" height=\"467\" src=\"https:\/\/lotus-villa.com\/wp-content\/uploads\/2024\/06\/DPP_0005.webp\" class=\"attachment-large size-large wp-image-4834\" alt=\"\" srcset=\"https:\/\/lotus-villa.com\/wp-content\/uploads\/2024\/06\/DPP_0005.webp 830w, https:\/\/lotus-villa.com\/wp-content\/uploads\/2024\/06\/DPP_0005-300x169.webp 300w, https:\/\/lotus-villa.com\/wp-content\/uploads\/2024\/06\/DPP_0005-768x432.webp 768w\" sizes=\"(max-width: 830px) 100vw, 830px\" \/>\t\t\t\t\t\t\t\t\t\t\t\t\t\t\t<\/div>\n\t\t\t\t<\/div>\n\t\t\t\t\t<\/div>\n\t\t\t\t<\/div>\n\t\t\t\t\t<\/div>\n\t\t\t\t<\/div>\n\t\t<div data-particle_enable=\"false\" data-particle-mobile-disabled=\"false\" class=\"elementor-element elementor-element-3c8c634 e-flex e-con-boxed e-con e-child\" data-id=\"3c8c634\" data-element_type=\"container\" data-e-type=\"container\">\n\t\t\t\t\t<div class=\"e-con-inner\">\n\t\t<div data-particle_enable=\"false\" data-particle-mobile-disabled=\"false\" class=\"elementor-element elementor-element-bc6fea7 e-flex e-con-boxed e-con e-child\" data-id=\"bc6fea7\" data-element_type=\"container\" data-e-type=\"container\">\n\t\t\t\t\t<div class=\"e-con-inner\">\n\t\t\t\t<div class=\"elementor-element elementor-element-3b948d7 elementor-widget elementor-widget-heading\" data-id=\"3b948d7\" data-element_type=\"widget\" data-e-type=\"widget\" data-widget_type=\"heading.default\">\n\t\t\t\t<div class=\"elementor-widget-container\">\n\t\t\t\t\t<h4 class=\"elementor-heading-title elementor-size-default\">Das Fort von Galle<\/h4>\t\t\t\t<\/div>\n\t\t\t\t<\/div>\n\t\t\t\t<div class=\"elementor-element elementor-element-7d20b7f elementor-widget elementor-widget-text-editor\" data-id=\"7d20b7f\" data-element_type=\"widget\" data-e-type=\"widget\" data-widget_type=\"text-editor.default\">\n\t\t\t\t<div class=\"elementor-widget-container\">\n\t\t\t\t\t\t\t\t\tDie Provinzstadt Galle beherbergt eine der prominentesten Sehensw\u00fcrdigkeiten, die an der S\u00fcdk\u00fcste zu finden sind: das Fort, das auf portugiesische Festungsanlagen aus dem fr\u00fchen 16. Jahrhundert zur\u00fcckgeht und im 18. Jahrhundert von den Holl\u00e4ndern errichtet wurde. Zu dem Komplex geh\u00f6rten eine gro\u00dfe protestantische Kirche, die Kommandeursresidenz, ein Kanonenturm, das Arsenal, Verwaltungsgeb\u00e4ude, ein ganzes Wohnviertel, Warenlager, L\u00e4den und Handwerkerbetriebe zum Beispiel von Schreinern und Seilmachern. Heute finden sich dort ein paar Boutiquehotels, Verwaltungsb\u00fcros und einige kleine L\u00e4den. Der gr\u00f6\u00dfte Teil der Anlage ist jedoch als historisches Denkmal erhalten geblieben, wurde von der UNESCO als Weltkulturerbe anerkannt und beeindruckt auch heute noch die Besucher durch seinen Mix aus europ\u00e4ischer Architektur mit asiatischen Einfl\u00fcssen.\t\t\t\t\t\t\t\t<\/div>\n\t\t\t\t<\/div>\n\t\t\t\t\t<\/div>\n\t\t\t\t<\/div>\n\t\t<div data-particle_enable=\"false\" data-particle-mobile-disabled=\"false\" class=\"elementor-element elementor-element-955229a e-flex e-con-boxed e-con e-child\" data-id=\"955229a\" data-element_type=\"container\" data-e-type=\"container\">\n\t\t\t\t\t<div class=\"e-con-inner\">\n\t\t\t\t<div class=\"elementor-element elementor-element-2fbd5f8 elementor-widget elementor-widget-image\" data-id=\"2fbd5f8\" data-element_type=\"widget\" data-e-type=\"widget\" data-widget_type=\"image.default\">\n\t\t\t\t<div class=\"elementor-widget-container\">\n\t\t\t\t\t\t\t\t\t\t\t\t\t\t\t<img decoding=\"async\" width=\"830\" height=\"506\" src=\"https:\/\/lotus-villa.com\/wp-content\/uploads\/2024\/06\/Galle_Fort_Walk_a_local_slider_10.webp\" class=\"attachment-large size-large wp-image-4837\" alt=\"\" srcset=\"https:\/\/lotus-villa.com\/wp-content\/uploads\/2024\/06\/Galle_Fort_Walk_a_local_slider_10.webp 830w, https:\/\/lotus-villa.com\/wp-content\/uploads\/2024\/06\/Galle_Fort_Walk_a_local_slider_10-300x183.webp 300w, https:\/\/lotus-villa.com\/wp-content\/uploads\/2024\/06\/Galle_Fort_Walk_a_local_slider_10-768x468.webp 768w\" sizes=\"(max-width: 830px) 100vw, 830px\" \/>\t\t\t\t\t\t\t\t\t\t\t\t\t\t\t<\/div>\n\t\t\t\t<\/div>\n\t\t\t\t\t<\/div>\n\t\t\t\t<\/div>\n\t\t\t\t\t<\/div>\n\t\t\t\t<\/div>\n\t\t\t\t\t<\/div>\n\t\t\t\t<\/div>\n\t\t<div data-particle_enable=\"false\" data-particle-mobile-disabled=\"false\" class=\"elementor-element elementor-element-69b9e89 e-flex e-con-boxed e-con e-child\" data-id=\"69b9e89\" data-element_type=\"container\" data-e-type=\"container\">\n\t\t\t\t\t<div class=\"e-con-inner\">\n\t\t<div data-particle_enable=\"false\" data-particle-mobile-disabled=\"false\" class=\"elementor-element elementor-element-1303dbf e-flex e-con-boxed e-con e-child\" data-id=\"1303dbf\" data-element_type=\"container\" data-e-type=\"container\">\n\t\t\t\t\t<div class=\"e-con-inner\">\n\t\t\t\t<div class=\"elementor-element elementor-element-8da9a5e elementor-widget elementor-widget-heading\" data-id=\"8da9a5e\" data-element_type=\"widget\" data-e-type=\"widget\" data-widget_type=\"heading.default\">\n\t\t\t\t<div class=\"elementor-widget-container\">\n\t\t\t\t\t<h4 class=\"elementor-heading-title elementor-size-default\">\nDie Mondsteinmine in Meetiyagoda<\/h4>\t\t\t\t<\/div>\n\t\t\t\t<\/div>\n\t\t\t\t<div class=\"elementor-element elementor-element-f37412d elementor-widget elementor-widget-text-editor\" data-id=\"f37412d\" data-element_type=\"widget\" data-e-type=\"widget\" data-widget_type=\"text-editor.default\">\n\t\t\t\t<div class=\"elementor-widget-container\">\n\t\t\t\t\t\t\t\t\tMondsteine sind Halbedelsteine. Die alten Griechen gaben ihnen den Namen, weil sie den eigenartigen Schein der transparenten Steine f\u00fcr eingefangenes Mondlicht hielten. Es gibt sie in zahlreichen Farbvarianten, die edelsten und teuersten haben einen blauen Schimmer und werden in der Mine von Meetiyagoda gefunden. Erleben Sie dort, wie das schlammige Ger\u00f6ll aus einer tiefen Mine geholt, dann \u00e4hnlich dem Goldwaschen von Schlamm und Lehm gereinigt und nach den seltenen Halbedelsteinen durchsucht wird. In der Schleiferei werden die Fundst\u00fccke dann in Form gebracht und zu h\u00fcbschem Schmuck verarbeitet. Nat\u00fcrlich besteht auch die M\u00f6glichkeit zum Einkauf.\t\t\t\t\t\t\t\t<\/div>\n\t\t\t\t<\/div>\n\t\t\t\t\t<\/div>\n\t\t\t\t<\/div>\n\t\t<div data-particle_enable=\"false\" data-particle-mobile-disabled=\"false\" class=\"elementor-element elementor-element-a372dbb e-flex e-con-boxed e-con e-child\" data-id=\"a372dbb\" data-element_type=\"container\" data-e-type=\"container\">\n\t\t\t\t\t<div class=\"e-con-inner\">\n\t\t\t\t<div class=\"elementor-element elementor-element-126d588 elementor-widget elementor-widget-image\" data-id=\"126d588\" data-element_type=\"widget\" data-e-type=\"widget\" data-widget_type=\"image.default\">\n\t\t\t\t<div class=\"elementor-widget-container\">\n\t\t\t\t\t\t\t\t\t\t\t\t\t\t\t<img loading=\"lazy\" decoding=\"async\" width=\"768\" height=\"489\" src=\"https:\/\/lotus-villa.com\/wp-content\/uploads\/2024\/06\/Moonstone-mine-768x489-1.webp\" class=\"attachment-large size-large wp-image-4846\" alt=\"\" srcset=\"https:\/\/lotus-villa.com\/wp-content\/uploads\/2024\/06\/Moonstone-mine-768x489-1.webp 768w, https:\/\/lotus-villa.com\/wp-content\/uploads\/2024\/06\/Moonstone-mine-768x489-1-300x191.webp 300w\" sizes=\"(max-width: 768px) 100vw, 768px\" \/>\t\t\t\t\t\t\t\t\t\t\t\t\t\t\t<\/div>\n\t\t\t\t<\/div>\n\t\t\t\t\t<\/div>\n\t\t\t\t<\/div>\n\t\t\t\t\t<\/div>\n\t\t\t\t<\/div>\n\t\t<div data-particle_enable=\"false\" data-particle-mobile-disabled=\"false\" class=\"elementor-element elementor-element-baa73fc e-flex e-con-boxed e-con e-child\" data-id=\"baa73fc\" data-element_type=\"container\" data-e-type=\"container\">\n\t\t\t\t\t<div class=\"e-con-inner\">\n\t\t<div data-particle_enable=\"false\" data-particle-mobile-disabled=\"false\" class=\"elementor-element elementor-element-943ee26 e-flex e-con-boxed e-con e-child\" data-id=\"943ee26\" data-element_type=\"container\" data-e-type=\"container\">\n\t\t\t\t\t<div class=\"e-con-inner\">\n\t\t\t\t<div class=\"elementor-element elementor-element-74733cb elementor-widget elementor-widget-heading\" data-id=\"74733cb\" data-element_type=\"widget\" data-e-type=\"widget\" data-widget_type=\"heading.default\">\n\t\t\t\t<div class=\"elementor-widget-container\">\n\t\t\t\t\t<h4 class=\"elementor-heading-title elementor-size-default\">Die Lagunen - Tour nach Madu Ganga<\/h4>\t\t\t\t<\/div>\n\t\t\t\t<\/div>\n\t\t\t\t<div class=\"elementor-element elementor-element-eaef7c1 elementor-widget elementor-widget-text-editor\" data-id=\"eaef7c1\" data-element_type=\"widget\" data-e-type=\"widget\" data-widget_type=\"text-editor.default\">\n\t\t\t\t<div class=\"elementor-widget-container\">\n\t\t\t\t\t\t\t\t\tDer Madu Fluss verzweigt sich an seiner M\u00fcndung in ein riesiges Delta mit 64 Inseln und weitl\u00e4ufigen Mangrovenw\u00e4ldern entlang den Ufern. Die gr\u00f6\u00dferen Inseln sind von Fischern und Zimtbauern bewohnt, weite Fl\u00e4chen des Deltas bilden jedoch ein einmaliges Biotop mit einem fantastischen Artenreichtum an Tieren und Pflanzen. Nach kurzer Busfahrt von der Lotus Villa zum Fluss steigen Sie in ein Boot um und erhalten auf der rund zweist\u00fcndigen Tour faszinierende Einblicke in dieses weltweit einmalige \u00d6kosystem.\t\t\t\t\t\t\t\t<\/div>\n\t\t\t\t<\/div>\n\t\t\t\t\t<\/div>\n\t\t\t\t<\/div>\n\t\t<div data-particle_enable=\"false\" data-particle-mobile-disabled=\"false\" class=\"elementor-element elementor-element-7379f1d e-flex e-con-boxed e-con e-child\" data-id=\"7379f1d\" data-element_type=\"container\" data-e-type=\"container\">\n\t\t\t\t\t<div class=\"e-con-inner\">\n\t\t\t\t<div class=\"elementor-element elementor-element-5525159 elementor-widget elementor-widget-image\" data-id=\"5525159\" data-element_type=\"widget\" data-e-type=\"widget\" data-widget_type=\"image.default\">\n\t\t\t\t<div class=\"elementor-widget-container\">\n\t\t\t\t\t\t\t\t\t\t\t\t\t\t\t<img loading=\"lazy\" decoding=\"async\" width=\"830\" height=\"553\" src=\"https:\/\/lotus-villa.com\/wp-content\/uploads\/2024\/06\/IMG_10341.webp\" class=\"attachment-large size-large wp-image-4840\" alt=\"\" srcset=\"https:\/\/lotus-villa.com\/wp-content\/uploads\/2024\/06\/IMG_10341.webp 830w, https:\/\/lotus-villa.com\/wp-content\/uploads\/2024\/06\/IMG_10341-300x200.webp 300w, https:\/\/lotus-villa.com\/wp-content\/uploads\/2024\/06\/IMG_10341-768x512.webp 768w\" sizes=\"(max-width: 830px) 100vw, 830px\" \/>\t\t\t\t\t\t\t\t\t\t\t\t\t\t\t<\/div>\n\t\t\t\t<\/div>\n\t\t\t\t\t<\/div>\n\t\t\t\t<\/div>\n\t\t\t\t\t<\/div>\n\t\t\t\t<\/div>\n\t\t\t\t<\/div>\n\t\t","protected":false},"excerpt":{"rendered":"<p>Sri Lanka ist unendlich reich an kulturellen und historischen Sehensw\u00fcrdigkeiten. Auf unseren sorgf\u00e4ltig organisierten Halbtagesausfl\u00fcgen zeigen wir Ihnen nicht nur [&hellip;]<\/p>\n","protected":false},"author":1,"featured_media":4829,"parent":0,"menu_order":0,"comment_status":"closed","ping_status":"closed","template":"","meta":{"site-sidebar-layout":"no-sidebar","site-content-layout":"","ast-site-content-layout":"full-width-container","site-content-style":"default","site-sidebar-style":"default","ast-global-header-display":"","ast-banner-title-visibility":"","ast-main-header-display":"","ast-hfb-above-header-display":"","ast-hfb-below-header-display":"","ast-hfb-mobile-header-display":"","site-post-title":"disabled","ast-breadcrumbs-content":"","ast-featured-img":"disabled","footer-sml-layout":"","ast-disable-related-posts":"","theme-transparent-header-meta":"","adv-header-id-meta":"","stick-header-meta":"","header-above-stick-meta":"","header-main-stick-meta":"","header-below-stick-meta":"","astra-migrate-meta-layouts":"default","ast-page-background-enabled":"default","ast-page-background-meta":{"desktop":{"background-color":"var(--ast-global-color-4)","background-image":"","background-repeat":"repeat","background-position":"center center","background-size":"auto","background-attachment":"scroll","background-type":"","background-media":"","overlay-type":"","overlay-color":"","overlay-opacity":"","overlay-gradient":""},"tablet":{"background-color":"","background-image":"","background-repeat":"repeat","background-position":"center center","background-size":"auto","background-attachment":"scroll","background-type":"","background-media":"","overlay-type":"","overlay-color":"","overlay-opacity":"","overlay-gradient":""},"mobile":{"background-color":"","background-image":"","background-repeat":"repeat","background-position":"center center","background-size":"auto","background-attachment":"scroll","background-type":"","background-media":"","overlay-type":"","overlay-color":"","overlay-opacity":"","overlay-gradient":""}},"ast-content-background-meta":{"desktop":{"background-color":"var(--ast-global-color-5)","background-image":"","background-repeat":"repeat","background-position":"center center","background-size":"auto","background-attachment":"scroll","background-type":"","background-media":"","overlay-type":"","overlay-color":"","overlay-opacity":"","overlay-gradient":""},"tablet":{"background-color":"var(--ast-global-color-5)","background-image":"","background-repeat":"repeat","background-position":"center center","background-size":"auto","background-attachment":"scroll","background-type":"","background-media":"","overlay-type":"","overlay-color":"","overlay-opacity":"","overlay-gradient":""},"mobile":{"background-color":"var(--ast-global-color-5)","background-image":"","background-repeat":"repeat","background-position":"center center","background-size":"auto","background-attachment":"scroll","background-type":"","background-media":"","overlay-type":"","overlay-color":"","overlay-opacity":"","overlay-gradient":""}},"ngg_post_thumbnail":0,"footnotes":""},"class_list":["post-5119","page","type-page","status-publish","has-post-thumbnail","hentry"],"aioseo_notices":[],"_links":{"self":[{"href":"https:\/\/lotus-villa.com\/de\/wp-json\/wp\/v2\/pages\/5119","targetHints":{"allow":["GET"]}}],"collection":[{"href":"https:\/\/lotus-villa.com\/de\/wp-json\/wp\/v2\/pages"}],"about":[{"href":"https:\/\/lotus-villa.com\/de\/wp-json\/wp\/v2\/types\/page"}],"author":[{"embeddable":true,"href":"https:\/\/lotus-villa.com\/de\/wp-json\/wp\/v2\/users\/1"}],"replies":[{"embeddable":true,"href":"https:\/\/lotus-villa.com\/de\/wp-json\/wp\/v2\/comments?post=5119"}],"version-history":[{"count":4,"href":"https:\/\/lotus-villa.com\/de\/wp-json\/wp\/v2\/pages\/5119\/revisions"}],"predecessor-version":[{"id":5123,"href":"https:\/\/lotus-villa.com\/de\/wp-json\/wp\/v2\/pages\/5119\/revisions\/5123"}],"wp:featuredmedia":[{"embeddable":true,"href":"https:\/\/lotus-villa.com\/de\/wp-json\/wp\/v2\/media\/4829"}],"wp:attachment":[{"href":"https:\/\/lotus-villa.com\/de\/wp-json\/wp\/v2\/media?parent=5119"}],"curies":[{"name":"wp","href":"https:\/\/api.w.org\/{rel}","templated":true}]}}